{"id":628,"date":"2025-09-01T12:43:08","date_gmt":"2025-09-01T12:43:08","guid":{"rendered":"https:\/\/cyan-baboon-360649.hostingersite.com\/?page_id=628"},"modified":"2026-01-06T07:59:56","modified_gmt":"2026-01-06T07:59:56","slug":"%ea%b5%ad%ec%a0%9c%ed%95%99%ea%b5%90-%ec%a4%80%eb%b9%84%eb%b0%98","status":"publish","type":"page","link":"https:\/\/belae4uacademy.com\/vi\/%ea%b5%ad%ec%a0%9c%ed%95%99%ea%b5%90-%ec%a4%80%eb%b9%84%eb%b0%98\/","title":{"rendered":"L\u1edbp d\u1ef1 b\u1ecb Tr\u01b0\u1eddng Qu\u1ed1c t\u1ebf"},"content":{"rendered":"<div data-elementor-type=\"wp-page\" data-elementor-id=\"628\" class=\"elementor elementor-628\">\n\t\t\t\t<div class=\"elementor-element elementor-element-2a35908 e-con-full e-flex e-con e-parent\" data-id=\"2a35908\" data-element_type=\"container\" data-e-type=\"container\">\n\t\t\t\t<div class=\"elementor-element elementor-element-86972ca elementor-widget elementor-widget-text-editor\" data-id=\"86972ca\" data-element_type=\"widget\" data-e-type=\"widget\" data-widget_type=\"text-editor.default\">\n\t\t\t\t\t\t\t\t\t<ul><li>T\u1eeb th\u1ee9 Hai \u0111\u1ebfn th\u1ee9 S\u00e1u, ch\u00fang t\u00f4i cung c\u1ea5p c\u00e1c l\u1edbp h\u1ecdc 1:1 v\u1edbi gi\u00e1o vi\u00ean b\u1ea3n ng\u1eef Philippines trong h\u01a1n 6 gi\u1edd m\u1ed7i ng\u00e0y.<\/li><li data-start=\"54\" data-end=\"124\">Gi\u00e1o vi\u00ean Philippines b\u1ea3n ng\u1eef chuy\u00ean v\u1ec1 l\u1edbp chu\u1ea9n b\u1ecb cho tr\u01b0\u1eddng qu\u1ed1c t\u1ebf s\u1ebd cung c\u1ea5p 2 gi\u1edd h\u1ecdc m\u1ed7i ng\u00e0y v\u1ec1 ghi nh\u1edb thu\u1eadt ng\u1eef to\u00e1n h\u1ecdc v\u00e0 khoa h\u1ecdc, c\u0169ng nh\u01b0 gi\u1ea3i c\u00e1c c\u00e2u h\u1ecfi trong b\u00e0i thi th\u1eed.<\/li><li data-start=\"127\" data-end=\"163\">Ch\u00fang t\u00f4i cung c\u1ea5p l\u1edbp h\u1ecdc chu\u1ea9n b\u1ecb ph\u1ecfng v\u1ea5n nh\u1eadp h\u1ecdc tr\u01b0\u1eddng qu\u1ed1c t\u1ebf m\u1ed7i ng\u00e0y 1 gi\u1edd.<\/li><li data-start=\"166\" data-end=\"208\">M\u1ed7i t\u1ed1i, gi\u00e1o vi\u00ean s\u1ebd tr\u1ef1c ti\u1ebfp gi\u1ea3ng d\u1ea1y c\u00e1c b\u00e0i t\u1eadp gi\u1ea3i quy\u1ebft v\u1ea5n \u0111\u1ec1 v\u1ec1 ti\u1ebfng Anh v\u00e0 to\u00e1n h\u1ecdc trong gi\u1edd h\u1ecdc.<\/li><li data-start=\"211\" data-end=\"230\">M\u1ed7i th\u1ee9 S\u00e1u h\u00e0ng tu\u1ea7n, ch\u00fang t\u00f4i t\u1ed5 ch\u1ee9c k\u1ef3 thi th\u1eed.<\/li><li data-start=\"233\" data-end=\"265\">M\u1ed7i ng\u00e0y, ch\u00fang t\u00f4i giao nhi\u1ec7m v\u1ee5 vi\u1ebft v\u00e0 ch\u1ec9nh s\u1eeda b\u00e0i lu\u1eadn v\u1edbi c\u00e1c ch\u1ee7 \u0111\u1ec1 kh\u00e1c nhau.<\/li><li data-start=\"268\" data-end=\"319\">H\u00e0ng ng\u00e0y, h\u1ecdc sinh \u0111\u01b0\u1ee3c giao nhi\u1ec7m v\u1ee5 ghi nh\u1edb t\u1eeb v\u1ef1ng v\u00e0 m\u1eabu c\u00e2u, v\u00e0 v\u00e0o th\u1ee9 Hai v\u00e0 th\u1ee9 N\u0103m h\u00e0ng tu\u1ea7n, h\u1ecdc sinh s\u1ebd \u00f4n t\u1eadp l\u1ea1i.<\/li><li data-start=\"322\" data-end=\"356\">H\u1ecdc sinh th\u1ef1c hi\u1ec7n ho\u1ea1t \u0111\u1ed9ng t\u1ea1o c\u00e2u b\u1eb1ng c\u00e1ch s\u1eed d\u1ee5ng c\u00e1c t\u1eeb \u0111\u00e3 h\u1ecdc thu\u1ed9c l\u00f2ng.<\/li><li data-start=\"359\" data-end=\"419\">M\u1ed7i th\u1ee9 B\u1ea3y h\u00e0ng tu\u1ea7n, ch\u00fang t\u00f4i t\u1ed5 ch\u1ee9c c\u00e1c ho\u1ea1t \u0111\u1ed9ng tr\u1ea3i nghi\u1ec7m v\u00e0 du l\u1ecbch \u0111\u1ecba ph\u01b0\u01a1ng \u0111a d\u1ea1ng (v\u00ed d\u1ee5: c\u00e1c \u0111i\u1ec3m du l\u1ecbch l\u00e2n c\u1eadn, b\u1ec3 b\u01a1i, b\u00e3i bi\u1ec3n, l\u00e0ng d\u00e2n gian, v.v.).<\/li><li data-start=\"422\" data-end=\"510\">Sau khi ki\u1ec3m tra tr\u00ecnh \u0111\u1ed9 ti\u1ebfng Anh \u0111\u1ec3 chu\u1ea9n b\u1ecb cho tr\u01b0\u1eddng qu\u1ed1c t\u1ebf, n\u1ebfu h\u1ecdc sinh c\u1ea7n h\u1ed7 tr\u1ee3 ESL b\u1ed5 sung, n\u1ed9i dung gi\u1ea3ng d\u1ea1y ti\u1ebfng Anh, to\u00e1n h\u1ecdc v\u00e0 gi\u1ea3i quy\u1ebft v\u1ea5n \u0111\u1ec1 th\u1ef1c ti\u1ec5n c\u00f3 th\u1ec3 \u0111\u01b0\u1ee3c \u0111i\u1ec1u ch\u1ec9nh m\u1ed9t ph\u1ea7n.<\/li><\/ul>\t\t\t\t\t\t\t\t<\/div>\n\t\t\t\t<\/div>\n\t\t<div class=\"elementor-element elementor-element-fd673b9 e-flex e-con-boxed e-con e-parent\" data-id=\"fd673b9\" data-element_type=\"container\" data-e-type=\"container\">\n\t\t\t\t\t<div class=\"e-con-inner\">\n\t\t\t\t<div class=\"elementor-element elementor-element-646b403 elementor-widget elementor-widget-image\" data-id=\"646b403\" data-element_type=\"widget\" data-e-type=\"widget\" data-widget_type=\"image.default\">\n\t\t\t\t\t\t\t\t\t\t\t\t\t\t\t<img decoding=\"async\" src=\"https:\/\/cyan-baboon-360649.hostingersite.com\/wp-content\/uploads\/2025\/09\/\uc2a4\ud06c\ub9b0\uc0f7-2025-09-02-14.56.03.png\" title=\"\" alt=\"\" loading=\"lazy\" \/>\t\t\t\t\t\t\t\t\t\t\t\t\t\t\t<\/div>\n\t\t\t\t<div class=\"elementor-element elementor-element-76ba13b elementor-widget elementor-widget-image\" data-id=\"76ba13b\" data-element_type=\"widget\" data-e-type=\"widget\" data-widget_type=\"image.default\">\n\t\t\t\t\t\t\t\t\t\t\t\t\t\t\t<img fetchpriority=\"high\" decoding=\"async\" width=\"1024\" height=\"904\" src=\"https:\/\/belae4uacademy.com\/wp-content\/uploads\/2026\/01\/unnamed-1.jpg\" class=\"attachment-large size-large wp-image-2076\" alt=\"\" srcset=\"https:\/\/belae4uacademy.com\/wp-content\/uploads\/2026\/01\/unnamed-1.jpg 1024w, https:\/\/belae4uacademy.com\/wp-content\/uploads\/2026\/01\/unnamed-1-300x265.jpg 300w, https:\/\/belae4uacademy.com\/wp-content\/uploads\/2026\/01\/unnamed-1-768x678.jpg 768w, https:\/\/belae4uacademy.com\/wp-content\/uploads\/2026\/01\/unnamed-1-14x12.jpg 14w\" sizes=\"(max-width: 1024px) 100vw, 1024px\" \/>\t\t\t\t\t\t\t\t\t\t\t\t\t\t\t<\/div>\n\t\t\t\t\t<\/div>\n\t\t\t\t<\/div>\n\t\t\t\t<\/div>","protected":false},"excerpt":{"rendered":"<p>\uc6d4\uc694\uc77c\ubd80\ud130 \uae08\uc694\uc77c\uae4c\uc9c0 \ub9e4\uc77c 1:1\ub85c \uc6d0\uc5b4\ubbfc \ud544\ub9ac\ud540 \uad50\uc0ac\uc640 6\uc2dc\uac04 \uc774\uc0c1 \uc218\uc5c5\uc744 \uc81c\uacf5\ud569\ub2c8\ub2e4. \uad6d\uc81c\ud559\uad50 \uc900\ube44\ubc18\uc744 \uc804\ubb38\uc73c\ub85c \ud558\ub294 \uc6d0\uc5b4\ubbfc \ud544\ub9ac\ud540 \uad50\uc0ac\uac00 \uc218\ud559 \ubc0f \uacfc\ud559 \uc6a9\uc5b4 \uc554\uae30\uc640 \ubaa8\uc758\uace0\uc0ac \ubb38\uc81c \ud480\uc774\ub97c \ub9e4\uc77c 2\uc2dc\uac04 \uc81c\uacf5\ud569\ub2c8\ub2e4. \uad6d\uc81c\ud559\uad50 \uc785\ud559\uc744 \uc704\ud55c \uc778\ud130\ubdf0 \uc900\ube44 \uc218\uc5c5\uc744 \ub9e4\uc77c 1\uc2dc\uac04 \uc81c\uacf5\ud569\ub2c8\ub2e4. \ub9e4\uc77c \uc800\ub141 \uc218\uc5c5\uc5d0\uc11c \uad50\uc0ac\uac00 \uc9c1\uc811 \uc601\uc5b4 \ubc0f \uc218\ud559 \ubb38\uc81c \ud574\uacb0 \uc218\uc5c5\uc744 \uc9c4\ud589\ud569\ub2c8\ub2e4. \ub9e4\uc8fc \uae08\uc694\uc77c \ubaa8\uc758\uace0\uc0ac\ub97c \uc2e4\uc2dc\ud569\ub2c8\ub2e4. \ub9e4\uc77c [&hellip;]<\/p>","protected":false},"author":1,"featured_media":0,"parent":0,"menu_order":0,"comment_status":"closed","ping_status":"closed","template":"","meta":{"_uag_custom_page_level_css":"","footnotes":""},"class_list":["post-628","page","type-page","status-publish","hentry"],"aioseo_notices":[],"yoast_head":"<!-- This site is optimized with the Yoast SEO plugin v27.4 - https:\/\/yoast.com\/product\/yoast-seo-wordpress\/ -->\n<title>\uad6d\uc81c\ud559\uad50 \uc900\ube44\ubc18 - \ud074\ub77d\ubca8\ub77c | BELA E4U academy<\/title>\n<meta name=\"robots\" content=\"index, follow, max-snippet:-1, max-image-preview:large, max-video-preview:-1\" \/>\n<link rel=\"canonical\" href=\"https:\/\/belae4uacademy.com\/vi\/\uad6d\uc81c\ud559\uad50-\uc900\ube44\ubc18\/\" \/>\n<meta property=\"og:locale\" content=\"vi_VN\" \/>\n<meta property=\"og:type\" content=\"article\" \/>\n<meta property=\"og:title\" content=\"\uad6d\uc81c\ud559\uad50 \uc900\ube44\ubc18 - \ud074\ub77d\ubca8\ub77c | BELA E4U academy\" \/>\n<meta property=\"og:description\" content=\"\uc6d4\uc694\uc77c\ubd80\ud130 \uae08\uc694\uc77c\uae4c\uc9c0 \ub9e4\uc77c 1:1\ub85c \uc6d0\uc5b4\ubbfc \ud544\ub9ac\ud540 \uad50\uc0ac\uc640 6\uc2dc\uac04 \uc774\uc0c1 \uc218\uc5c5\uc744 \uc81c\uacf5\ud569\ub2c8\ub2e4. \uad6d\uc81c\ud559\uad50 \uc900\ube44\ubc18\uc744 \uc804\ubb38\uc73c\ub85c \ud558\ub294 \uc6d0\uc5b4\ubbfc \ud544\ub9ac\ud540 \uad50\uc0ac\uac00 \uc218\ud559 \ubc0f \uacfc\ud559 \uc6a9\uc5b4 \uc554\uae30\uc640 \ubaa8\uc758\uace0\uc0ac \ubb38\uc81c \ud480\uc774\ub97c \ub9e4\uc77c 2\uc2dc\uac04 \uc81c\uacf5\ud569\ub2c8\ub2e4. \uad6d\uc81c\ud559\uad50 \uc785\ud559\uc744 \uc704\ud55c \uc778\ud130\ubdf0 \uc900\ube44 \uc218\uc5c5\uc744 \ub9e4\uc77c 1\uc2dc\uac04 \uc81c\uacf5\ud569\ub2c8\ub2e4. \ub9e4\uc77c \uc800\ub141 \uc218\uc5c5\uc5d0\uc11c \uad50\uc0ac\uac00 \uc9c1\uc811 \uc601\uc5b4 \ubc0f \uc218\ud559 \ubb38\uc81c \ud574\uacb0 \uc218\uc5c5\uc744 \uc9c4\ud589\ud569\ub2c8\ub2e4. \ub9e4\uc8fc \uae08\uc694\uc77c \ubaa8\uc758\uace0\uc0ac\ub97c \uc2e4\uc2dc\ud569\ub2c8\ub2e4. \ub9e4\uc77c [&hellip;]\" \/>\n<meta property=\"og:url\" content=\"https:\/\/belae4uacademy.com\/vi\/\uad6d\uc81c\ud559\uad50-\uc900\ube44\ubc18\/\" \/>\n<meta property=\"og:site_name\" content=\"\ud074\ub77d\ubca8\ub77c | BELA E4U academy\" \/>\n<meta property=\"article:modified_time\" content=\"2026-01-06T07:59:56+00:00\" \/>\n<meta property=\"og:image\" content=\"https:\/\/belae4uacademy.com\/wp-content\/uploads\/2026\/01\/unnamed-1.jpg\" \/>\n<meta name=\"twitter:card\" content=\"summary_large_image\" \/>\n<meta name=\"twitter:label1\" content=\"\u01af\u1edbc t\u00ednh th\u1eddi gian \u0111\u1ecdc\" \/>\n\t<meta name=\"twitter:data1\" content=\"1 ph\u00fat\" \/>\n<script type=\"application\/ld+json\" class=\"yoast-schema-graph\">{\"@context\":\"https:\\\/\\\/schema.org\",\"@graph\":[{\"@type\":\"WebPage\",\"@id\":\"https:\\\/\\\/belae4uacademy.com\\\/%ea%b5%ad%ec%a0%9c%ed%95%99%ea%b5%90-%ec%a4%80%eb%b9%84%eb%b0%98\\\/\",\"url\":\"https:\\\/\\\/belae4uacademy.com\\\/%ea%b5%ad%ec%a0%9c%ed%95%99%ea%b5%90-%ec%a4%80%eb%b9%84%eb%b0%98\\\/\",\"name\":\"\uad6d\uc81c\ud559\uad50 \uc900\ube44\ubc18 - \ud074\ub77d\ubca8\ub77c | BELA E4U academy\",\"isPartOf\":{\"@id\":\"https:\\\/\\\/belae4uacademy.com\\\/#website\"},\"primaryImageOfPage\":{\"@id\":\"https:\\\/\\\/belae4uacademy.com\\\/%ea%b5%ad%ec%a0%9c%ed%95%99%ea%b5%90-%ec%a4%80%eb%b9%84%eb%b0%98\\\/#primaryimage\"},\"image\":{\"@id\":\"https:\\\/\\\/belae4uacademy.com\\\/%ea%b5%ad%ec%a0%9c%ed%95%99%ea%b5%90-%ec%a4%80%eb%b9%84%eb%b0%98\\\/#primaryimage\"},\"thumbnailUrl\":\"https:\\\/\\\/belae4uacademy.com\\\/wp-content\\\/uploads\\\/2026\\\/01\\\/unnamed-1.jpg\",\"datePublished\":\"2025-09-01T12:43:08+00:00\",\"dateModified\":\"2026-01-06T07:59:56+00:00\",\"breadcrumb\":{\"@id\":\"https:\\\/\\\/belae4uacademy.com\\\/%ea%b5%ad%ec%a0%9c%ed%95%99%ea%b5%90-%ec%a4%80%eb%b9%84%eb%b0%98\\\/#breadcrumb\"},\"inLanguage\":\"vi\",\"potentialAction\":[{\"@type\":\"ReadAction\",\"target\":[\"https:\\\/\\\/belae4uacademy.com\\\/%ea%b5%ad%ec%a0%9c%ed%95%99%ea%b5%90-%ec%a4%80%eb%b9%84%eb%b0%98\\\/\"]}]},{\"@type\":\"ImageObject\",\"inLanguage\":\"vi\",\"@id\":\"https:\\\/\\\/belae4uacademy.com\\\/%ea%b5%ad%ec%a0%9c%ed%95%99%ea%b5%90-%ec%a4%80%eb%b9%84%eb%b0%98\\\/#primaryimage\",\"url\":\"https:\\\/\\\/belae4uacademy.com\\\/wp-content\\\/uploads\\\/2026\\\/01\\\/unnamed-1.jpg\",\"contentUrl\":\"https:\\\/\\\/belae4uacademy.com\\\/wp-content\\\/uploads\\\/2026\\\/01\\\/unnamed-1.jpg\"},{\"@type\":\"BreadcrumbList\",\"@id\":\"https:\\\/\\\/belae4uacademy.com\\\/%ea%b5%ad%ec%a0%9c%ed%95%99%ea%b5%90-%ec%a4%80%eb%b9%84%eb%b0%98\\\/#breadcrumb\",\"itemListElement\":[{\"@type\":\"ListItem\",\"position\":1,\"name\":\"Home\",\"item\":\"https:\\\/\\\/belae4uacademy.com\\\/\"},{\"@type\":\"ListItem\",\"position\":2,\"name\":\"\uad6d\uc81c\ud559\uad50 \uc900\ube44\ubc18\"}]},{\"@type\":\"WebSite\",\"@id\":\"https:\\\/\\\/belae4uacademy.com\\\/#website\",\"url\":\"https:\\\/\\\/belae4uacademy.com\\\/\",\"name\":\"\ud074\ub77d\ubca8\ub77c | BELA E4U academy\",\"description\":\"\ud544\ub9ac\ud540 \ud074\ub77d \uc8fc\ub2c8\uc5b4\u00b7\uac00\uc871\uc5f0\uc218 \uc804\ubb38 \ud559\uc6d0\",\"publisher\":{\"@id\":\"https:\\\/\\\/belae4uacademy.com\\\/#organization\"},\"potentialAction\":[{\"@type\":\"SearchAction\",\"target\":{\"@type\":\"EntryPoint\",\"urlTemplate\":\"https:\\\/\\\/belae4uacademy.com\\\/?s={search_term_string}\"},\"query-input\":{\"@type\":\"PropertyValueSpecification\",\"valueRequired\":true,\"valueName\":\"search_term_string\"}}],\"inLanguage\":\"vi\"},{\"@type\":\"Organization\",\"@id\":\"https:\\\/\\\/belae4uacademy.com\\\/#organization\",\"name\":\"\ud074\ub77d\ubca8\ub77c | BELA E4U academy\",\"url\":\"https:\\\/\\\/belae4uacademy.com\\\/\",\"logo\":{\"@type\":\"ImageObject\",\"inLanguage\":\"vi\",\"@id\":\"https:\\\/\\\/belae4uacademy.com\\\/#\\\/schema\\\/logo\\\/image\\\/\",\"url\":\"https:\\\/\\\/belae4uacademy.com\\\/wp-content\\\/uploads\\\/2025\\\/09\\\/cropped-image.png\",\"contentUrl\":\"https:\\\/\\\/belae4uacademy.com\\\/wp-content\\\/uploads\\\/2025\\\/09\\\/cropped-image.png\",\"width\":200,\"height\":200,\"caption\":\"\ud074\ub77d\ubca8\ub77c | BELA E4U academy\"},\"image\":{\"@id\":\"https:\\\/\\\/belae4uacademy.com\\\/#\\\/schema\\\/logo\\\/image\\\/\"}}]}<\/script>\n<!-- \/ Yoast SEO plugin. -->","yoast_head_json":{"title":"\uad6d\uc81c\ud559\uad50 \uc900\ube44\ubc18 - \ud074\ub77d\ubca8\ub77c | BELA E4U academy","robots":{"index":"index","follow":"follow","max-snippet":"max-snippet:-1","max-image-preview":"max-image-preview:large","max-video-preview":"max-video-preview:-1"},"canonical":"https:\/\/belae4uacademy.com\/vi\/\uad6d\uc81c\ud559\uad50-\uc900\ube44\ubc18\/","og_locale":"vi_VN","og_type":"article","og_title":"\uad6d\uc81c\ud559\uad50 \uc900\ube44\ubc18 - \ud074\ub77d\ubca8\ub77c | BELA E4U academy","og_description":"\uc6d4\uc694\uc77c\ubd80\ud130 \uae08\uc694\uc77c\uae4c\uc9c0 \ub9e4\uc77c 1:1\ub85c \uc6d0\uc5b4\ubbfc \ud544\ub9ac\ud540 \uad50\uc0ac\uc640 6\uc2dc\uac04 \uc774\uc0c1 \uc218\uc5c5\uc744 \uc81c\uacf5\ud569\ub2c8\ub2e4. \uad6d\uc81c\ud559\uad50 \uc900\ube44\ubc18\uc744 \uc804\ubb38\uc73c\ub85c \ud558\ub294 \uc6d0\uc5b4\ubbfc \ud544\ub9ac\ud540 \uad50\uc0ac\uac00 \uc218\ud559 \ubc0f \uacfc\ud559 \uc6a9\uc5b4 \uc554\uae30\uc640 \ubaa8\uc758\uace0\uc0ac \ubb38\uc81c \ud480\uc774\ub97c \ub9e4\uc77c 2\uc2dc\uac04 \uc81c\uacf5\ud569\ub2c8\ub2e4. \uad6d\uc81c\ud559\uad50 \uc785\ud559\uc744 \uc704\ud55c \uc778\ud130\ubdf0 \uc900\ube44 \uc218\uc5c5\uc744 \ub9e4\uc77c 1\uc2dc\uac04 \uc81c\uacf5\ud569\ub2c8\ub2e4. \ub9e4\uc77c \uc800\ub141 \uc218\uc5c5\uc5d0\uc11c \uad50\uc0ac\uac00 \uc9c1\uc811 \uc601\uc5b4 \ubc0f \uc218\ud559 \ubb38\uc81c \ud574\uacb0 \uc218\uc5c5\uc744 \uc9c4\ud589\ud569\ub2c8\ub2e4. \ub9e4\uc8fc \uae08\uc694\uc77c \ubaa8\uc758\uace0\uc0ac\ub97c \uc2e4\uc2dc\ud569\ub2c8\ub2e4. \ub9e4\uc77c [&hellip;]","og_url":"https:\/\/belae4uacademy.com\/vi\/\uad6d\uc81c\ud559\uad50-\uc900\ube44\ubc18\/","og_site_name":"\ud074\ub77d\ubca8\ub77c | BELA E4U academy","article_modified_time":"2026-01-06T07:59:56+00:00","og_image":[{"url":"https:\/\/belae4uacademy.com\/wp-content\/uploads\/2026\/01\/unnamed-1.jpg","type":"","width":"","height":""}],"twitter_card":"summary_large_image","twitter_misc":{"\u01af\u1edbc t\u00ednh th\u1eddi gian \u0111\u1ecdc":"1 ph\u00fat"},"schema":{"@context":"https:\/\/schema.org","@graph":[{"@type":"WebPage","@id":"https:\/\/belae4uacademy.com\/%ea%b5%ad%ec%a0%9c%ed%95%99%ea%b5%90-%ec%a4%80%eb%b9%84%eb%b0%98\/","url":"https:\/\/belae4uacademy.com\/%ea%b5%ad%ec%a0%9c%ed%95%99%ea%b5%90-%ec%a4%80%eb%b9%84%eb%b0%98\/","name":"\uad6d\uc81c\ud559\uad50 \uc900\ube44\ubc18 - \ud074\ub77d\ubca8\ub77c | BELA E4U academy","isPartOf":{"@id":"https:\/\/belae4uacademy.com\/#website"},"primaryImageOfPage":{"@id":"https:\/\/belae4uacademy.com\/%ea%b5%ad%ec%a0%9c%ed%95%99%ea%b5%90-%ec%a4%80%eb%b9%84%eb%b0%98\/#primaryimage"},"image":{"@id":"https:\/\/belae4uacademy.com\/%ea%b5%ad%ec%a0%9c%ed%95%99%ea%b5%90-%ec%a4%80%eb%b9%84%eb%b0%98\/#primaryimage"},"thumbnailUrl":"https:\/\/belae4uacademy.com\/wp-content\/uploads\/2026\/01\/unnamed-1.jpg","datePublished":"2025-09-01T12:43:08+00:00","dateModified":"2026-01-06T07:59:56+00:00","breadcrumb":{"@id":"https:\/\/belae4uacademy.com\/%ea%b5%ad%ec%a0%9c%ed%95%99%ea%b5%90-%ec%a4%80%eb%b9%84%eb%b0%98\/#breadcrumb"},"inLanguage":"vi","potentialAction":[{"@type":"ReadAction","target":["https:\/\/belae4uacademy.com\/%ea%b5%ad%ec%a0%9c%ed%95%99%ea%b5%90-%ec%a4%80%eb%b9%84%eb%b0%98\/"]}]},{"@type":"ImageObject","inLanguage":"vi","@id":"https:\/\/belae4uacademy.com\/%ea%b5%ad%ec%a0%9c%ed%95%99%ea%b5%90-%ec%a4%80%eb%b9%84%eb%b0%98\/#primaryimage","url":"https:\/\/belae4uacademy.com\/wp-content\/uploads\/2026\/01\/unnamed-1.jpg","contentUrl":"https:\/\/belae4uacademy.com\/wp-content\/uploads\/2026\/01\/unnamed-1.jpg"},{"@type":"BreadcrumbList","@id":"https:\/\/belae4uacademy.com\/%ea%b5%ad%ec%a0%9c%ed%95%99%ea%b5%90-%ec%a4%80%eb%b9%84%eb%b0%98\/#breadcrumb","itemListElement":[{"@type":"ListItem","position":1,"name":"Home","item":"https:\/\/belae4uacademy.com\/"},{"@type":"ListItem","position":2,"name":"\uad6d\uc81c\ud559\uad50 \uc900\ube44\ubc18"}]},{"@type":"WebSite","@id":"https:\/\/belae4uacademy.com\/#website","url":"https:\/\/belae4uacademy.com\/","name":"Clark Bella | H\u1ecdc vi\u1ec7n BELA E4U","description":"\ud544\ub9ac\ud540 \ud074\ub77d \uc8fc\ub2c8\uc5b4\u00b7\uac00\uc871\uc5f0\uc218 \uc804\ubb38 \ud559\uc6d0","publisher":{"@id":"https:\/\/belae4uacademy.com\/#organization"},"potentialAction":[{"@type":"SearchAction","target":{"@type":"EntryPoint","urlTemplate":"https:\/\/belae4uacademy.com\/?s={search_term_string}"},"query-input":{"@type":"PropertyValueSpecification","valueRequired":true,"valueName":"search_term_string"}}],"inLanguage":"vi"},{"@type":"Organization","@id":"https:\/\/belae4uacademy.com\/#organization","name":"Clark Bella | H\u1ecdc vi\u1ec7n BELA E4U","url":"https:\/\/belae4uacademy.com\/","logo":{"@type":"ImageObject","inLanguage":"vi","@id":"https:\/\/belae4uacademy.com\/#\/schema\/logo\/image\/","url":"https:\/\/belae4uacademy.com\/wp-content\/uploads\/2025\/09\/cropped-image.png","contentUrl":"https:\/\/belae4uacademy.com\/wp-content\/uploads\/2025\/09\/cropped-image.png","width":200,"height":200,"caption":"\ud074\ub77d\ubca8\ub77c | BELA E4U academy"},"image":{"@id":"https:\/\/belae4uacademy.com\/#\/schema\/logo\/image\/"}}]}},"uagb_featured_image_src":{"full":false,"thumbnail":false,"medium":false,"medium_large":false,"large":false,"1536x1536":false,"2048x2048":false,"trp-custom-language-flag":false,"tutor-academy-featured-header-image":false,"online-tutor-featured-header-image":false},"uagb_author_info":{"display_name":"belacademy2006@gmail.com","author_link":"https:\/\/belae4uacademy.com\/vi\/author\/belacademy2006gmail-com\/"},"uagb_comment_info":0,"uagb_excerpt":"\uc6d4\uc694\uc77c\ubd80\ud130 \uae08\uc694\uc77c\uae4c\uc9c0 \ub9e4\uc77c 1:1\ub85c \uc6d0\uc5b4\ubbfc \ud544\ub9ac\ud540 \uad50\uc0ac\uc640 6\uc2dc\uac04 \uc774\uc0c1 \uc218\uc5c5\uc744 \uc81c\uacf5\ud569\ub2c8\ub2e4. \uad6d\uc81c\ud559\uad50 \uc900\ube44\ubc18\uc744 \uc804\ubb38\uc73c\ub85c \ud558\ub294 \uc6d0\uc5b4\ubbfc \ud544\ub9ac\ud540 \uad50\uc0ac\uac00 \uc218\ud559 \ubc0f \uacfc\ud559 \uc6a9\uc5b4 \uc554\uae30\uc640 \ubaa8\uc758\uace0\uc0ac \ubb38\uc81c \ud480\uc774\ub97c \ub9e4\uc77c 2\uc2dc\uac04 \uc81c\uacf5\ud569\ub2c8\ub2e4. \uad6d\uc81c\ud559\uad50 \uc785\ud559\uc744 \uc704\ud55c \uc778\ud130\ubdf0 \uc900\ube44 \uc218\uc5c5\uc744 \ub9e4\uc77c 1\uc2dc\uac04 \uc81c\uacf5\ud569\ub2c8\ub2e4. \ub9e4\uc77c \uc800\ub141 \uc218\uc5c5\uc5d0\uc11c \uad50\uc0ac\uac00 \uc9c1\uc811 \uc601\uc5b4 \ubc0f \uc218\ud559 \ubb38\uc81c \ud574\uacb0 \uc218\uc5c5\uc744 \uc9c4\ud589\ud569\ub2c8\ub2e4. \ub9e4\uc8fc \uae08\uc694\uc77c \ubaa8\uc758\uace0\uc0ac\ub97c \uc2e4\uc2dc\ud569\ub2c8\ub2e4. \ub9e4\uc77c&hellip;","_links":{"self":[{"href":"https:\/\/belae4uacademy.com\/vi\/wp-json\/wp\/v2\/pages\/628","targetHints":{"allow":["GET"]}}],"collection":[{"href":"https:\/\/belae4uacademy.com\/vi\/wp-json\/wp\/v2\/pages"}],"about":[{"href":"https:\/\/belae4uacademy.com\/vi\/wp-json\/wp\/v2\/types\/page"}],"author":[{"embeddable":true,"href":"https:\/\/belae4uacademy.com\/vi\/wp-json\/wp\/v2\/users\/1"}],"replies":[{"embeddable":true,"href":"https:\/\/belae4uacademy.com\/vi\/wp-json\/wp\/v2\/comments?post=628"}],"version-history":[{"count":25,"href":"https:\/\/belae4uacademy.com\/vi\/wp-json\/wp\/v2\/pages\/628\/revisions"}],"predecessor-version":[{"id":2079,"href":"https:\/\/belae4uacademy.com\/vi\/wp-json\/wp\/v2\/pages\/628\/revisions\/2079"}],"wp:attachment":[{"href":"https:\/\/belae4uacademy.com\/vi\/wp-json\/wp\/v2\/media?parent=628"}],"curies":[{"name":"wp","href":"https:\/\/api.w.org\/{rel}","templated":true}]}}