{"id":636,"date":"2025-09-01T12:44:22","date_gmt":"2025-09-01T12:44:22","guid":{"rendered":"https:\/\/cyan-baboon-360649.hostingersite.com\/?page_id=636"},"modified":"2026-01-07T12:57:07","modified_gmt":"2026-01-07T12:57:07","slug":"%ec%a1%b0%ea%b8%b0%ec%9c%a0%ed%95%99%ec%a4%80%eb%b9%84","status":"publish","type":"page","link":"https:\/\/belae4uacademy.com\/vi\/%ec%a1%b0%ea%b8%b0%ec%9c%a0%ed%95%99%ec%a4%80%eb%b9%84\/","title":{"rendered":"Chu\u1ea9n b\u1ecb du h\u1ecdc s\u1edbm"},"content":{"rendered":"<div data-elementor-type=\"wp-page\" data-elementor-id=\"636\" class=\"elementor elementor-636\">\n\t\t\t\t<div class=\"elementor-element elementor-element-4c4e352 e-flex e-con-boxed e-con e-parent\" data-id=\"4c4e352\" data-element_type=\"container\" data-e-type=\"container\">\n\t\t\t\t\t<div class=\"e-con-inner\">\n\t\t\t\t<div class=\"elementor-element elementor-element-9fa73c4 elementor-widget elementor-widget-spacer\" data-id=\"9fa73c4\" data-element_type=\"widget\" data-e-type=\"widget\" data-widget_type=\"spacer.default\">\n\t\t\t\t\t\t\t<div class=\"elementor-spacer\">\n\t\t\t<div class=\"elementor-spacer-inner\"><\/div>\n\t\t<\/div>\n\t\t\t\t\t\t<\/div>\n\t\t\t\t\t<\/div>\n\t\t\t\t<\/div>\n\t\t<div class=\"elementor-element elementor-element-30f7ee8 e-flex e-con-boxed e-con e-parent\" data-id=\"30f7ee8\" data-element_type=\"container\" data-e-type=\"container\">\n\t\t\t\t\t<div class=\"e-con-inner\">\n\t\t\t\t<div class=\"elementor-element elementor-element-671f13a elementor-widget elementor-widget-heading\" data-id=\"671f13a\" data-element_type=\"widget\" data-e-type=\"widget\" data-widget_type=\"heading.default\">\n\t\t\t\t\t<h2 class=\"elementor-heading-title elementor-size-default\">Quy tr\u00ecnh chu\u1ea9n b\u1ecb nh\u1eadp h\u1ecdc du h\u1ecdc s\u1edbm<\/h2>\t\t\t\t<\/div>\n\t\t\t\t<div class=\"elementor-element elementor-element-da5947f elementor-widget elementor-widget-text-editor\" data-id=\"da5947f\" data-element_type=\"widget\" data-e-type=\"widget\" data-widget_type=\"text-editor.default\">\n\t\t\t\t\t\t\t\t\t<ol><li data-start=\"2\" data-end=\"30\">Nu\u00f4i d\u1ea1y con c\u00e1i t\u1eeb s\u1edbm <strong data-start=\"10\" data-end=\"28\">Quy\u1ebft \u0111\u1ecbnh cho con \u0111i du h\u1ecdc.<\/strong><\/li><li data-start=\"33\" data-end=\"64\"><strong data-start=\"33\" data-end=\"62\">Nh\u1eadn th\u01b0 gi\u1edbi thi\u1ec7u du h\u1ecdc t\u1eeb trung t\u00e2m ng\u00f4n ng\u1eef\/trung t\u00e2m du h\u1ecdc.<\/strong><\/li><li data-start=\"67\" data-end=\"109\"><strong data-start=\"67\" data-end=\"107\">Chu\u1ea9n b\u1ecb c\u00e1c gi\u1ea5y t\u1edd nh\u1eadp h\u1ecdc c\u01a1 b\u1ea3n c\u1ea7n thi\u1ebft \u0111\u1ec3 nh\u1eadp h\u1ecdc v\u00e0o tr\u01b0\u1eddng t\u01b0 th\u1ee5c ho\u1eb7c tr\u01b0\u1eddng qu\u1ed1c t\u1ebf.<\/strong><\/li><li data-start=\"112\" data-end=\"153\"><strong data-start=\"112\" data-end=\"151\">H\u1ecdc vi\u00ean s\u1ebd tham gia c\u00e1c l\u1edbp h\u1ecdc ESL t\u1ea1i tr\u01b0\u1eddng ng\u00f4n ng\u1eef Philippines trong \u00edt nh\u1ea5t 2-3 th\u00e1ng.<\/strong><\/li><li data-start=\"156\" data-end=\"201\"><strong data-start=\"156\" data-end=\"199\">Tr\u01b0\u1edbc khi nh\u1eadp h\u1ecdc ch\u00ednh th\u1ee9c, h\u1ecdc sinh s\u1ebd tham gia c\u00e1c l\u1edbp h\u1ecdc th\u1eed t\u1ea1i c\u00e1c tr\u01b0\u1eddng t\u01b0 th\u1ee5c ho\u1eb7c qu\u1ed1c t\u1ebf \u1edf Philippines.<\/strong><\/li><li data-start=\"204\" data-end=\"236\"><strong data-start=\"204\" data-end=\"234\">Ch\u1ecdn tr\u01b0\u1eddng v\u00e0 ho\u00e0n th\u00e0nh c\u00e1c th\u1ee7 t\u1ee5c nh\u1eadp h\u1ecdc c\u1ea7n thi\u1ebft.<\/strong><\/li><li data-start=\"239\" data-end=\"280\"><strong data-start=\"239\" data-end=\"278\">K\u1ebft qu\u1ea3 c\u1ee7a k\u1ef3 thi tuy\u1ec3n sinh v\u00e0 ph\u1ecfng v\u1ea5n s\u1ebd quy\u1ebft \u0111\u1ecbnh vi\u1ec7c x\u1ebfp l\u1edbp ESL.<\/strong><\/li><li data-start=\"283\" data-end=\"309\"><strong data-start=\"283\" data-end=\"307\">Nh\u1eadn gi\u1ea5y ph\u00e9p nh\u1eadp h\u1ecdc v\u00e0 n\u1ed9p h\u1ecdc ph\u00ed.<\/strong><\/li><li data-start=\"312\" data-end=\"362\"><strong data-start=\"312\" data-end=\"360\">Nh\u1eadn h\u1ed3 s\u01a1 \u0111\u0103ng k\u00fd h\u1ecdc v\u00e0 c\u1ea5p SSP (Gi\u1ea5y ph\u00e9p h\u1ecdc t\u1eadp \u0111\u1eb7c bi\u1ec7t) n\u1ebfu c\u1ea7n thi\u1ebft.<\/strong><\/li><li data-start=\"365\" data-end=\"383\"><strong data-start=\"365\" data-end=\"383\">Ho\u00e0n t\u1ea5t th\u1ee7 t\u1ee5c nh\u1eadp h\u1ecdc.<\/strong><\/li><\/ol>\t\t\t\t\t\t\t\t<\/div>\n\t\t\t\t\t<\/div>\n\t\t\t\t<\/div>\n\t\t<div class=\"elementor-element elementor-element-859f659 e-flex e-con-boxed e-con e-parent\" data-id=\"859f659\" data-element_type=\"container\" data-e-type=\"container\">\n\t\t\t\t\t<div class=\"e-con-inner\">\n\t\t\t\t<div class=\"elementor-element elementor-element-a6d2e3f elementor-widget elementor-widget-spacer\" data-id=\"a6d2e3f\" data-element_type=\"widget\" data-e-type=\"widget\" data-widget_type=\"spacer.default\">\n\t\t\t\t\t\t\t<div class=\"elementor-spacer\">\n\t\t\t<div class=\"elementor-spacer-inner\"><\/div>\n\t\t<\/div>\n\t\t\t\t\t\t<\/div>\n\t\t\t\t\t<\/div>\n\t\t\t\t<\/div>\n\t\t<div class=\"elementor-element elementor-element-43ae0ea e-flex e-con-boxed e-con e-parent\" data-id=\"43ae0ea\" data-element_type=\"container\" data-e-type=\"container\">\n\t\t\t\t\t<div class=\"e-con-inner\">\n\t\t\t\t<div class=\"elementor-element elementor-element-0b62e9c elementor-widget elementor-widget-heading\" data-id=\"0b62e9c\" data-element_type=\"widget\" data-e-type=\"widget\" data-widget_type=\"heading.default\">\n\t\t\t\t\t<h2 class=\"elementor-heading-title elementor-size-default\">Chu\u1ea9n b\u1ecb h\u1ed3 s\u01a1 nh\u1eadp h\u1ecdc<\/h2>\t\t\t\t<\/div>\n\t\t\t\t\t<\/div>\n\t\t\t\t<\/div>\n\t\t<div class=\"elementor-element elementor-element-f93a8e2 e-flex e-con-boxed e-con e-parent\" data-id=\"f93a8e2\" data-element_type=\"container\" data-e-type=\"container\">\n\t\t\t\t\t<div class=\"e-con-inner\">\n\t\t\t\t<div class=\"elementor-element elementor-element-effa0d9 elementor-widget elementor-widget-text-editor\" data-id=\"effa0d9\" data-element_type=\"widget\" data-e-type=\"widget\" data-widget_type=\"text-editor.default\">\n\t\t\t\t\t\t\t\t\t<article class=\"text-token-text-primary w-full focus:outline-none [--shadow-height:45px] has-data-writing-block:pointer-events-none has-data-writing-block:-mt-(--shadow-height) has-data-writing-block:pt-(--shadow-height) [&amp;:has([data-writing-block])&gt;*]:pointer-events-auto scroll-mt-[calc(var(--header-height)+min(200px,max(70px,20svh)))]\" dir=\"auto\" tabindex=\"-1\" data-turn-id=\"request-WEB:09f493e2-a21b-4703-a11f-b2012523a9aa-25\" data-testid=\"conversation-turn-52\" data-scroll-anchor=\"true\" data-turn=\"assistant\"><div class=\"text-base my-auto mx-auto pb-10 [--thread-content-margin:--spacing(4)] @w-sm\/main:[--thread-content-margin:--spacing(6)] @w-lg\/main:[--thread-content-margin:--spacing(16)] px-(--thread-content-margin)\"><div class=\"[--thread-content-max-width:40rem] @w-lg\/main:[--thread-content-max-width:48rem] mx-auto max-w-(--thread-content-max-width) flex-1 group\/turn-messages focus-visible:outline-hidden relative flex w-full min-w-0 flex-col agent-turn\" tabindex=\"-1\"><div class=\"flex max-w-full flex-col grow\"><div class=\"min-h-8 text-message relative flex w-full flex-col items-end gap-2 text-start break-words whitespace-normal [.text-message+&amp;]:mt-1\" dir=\"auto\" data-message-author-role=\"assistant\" data-message-id=\"b4e65bdc-a1d5-41d9-9327-5983f382a01e\" data-message-model-slug=\"gpt-5-mini\"><div class=\"flex w-full flex-col gap-1 empty:hidden first:pt-[1px]\"><div class=\"markdown prose dark:prose-invert w-full break-words dark markdown-new-styling\"><ol><li data-start=\"0\" data-end=\"29\"><p data-start=\"2\" data-end=\"29\"><strong data-start=\"2\" data-end=\"27\">Apostille c\u1ee7a \"H\u1ed3 s\u01a1 h\u1ecdc t\u1eadp\" (h\u1ed3 s\u01a1 tr\u01b0\u1eddng h\u1ecdc)<\/strong><\/p><\/li><li data-start=\"30\" data-end=\"49\"><p data-start=\"32\" data-end=\"49\"><strong data-start=\"32\" data-end=\"47\">B\u1ea3n sao b\u1eb1ng ti\u1ebfng Anh c\u1ee7a gi\u1ea5y ch\u1ee9ng minh nh\u00e2n d\u00e2n<\/strong><\/p><\/li><li data-start=\"50\" data-end=\"72\"><p data-start=\"52\" data-end=\"72\"><strong data-start=\"52\" data-end=\"70\">H\u1ed9 chi\u1ebfu v\u00e0 hai b\u1ea3n sao h\u1ed9 chi\u1ebfu<\/strong><\/p><\/li><li data-start=\"73\" data-end=\"111\"><p data-start=\"75\" data-end=\"111\"><strong data-start=\"75\" data-end=\"111\">Gi\u1ea5y \u1ee7y quy\u1ec1n \u0111\u1eb7c bi\u1ec7t (SPA) c\u00f3 c\u00f4ng ch\u1ee9ng do cha m\u1eb9 ch\u1ec9 \u0111\u1ecbnh ng\u01b0\u1eddi gi\u00e1m h\u1ed9 t\u1ea1i Philippines<\/strong><\/p><\/li><\/ol><\/div><\/div><\/div><\/div><\/div><\/div><\/article>\t\t\t\t\t\t\t\t<\/div>\n\t\t\t\t\t<\/div>\n\t\t\t\t<\/div>\n\t\t<div class=\"elementor-element elementor-element-face115 e-flex e-con-boxed e-con e-parent\" data-id=\"face115\" data-element_type=\"container\" data-e-type=\"container\">\n\t\t\t\t\t<div class=\"e-con-inner\">\n\t\t\t\t<div class=\"elementor-element elementor-element-5c1472e elementor-widget elementor-widget-heading\" data-id=\"5c1472e\" data-element_type=\"widget\" data-e-type=\"widget\" data-widget_type=\"heading.default\">\n\t\t\t\t\t<h2 class=\"elementor-heading-title elementor-size-default\">Chu\u1ea9n b\u1ecb tr\u01b0\u1edbc khi kh\u1edfi h\u00e0nh<\/h2>\t\t\t\t<\/div>\n\t\t\t\t\t<\/div>\n\t\t\t\t<\/div>\n\t\t<div class=\"elementor-element elementor-element-188b2c9 e-flex e-con-boxed e-con e-parent\" data-id=\"188b2c9\" data-element_type=\"container\" data-e-type=\"container\">\n\t\t\t\t\t<div class=\"e-con-inner\">\n\t\t\t\t<div class=\"elementor-element elementor-element-6f3d23c elementor-widget elementor-widget-text-editor\" data-id=\"6f3d23c\" data-element_type=\"widget\" data-e-type=\"widget\" data-widget_type=\"text-editor.default\">\n\t\t\t\t\t\t\t\t\t<ol><li data-start=\"0\" data-end=\"29\"><p data-start=\"2\" data-end=\"29\">L\u00e0m h\u1ed9 chi\u1ebfu <strong data-start=\"10\" data-end=\"27\">L\u00e0m hai b\u1ea3n sao.<\/strong><\/p><\/li><li data-start=\"30\" data-end=\"84\"><p data-start=\"32\" data-end=\"84\"><strong data-start=\"32\" data-end=\"82\">M\u1ed9t b\u1ea3n sao ti\u1ebfng Anh v\u00e0 m\u1ed9t b\u1ea3n sao ti\u1ebfng H\u00e0n s\u1ebd \u0111\u01b0\u1ee3c c\u1ea5p, b\u1ea3n g\u1ed1c s\u1ebd \u0111\u01b0\u1ee3c n\u1ed9p khi \u0111\u1ebfn h\u1ecdc vi\u1ec7n.<\/strong><\/p><\/li><li data-start=\"85\" data-end=\"113\"><p data-start=\"87\" data-end=\"113\"><strong data-start=\"87\" data-end=\"111\">Nh\u1eadn \u0111\u01b0\u1ee3c ch\u1ee9ng nh\u1eadn Apostille cho n\u0103m tr\u01b0\u1edbc.<\/strong><\/p><\/li><li data-start=\"114\" data-end=\"155\"><p data-start=\"116\" data-end=\"155\"><strong data-start=\"116\" data-end=\"153\">Cung c\u1ea5p v\u0103n b\u1ea3n SPA \u0111\u00e3 \u0111\u01b0\u1ee3c c\u00f4ng ch\u1ee9ng (Gi\u1ea5y \u1ee7y quy\u1ec1n \u0111\u1eb7c bi\u1ec7t c\u1ee7a ng\u01b0\u1eddi gi\u00e1m h\u1ed9 Philippines).<\/strong><\/p><\/li><li data-start=\"156\" data-end=\"205\"><p data-start=\"158\" data-end=\"205\"><strong data-start=\"158\" data-end=\"203\">Chu\u1ea9n b\u1ecb 10 t\u1ea5m \u1ea3nh c\u00f3 k\u00edch th\u01b0\u1edbc 2 inch \u00d7 2 inch (5 cm \u00d7 5 cm).<\/strong><\/p><\/li><li data-start=\"206\" data-end=\"239\"><p data-start=\"208\" data-end=\"239\"><strong data-start=\"208\" data-end=\"237\">H\u00e0nh l\u00fd x\u00e1ch tay v\u00e0 h\u00e0nh l\u00fd k\u00fd g\u1eedi \u0111\u01b0\u1ee3c \u0111\u00f3ng g\u00f3i ri\u00eang bi\u1ec7t.<\/strong><\/p><\/li><li data-start=\"240\" data-end=\"266\"><p data-start=\"242\" data-end=\"266\"><strong data-start=\"242\" data-end=\"264\">Vi\u1ebft t\u00ean l\u00ean t\u1ea5t c\u1ea3 c\u00e1c v\u1eadt d\u1ee5ng c\u00e1 nh\u00e2n.<\/strong><\/p><\/li><li data-start=\"267\" data-end=\"291\"><p data-start=\"269\" data-end=\"291\"><strong data-start=\"269\" data-end=\"289\">\u0110\u0103ng k\u00fd b\u1ea3o hi\u1ec3m sinh vi\u00ean qu\u1ed1c t\u1ebf.<\/strong><\/p><\/li><li data-start=\"292\" data-end=\"324\"><p data-start=\"294\" data-end=\"324\"><strong data-start=\"294\" data-end=\"322\">Chu\u1ea9n b\u1ecb s\u00e1ch b\u00e0i t\u1eadp to\u00e1n \u0111\u01b0\u1ee3c quy\u1ebft \u0111\u1ecbnh sau khi t\u01b0 v\u1ea5n.<\/strong><\/p><\/li><li data-start=\"325\" data-end=\"366\"><p data-start=\"327\" data-end=\"366\"><strong data-start=\"327\" data-end=\"366\">\u0110\u1ec3 chu\u1ea9n b\u1ecb cho k\u1ef3 thi x\u1ebfp l\u1edbp, h\u1ecdc sinh s\u1ebd l\u00e0m b\u00e0i ki\u1ec3m tra tr\u00ecnh \u0111\u1ed9 t\u1eeb v\u1ef1ng v\u00e0 m\u1eabu c\u00e2u ti\u1ebfng Anh.<\/strong><\/p><\/li><\/ol>\t\t\t\t\t\t\t\t<\/div>\n\t\t\t\t\t<\/div>\n\t\t\t\t<\/div>\n\t\t<div class=\"elementor-element elementor-element-e2b0684 e-con-full e-flex e-con e-parent\" data-id=\"e2b0684\" data-element_type=\"container\" data-e-type=\"container\">\n\t\t\t\t<div class=\"elementor-element elementor-element-87c5aac elementor-widget elementor-widget-spacer\" data-id=\"87c5aac\" data-element_type=\"widget\" data-e-type=\"widget\" data-widget_type=\"spacer.default\">\n\t\t\t\t\t\t\t<div class=\"elementor-spacer\">\n\t\t\t<div class=\"elementor-spacer-inner\"><\/div>\n\t\t<\/div>\n\t\t\t\t\t\t<\/div>\n\t\t\t\t<\/div>\n\t\t\t\t<\/div>","protected":false},"excerpt":{"rendered":"<p>\uc870\uae30\uc720\ud559 \uc785\ud559 \uc900\ube44 \uacfc\uc815 \uc870\uae30\uc5d0 \uc790\ub140\ub97c \uc720\ud559 \ubcf4\ub0b4\uae30\ub85c \uacb0\uc815\ud569\ub2c8\ub2e4. \uc5b4\ud559\uc6d0\/\uc720\ud559\uc6d0\uc73c\ub85c\ubd80\ud130 \uc720\ud559 \ucd94\ucc9c\uc11c\ub97c \ubc1b\uc2b5\ub2c8\ub2e4. \uc0ac\ub9bd \ub610\ub294 \uad6d\uc81c \ud559\uad50 \uc785\ud559\uc5d0 \ud544\uc694\ud55c \uae30\ubcf8 \uc785\ud559 \uc11c\ub958\ub97c \uc900\ube44\ud569\ub2c8\ub2e4. \ud544\ub9ac\ud540 \uc5b4\ud559\uc6d0\uc5d0\uc11c \ucd5c\uc18c 2\u20133\uac1c\uc6d4 \ub3d9\uc548 ESL \uc218\uc5c5\uc5d0 \ub4e3\uc2b5\ub2c8\ub2e4. \uc815\uc2dd \uc785\ud559 \uc804 \ud544\ub9ac\ud540 \uc0ac\ub9bd \ub610\ub294 \uad6d\uc81c \ud559\uad50\uc5d0\uc11c \uac10\uc0ac \uc218\uc5c5\uc5d0 \ucc38\uc5ec\ud569\ub2c8\ub2e4. \ud559\uad50\ub97c \uc120\ud0dd\ud558\uace0 \ud544\uc694\ud55c \uc785\ud559 \uc808\ucc28\ub97c \uc644\ub8cc\ud569\ub2c8\ub2e4. \uc785\ud559 \uc2dc\ud5d8\uacfc \uba74\uc811\uc744 \ubcf4\uace0 \uacb0\uacfc\uc5d0 \ub530\ub77c ESL [&hellip;]<\/p>","protected":false},"author":1,"featured_media":0,"parent":0,"menu_order":0,"comment_status":"closed","ping_status":"closed","template":"","meta":{"_uag_custom_page_level_css":"","footnotes":""},"class_list":["post-636","page","type-page","status-publish","hentry"],"aioseo_notices":[],"yoast_head":"<!-- This site is optimized with the Yoast SEO plugin v27.4 - https:\/\/yoast.com\/product\/yoast-seo-wordpress\/ -->\n<title>Early Study Abroad Preparation - \ud074\ub77d\ubca8\ub77c | BELA E4U academy<\/title>\n<meta name=\"robots\" content=\"index, follow, max-snippet:-1, max-image-preview:large, max-video-preview:-1\" \/>\n<link rel=\"canonical\" href=\"https:\/\/belae4uacademy.com\/vi\/\uc870\uae30\uc720\ud559\uc900\ube44\/\" \/>\n<meta property=\"og:locale\" content=\"vi_VN\" \/>\n<meta property=\"og:type\" content=\"article\" \/>\n<meta property=\"og:title\" content=\"Early Study Abroad Preparation - \ud074\ub77d\ubca8\ub77c | BELA E4U academy\" \/>\n<meta property=\"og:description\" content=\"\uc870\uae30\uc720\ud559 \uc785\ud559 \uc900\ube44 \uacfc\uc815 \uc870\uae30\uc5d0 \uc790\ub140\ub97c \uc720\ud559 \ubcf4\ub0b4\uae30\ub85c \uacb0\uc815\ud569\ub2c8\ub2e4. \uc5b4\ud559\uc6d0\/\uc720\ud559\uc6d0\uc73c\ub85c\ubd80\ud130 \uc720\ud559 \ucd94\ucc9c\uc11c\ub97c \ubc1b\uc2b5\ub2c8\ub2e4. \uc0ac\ub9bd \ub610\ub294 \uad6d\uc81c \ud559\uad50 \uc785\ud559\uc5d0 \ud544\uc694\ud55c \uae30\ubcf8 \uc785\ud559 \uc11c\ub958\ub97c \uc900\ube44\ud569\ub2c8\ub2e4. \ud544\ub9ac\ud540 \uc5b4\ud559\uc6d0\uc5d0\uc11c \ucd5c\uc18c 2\u20133\uac1c\uc6d4 \ub3d9\uc548 ESL \uc218\uc5c5\uc5d0 \ub4e3\uc2b5\ub2c8\ub2e4. \uc815\uc2dd \uc785\ud559 \uc804 \ud544\ub9ac\ud540 \uc0ac\ub9bd \ub610\ub294 \uad6d\uc81c \ud559\uad50\uc5d0\uc11c \uac10\uc0ac \uc218\uc5c5\uc5d0 \ucc38\uc5ec\ud569\ub2c8\ub2e4. \ud559\uad50\ub97c \uc120\ud0dd\ud558\uace0 \ud544\uc694\ud55c \uc785\ud559 \uc808\ucc28\ub97c \uc644\ub8cc\ud569\ub2c8\ub2e4. \uc785\ud559 \uc2dc\ud5d8\uacfc \uba74\uc811\uc744 \ubcf4\uace0 \uacb0\uacfc\uc5d0 \ub530\ub77c ESL [&hellip;]\" \/>\n<meta property=\"og:url\" content=\"https:\/\/belae4uacademy.com\/vi\/\uc870\uae30\uc720\ud559\uc900\ube44\/\" \/>\n<meta property=\"og:site_name\" content=\"\ud074\ub77d\ubca8\ub77c | BELA E4U academy\" \/>\n<meta property=\"article:modified_time\" content=\"2026-01-07T12:57:07+00:00\" \/>\n<meta name=\"twitter:card\" content=\"summary_large_image\" \/>\n<meta name=\"twitter:label1\" content=\"\u01af\u1edbc t\u00ednh th\u1eddi gian \u0111\u1ecdc\" \/>\n\t<meta name=\"twitter:data1\" content=\"1 ph\u00fat\" \/>\n<script type=\"application\/ld+json\" class=\"yoast-schema-graph\">{\"@context\":\"https:\\\/\\\/schema.org\",\"@graph\":[{\"@type\":\"WebPage\",\"@id\":\"https:\\\/\\\/belae4uacademy.com\\\/%ec%a1%b0%ea%b8%b0%ec%9c%a0%ed%95%99%ec%a4%80%eb%b9%84\\\/\",\"url\":\"https:\\\/\\\/belae4uacademy.com\\\/%ec%a1%b0%ea%b8%b0%ec%9c%a0%ed%95%99%ec%a4%80%eb%b9%84\\\/\",\"name\":\"Early Study Abroad Preparation - \ud074\ub77d\ubca8\ub77c | BELA E4U academy\",\"isPartOf\":{\"@id\":\"https:\\\/\\\/belae4uacademy.com\\\/#website\"},\"datePublished\":\"2025-09-01T12:44:22+00:00\",\"dateModified\":\"2026-01-07T12:57:07+00:00\",\"breadcrumb\":{\"@id\":\"https:\\\/\\\/belae4uacademy.com\\\/%ec%a1%b0%ea%b8%b0%ec%9c%a0%ed%95%99%ec%a4%80%eb%b9%84\\\/#breadcrumb\"},\"inLanguage\":\"vi\",\"potentialAction\":[{\"@type\":\"ReadAction\",\"target\":[\"https:\\\/\\\/belae4uacademy.com\\\/%ec%a1%b0%ea%b8%b0%ec%9c%a0%ed%95%99%ec%a4%80%eb%b9%84\\\/\"]}]},{\"@type\":\"BreadcrumbList\",\"@id\":\"https:\\\/\\\/belae4uacademy.com\\\/%ec%a1%b0%ea%b8%b0%ec%9c%a0%ed%95%99%ec%a4%80%eb%b9%84\\\/#breadcrumb\",\"itemListElement\":[{\"@type\":\"ListItem\",\"position\":1,\"name\":\"Home\",\"item\":\"https:\\\/\\\/belae4uacademy.com\\\/\"},{\"@type\":\"ListItem\",\"position\":2,\"name\":\"Early Study Abroad Preparation\"}]},{\"@type\":\"WebSite\",\"@id\":\"https:\\\/\\\/belae4uacademy.com\\\/#website\",\"url\":\"https:\\\/\\\/belae4uacademy.com\\\/\",\"name\":\"\ud074\ub77d\ubca8\ub77c | BELA E4U academy\",\"description\":\"\ud544\ub9ac\ud540 \ud074\ub77d \uc8fc\ub2c8\uc5b4\u00b7\uac00\uc871\uc5f0\uc218 \uc804\ubb38 \ud559\uc6d0\",\"publisher\":{\"@id\":\"https:\\\/\\\/belae4uacademy.com\\\/#organization\"},\"potentialAction\":[{\"@type\":\"SearchAction\",\"target\":{\"@type\":\"EntryPoint\",\"urlTemplate\":\"https:\\\/\\\/belae4uacademy.com\\\/?s={search_term_string}\"},\"query-input\":{\"@type\":\"PropertyValueSpecification\",\"valueRequired\":true,\"valueName\":\"search_term_string\"}}],\"inLanguage\":\"vi\"},{\"@type\":\"Organization\",\"@id\":\"https:\\\/\\\/belae4uacademy.com\\\/#organization\",\"name\":\"\ud074\ub77d\ubca8\ub77c | BELA E4U academy\",\"url\":\"https:\\\/\\\/belae4uacademy.com\\\/\",\"logo\":{\"@type\":\"ImageObject\",\"inLanguage\":\"vi\",\"@id\":\"https:\\\/\\\/belae4uacademy.com\\\/#\\\/schema\\\/logo\\\/image\\\/\",\"url\":\"https:\\\/\\\/belae4uacademy.com\\\/wp-content\\\/uploads\\\/2025\\\/09\\\/cropped-image.png\",\"contentUrl\":\"https:\\\/\\\/belae4uacademy.com\\\/wp-content\\\/uploads\\\/2025\\\/09\\\/cropped-image.png\",\"width\":200,\"height\":200,\"caption\":\"\ud074\ub77d\ubca8\ub77c | BELA E4U academy\"},\"image\":{\"@id\":\"https:\\\/\\\/belae4uacademy.com\\\/#\\\/schema\\\/logo\\\/image\\\/\"}}]}<\/script>\n<!-- \/ Yoast SEO plugin. -->","yoast_head_json":{"title":"Early Study Abroad Preparation - \ud074\ub77d\ubca8\ub77c | BELA E4U academy","robots":{"index":"index","follow":"follow","max-snippet":"max-snippet:-1","max-image-preview":"max-image-preview:large","max-video-preview":"max-video-preview:-1"},"canonical":"https:\/\/belae4uacademy.com\/vi\/\uc870\uae30\uc720\ud559\uc900\ube44\/","og_locale":"vi_VN","og_type":"article","og_title":"Early Study Abroad Preparation - \ud074\ub77d\ubca8\ub77c | BELA E4U academy","og_description":"\uc870\uae30\uc720\ud559 \uc785\ud559 \uc900\ube44 \uacfc\uc815 \uc870\uae30\uc5d0 \uc790\ub140\ub97c \uc720\ud559 \ubcf4\ub0b4\uae30\ub85c \uacb0\uc815\ud569\ub2c8\ub2e4. \uc5b4\ud559\uc6d0\/\uc720\ud559\uc6d0\uc73c\ub85c\ubd80\ud130 \uc720\ud559 \ucd94\ucc9c\uc11c\ub97c \ubc1b\uc2b5\ub2c8\ub2e4. \uc0ac\ub9bd \ub610\ub294 \uad6d\uc81c \ud559\uad50 \uc785\ud559\uc5d0 \ud544\uc694\ud55c \uae30\ubcf8 \uc785\ud559 \uc11c\ub958\ub97c \uc900\ube44\ud569\ub2c8\ub2e4. \ud544\ub9ac\ud540 \uc5b4\ud559\uc6d0\uc5d0\uc11c \ucd5c\uc18c 2\u20133\uac1c\uc6d4 \ub3d9\uc548 ESL \uc218\uc5c5\uc5d0 \ub4e3\uc2b5\ub2c8\ub2e4. \uc815\uc2dd \uc785\ud559 \uc804 \ud544\ub9ac\ud540 \uc0ac\ub9bd \ub610\ub294 \uad6d\uc81c \ud559\uad50\uc5d0\uc11c \uac10\uc0ac \uc218\uc5c5\uc5d0 \ucc38\uc5ec\ud569\ub2c8\ub2e4. \ud559\uad50\ub97c \uc120\ud0dd\ud558\uace0 \ud544\uc694\ud55c \uc785\ud559 \uc808\ucc28\ub97c \uc644\ub8cc\ud569\ub2c8\ub2e4. \uc785\ud559 \uc2dc\ud5d8\uacfc \uba74\uc811\uc744 \ubcf4\uace0 \uacb0\uacfc\uc5d0 \ub530\ub77c ESL [&hellip;]","og_url":"https:\/\/belae4uacademy.com\/vi\/\uc870\uae30\uc720\ud559\uc900\ube44\/","og_site_name":"\ud074\ub77d\ubca8\ub77c | BELA E4U academy","article_modified_time":"2026-01-07T12:57:07+00:00","twitter_card":"summary_large_image","twitter_misc":{"\u01af\u1edbc t\u00ednh th\u1eddi gian \u0111\u1ecdc":"1 ph\u00fat"},"schema":{"@context":"https:\/\/schema.org","@graph":[{"@type":"WebPage","@id":"https:\/\/belae4uacademy.com\/%ec%a1%b0%ea%b8%b0%ec%9c%a0%ed%95%99%ec%a4%80%eb%b9%84\/","url":"https:\/\/belae4uacademy.com\/%ec%a1%b0%ea%b8%b0%ec%9c%a0%ed%95%99%ec%a4%80%eb%b9%84\/","name":"Early Study Abroad Preparation - \ud074\ub77d\ubca8\ub77c | BELA E4U academy","isPartOf":{"@id":"https:\/\/belae4uacademy.com\/#website"},"datePublished":"2025-09-01T12:44:22+00:00","dateModified":"2026-01-07T12:57:07+00:00","breadcrumb":{"@id":"https:\/\/belae4uacademy.com\/%ec%a1%b0%ea%b8%b0%ec%9c%a0%ed%95%99%ec%a4%80%eb%b9%84\/#breadcrumb"},"inLanguage":"vi","potentialAction":[{"@type":"ReadAction","target":["https:\/\/belae4uacademy.com\/%ec%a1%b0%ea%b8%b0%ec%9c%a0%ed%95%99%ec%a4%80%eb%b9%84\/"]}]},{"@type":"BreadcrumbList","@id":"https:\/\/belae4uacademy.com\/%ec%a1%b0%ea%b8%b0%ec%9c%a0%ed%95%99%ec%a4%80%eb%b9%84\/#breadcrumb","itemListElement":[{"@type":"ListItem","position":1,"name":"Home","item":"https:\/\/belae4uacademy.com\/"},{"@type":"ListItem","position":2,"name":"Early Study Abroad Preparation"}]},{"@type":"WebSite","@id":"https:\/\/belae4uacademy.com\/#website","url":"https:\/\/belae4uacademy.com\/","name":"Clark Bella | H\u1ecdc vi\u1ec7n BELA E4U","description":"\ud544\ub9ac\ud540 \ud074\ub77d \uc8fc\ub2c8\uc5b4\u00b7\uac00\uc871\uc5f0\uc218 \uc804\ubb38 \ud559\uc6d0","publisher":{"@id":"https:\/\/belae4uacademy.com\/#organization"},"potentialAction":[{"@type":"SearchAction","target":{"@type":"EntryPoint","urlTemplate":"https:\/\/belae4uacademy.com\/?s={search_term_string}"},"query-input":{"@type":"PropertyValueSpecification","valueRequired":true,"valueName":"search_term_string"}}],"inLanguage":"vi"},{"@type":"Organization","@id":"https:\/\/belae4uacademy.com\/#organization","name":"Clark Bella | H\u1ecdc vi\u1ec7n BELA E4U","url":"https:\/\/belae4uacademy.com\/","logo":{"@type":"ImageObject","inLanguage":"vi","@id":"https:\/\/belae4uacademy.com\/#\/schema\/logo\/image\/","url":"https:\/\/belae4uacademy.com\/wp-content\/uploads\/2025\/09\/cropped-image.png","contentUrl":"https:\/\/belae4uacademy.com\/wp-content\/uploads\/2025\/09\/cropped-image.png","width":200,"height":200,"caption":"\ud074\ub77d\ubca8\ub77c | BELA E4U academy"},"image":{"@id":"https:\/\/belae4uacademy.com\/#\/schema\/logo\/image\/"}}]}},"uagb_featured_image_src":{"full":false,"thumbnail":false,"medium":false,"medium_large":false,"large":false,"1536x1536":false,"2048x2048":false,"trp-custom-language-flag":false,"tutor-academy-featured-header-image":false,"online-tutor-featured-header-image":false},"uagb_author_info":{"display_name":"belacademy2006@gmail.com","author_link":"https:\/\/belae4uacademy.com\/vi\/author\/belacademy2006gmail-com\/"},"uagb_comment_info":0,"uagb_excerpt":"\uc870\uae30\uc720\ud559 \uc785\ud559 \uc900\ube44 \uacfc\uc815 \uc870\uae30\uc5d0 \uc790\ub140\ub97c \uc720\ud559 \ubcf4\ub0b4\uae30\ub85c \uacb0\uc815\ud569\ub2c8\ub2e4. \uc5b4\ud559\uc6d0\/\uc720\ud559\uc6d0\uc73c\ub85c\ubd80\ud130 \uc720\ud559 \ucd94\ucc9c\uc11c\ub97c \ubc1b\uc2b5\ub2c8\ub2e4. \uc0ac\ub9bd \ub610\ub294 \uad6d\uc81c \ud559\uad50 \uc785\ud559\uc5d0 \ud544\uc694\ud55c \uae30\ubcf8 \uc785\ud559 \uc11c\ub958\ub97c \uc900\ube44\ud569\ub2c8\ub2e4. \ud544\ub9ac\ud540 \uc5b4\ud559\uc6d0\uc5d0\uc11c \ucd5c\uc18c 2\u20133\uac1c\uc6d4 \ub3d9\uc548 ESL \uc218\uc5c5\uc5d0 \ub4e3\uc2b5\ub2c8\ub2e4. \uc815\uc2dd \uc785\ud559 \uc804 \ud544\ub9ac\ud540 \uc0ac\ub9bd \ub610\ub294 \uad6d\uc81c \ud559\uad50\uc5d0\uc11c \uac10\uc0ac \uc218\uc5c5\uc5d0 \ucc38\uc5ec\ud569\ub2c8\ub2e4. \ud559\uad50\ub97c \uc120\ud0dd\ud558\uace0 \ud544\uc694\ud55c \uc785\ud559 \uc808\ucc28\ub97c \uc644\ub8cc\ud569\ub2c8\ub2e4. \uc785\ud559 \uc2dc\ud5d8\uacfc \uba74\uc811\uc744 \ubcf4\uace0 \uacb0\uacfc\uc5d0 \ub530\ub77c ESL&hellip;","_links":{"self":[{"href":"https:\/\/belae4uacademy.com\/vi\/wp-json\/wp\/v2\/pages\/636","targetHints":{"allow":["GET"]}}],"collection":[{"href":"https:\/\/belae4uacademy.com\/vi\/wp-json\/wp\/v2\/pages"}],"about":[{"href":"https:\/\/belae4uacademy.com\/vi\/wp-json\/wp\/v2\/types\/page"}],"author":[{"embeddable":true,"href":"https:\/\/belae4uacademy.com\/vi\/wp-json\/wp\/v2\/users\/1"}],"replies":[{"embeddable":true,"href":"https:\/\/belae4uacademy.com\/vi\/wp-json\/wp\/v2\/comments?post=636"}],"version-history":[{"count":17,"href":"https:\/\/belae4uacademy.com\/vi\/wp-json\/wp\/v2\/pages\/636\/revisions"}],"predecessor-version":[{"id":2091,"href":"https:\/\/belae4uacademy.com\/vi\/wp-json\/wp\/v2\/pages\/636\/revisions\/2091"}],"wp:attachment":[{"href":"https:\/\/belae4uacademy.com\/vi\/wp-json\/wp\/v2\/media?parent=636"}],"curies":[{"name":"wp","href":"https:\/\/api.w.org\/{rel}","templated":true}]}}