{"id":638,"date":"2025-09-01T12:44:45","date_gmt":"2025-09-01T12:44:45","guid":{"rendered":"https:\/\/cyan-baboon-360649.hostingersite.com\/?page_id=638"},"modified":"2025-09-05T06:48:43","modified_gmt":"2025-09-05T06:48:43","slug":"international-school","status":"publish","type":"page","link":"https:\/\/belae4uacademy.com\/vi\/international-school\/","title":{"rendered":"Tr\u01b0\u1eddng Qu\u1ed1c t\u1ebf"},"content":{"rendered":"<div data-elementor-type=\"wp-page\" data-elementor-id=\"638\" class=\"elementor elementor-638\">\n\t\t\t\t<div class=\"elementor-element elementor-element-6fca864 e-flex e-con-boxed e-con e-parent\" data-id=\"6fca864\" data-element_type=\"container\" data-e-type=\"container\">\n\t\t\t\t\t<div class=\"e-con-inner\">\n\t\t\t\t<div class=\"elementor-element elementor-element-a503ff3 elementor-widget elementor-widget-spacer\" data-id=\"a503ff3\" data-element_type=\"widget\" data-e-type=\"widget\" data-widget_type=\"spacer.default\">\n\t\t\t\t\t\t\t<div class=\"elementor-spacer\">\n\t\t\t<div class=\"elementor-spacer-inner\"><\/div>\n\t\t<\/div>\n\t\t\t\t\t\t<\/div>\n\t\t\t\t\t<\/div>\n\t\t\t\t<\/div>\n\t\t<div class=\"elementor-element elementor-element-4261637 e-con-full e-flex e-con e-parent\" data-id=\"4261637\" data-element_type=\"container\" data-e-type=\"container\">\n\t\t\t\t<div class=\"elementor-element elementor-element-dd9e1ee elementor-widget elementor-widget-heading\" data-id=\"dd9e1ee\" data-element_type=\"widget\" data-e-type=\"widget\" data-widget_type=\"heading.default\">\n\t\t\t\t\t<h2 class=\"elementor-heading-title elementor-size-default\">Tr\u01b0\u1eddng Qu\u1ed1c t\u1ebf Noblesse\n<\/h2>\t\t\t\t<\/div>\n\t\t\t\t<\/div>\n\t\t<div class=\"elementor-element elementor-element-907cd37 e-con-full e-flex e-con e-parent\" data-id=\"907cd37\" data-element_type=\"container\" data-e-type=\"container\">\n\t\t\t\t<div class=\"elementor-element elementor-element-ee47a05 elementor-widget elementor-widget-text-editor\" data-id=\"ee47a05\" data-element_type=\"widget\" data-e-type=\"widget\" data-widget_type=\"text-editor.default\">\n\t\t\t\t\t\t\t\t\t<p>\u00a0Tr\u01b0\u1eddng Qu\u1ed1c t\u1ebf Noblesse \u0111\u01b0\u1ee3c th\u00e0nh l\u1eadp v\u00e0o n\u0103m 2008. Tr\u01b0\u1eddng ho\u1ea1t \u0111\u1ed9ng t\u1eeb b\u1eadc m\u1eabu gi\u00e1o v\u00e0 \u00e1p d\u1ee5ng h\u1ec7 th\u1ed1ng 12 l\u1edbp. Ch\u01b0\u01a1ng tr\u00ecnh IB \u0111\u01b0\u1ee3c c\u00e1c tr\u01b0\u1eddng \u0111\u1ea1i h\u1ecdc danh ti\u1ebfng tr\u00ean th\u1ebf gi\u1edbi c\u00f4ng nh\u1eadn v\u00e0 \u0111\u00e1nh gi\u00e1 cao, \u0111\u01b0\u1ee3c coi l\u00e0 ch\u01b0\u01a1ng tr\u00ecnh h\u00e0ng \u0111\u1ea7u trong gi\u00e1o d\u1ee5c qu\u1ed1c t\u1ebf. Th\u00f4ng qua ch\u01b0\u01a1ng tr\u00ecnh IB \u1edf l\u1edbp 11 v\u00e0 12, Tr\u01b0\u1eddng Qu\u1ed1c t\u1ebf Noblesse gi\u00fap h\u1ecdc sinh v\u00e0o c\u00e1c tr\u01b0\u1eddng \u0111\u1ea1i h\u1ecdc n\u1ed5i ti\u1ebfng th\u1ebf gi\u1edbi.<\/p>\t\t\t\t\t\t\t\t<\/div>\n\t\t\t\t<div class=\"elementor-element elementor-element-2ca1fe2 elementor-widget elementor-widget-image\" data-id=\"2ca1fe2\" data-element_type=\"widget\" data-e-type=\"widget\" data-widget_type=\"image.default\">\n\t\t\t\t\t\t\t\t\t\t\t\t\t\t\t<img fetchpriority=\"high\" decoding=\"async\" width=\"750\" height=\"435\" src=\"https:\/\/belae4uacademy.com\/wp-content\/uploads\/2025\/09\/e5c1666ce74ab.jpg\" class=\"attachment-large size-large wp-image-942\" alt=\"\" srcset=\"https:\/\/belae4uacademy.com\/wp-content\/uploads\/2025\/09\/e5c1666ce74ab.jpg 750w, https:\/\/belae4uacademy.com\/wp-content\/uploads\/2025\/09\/e5c1666ce74ab-300x174.jpg 300w\" sizes=\"(max-width: 750px) 100vw, 750px\" \/>\t\t\t\t\t\t\t\t\t\t\t\t\t\t\t<\/div>\n\t\t\t\t<\/div>\n\t\t<div class=\"elementor-element elementor-element-6e34006 e-flex e-con-boxed e-con e-parent\" data-id=\"6e34006\" data-element_type=\"container\" data-e-type=\"container\">\n\t\t\t\t\t<div class=\"e-con-inner\">\n\t\t\t\t<div class=\"elementor-element elementor-element-7104b0e elementor-widget elementor-widget-spacer\" data-id=\"7104b0e\" data-element_type=\"widget\" data-e-type=\"widget\" data-widget_type=\"spacer.default\">\n\t\t\t\t\t\t\t<div class=\"elementor-spacer\">\n\t\t\t<div class=\"elementor-spacer-inner\"><\/div>\n\t\t<\/div>\n\t\t\t\t\t\t<\/div>\n\t\t\t\t\t<\/div>\n\t\t\t\t<\/div>\n\t\t<div class=\"elementor-element elementor-element-46be9de e-con-full e-flex e-con e-parent\" data-id=\"46be9de\" data-element_type=\"container\" data-e-type=\"container\">\n\t\t\t\t<div class=\"elementor-element elementor-element-72cc2a9 elementor-widget elementor-widget-heading\" data-id=\"72cc2a9\" data-element_type=\"widget\" data-e-type=\"widget\" data-widget_type=\"heading.default\">\n\t\t\t\t\t<h2 class=\"elementor-heading-title elementor-size-default\">Tr\u01b0\u1eddng Qu\u1ed1c t\u1ebf Westfields\n<\/h2>\t\t\t\t<\/div>\n\t\t\t\t<\/div>\n\t\t<div class=\"elementor-element elementor-element-e69c13d e-con-full e-flex e-con e-parent\" data-id=\"e69c13d\" data-element_type=\"container\" data-e-type=\"container\">\n\t\t\t\t<div class=\"elementor-element elementor-element-6fcfcec elementor-widget elementor-widget-text-editor\" data-id=\"6fcfcec\" data-element_type=\"widget\" data-e-type=\"widget\" data-widget_type=\"text-editor.default\">\n\t\t\t\t\t\t\t\t\t<p>\u00a0Ch\u01b0\u01a1ng tr\u00ecnh Cambridge International Examination \u0111\u01b0\u1ee3c li\u00ean k\u1ebft v\u1edbi c\u00e1c Tr\u01b0\u1eddng Qu\u1ed1c t\u1ebf Cambridge, cho ph\u00e9p sinh vi\u00ean \u0111\u01b0\u1ee3c tuy\u1ec3n sinh \u0111\u1eb7c c\u00e1ch v\u00e0o c\u00e1c tr\u01b0\u1eddng \u0111\u1ea1i h\u1ecdc t\u1ea1i Anh, M\u1ef9 v\u00e0 nhi\u1ec1u qu\u1ed1c gia kh\u00e1c m\u00e0 kh\u00f4ng c\u1ea7n qua SAT. Ch\u01b0\u01a1ng tr\u00ecnh Cambridge International \u0111\u00e3 \u0111\u01b0\u1ee3c h\u01a1n 9.000 tr\u01b0\u1eddng trung h\u1ecdc t\u1ea1i 160 qu\u1ed1c gia \u00e1p d\u1ee5ng. C\u00e1c tr\u01b0\u1eddng \u0111\u1ea1i h\u1ecdc ti\u00eau bi\u1ec3u li\u00ean k\u1ebft v\u1edbi ch\u01b0\u01a1ng tr\u00ecnh n\u00e0y g\u1ed3m kho\u1ea3ng 70 tr\u01b0\u1eddng, bao g\u1ed3m c\u00e1c tr\u01b0\u1eddng Ivy League t\u1ea1i M\u1ef9 nh\u01b0 Harvard, Cornell, Princeton, Yale v\u00e0 Brown, c\u00f9ng nhi\u1ec1u tr\u01b0\u1eddng \u0111\u1ea1i h\u1ecdc h\u00e0ng \u0111\u1ea7u t\u1ea1i 16 qu\u1ed1c gia nh\u01b0 Canada, \u00dac, Singapore, New Zealand v\u00e0 H\u1ed3ng K\u00f4ng c\u0169ng c\u00f4ng nh\u1eadn ch\u01b0\u01a1ng tr\u00ecnh n\u00e0y.<\/p>\t\t\t\t\t\t\t\t<\/div>\n\t\t\t\t<div class=\"elementor-element elementor-element-c024601 elementor-widget elementor-widget-image\" data-id=\"c024601\" data-element_type=\"widget\" data-e-type=\"widget\" data-widget_type=\"image.default\">\n\t\t\t\t\t\t\t\t\t\t\t\t\t\t\t<img decoding=\"async\" width=\"755\" height=\"411\" src=\"https:\/\/belae4uacademy.com\/wp-content\/uploads\/2025\/09\/ffa3a4f53a83f.jpg\" class=\"attachment-large size-large wp-image-943\" alt=\"\" srcset=\"https:\/\/belae4uacademy.com\/wp-content\/uploads\/2025\/09\/ffa3a4f53a83f.jpg 755w, https:\/\/belae4uacademy.com\/wp-content\/uploads\/2025\/09\/ffa3a4f53a83f-300x163.jpg 300w\" sizes=\"(max-width: 755px) 100vw, 755px\" \/>\t\t\t\t\t\t\t\t\t\t\t\t\t\t\t<\/div>\n\t\t\t\t<\/div>\n\t\t<div class=\"elementor-element elementor-element-e9c672d e-flex e-con-boxed e-con e-parent\" data-id=\"e9c672d\" data-element_type=\"container\" data-e-type=\"container\">\n\t\t\t\t\t<div class=\"e-con-inner\">\n\t\t\t\t<div class=\"elementor-element elementor-element-1622614 elementor-widget elementor-widget-spacer\" data-id=\"1622614\" data-element_type=\"widget\" data-e-type=\"widget\" data-widget_type=\"spacer.default\">\n\t\t\t\t\t\t\t<div class=\"elementor-spacer\">\n\t\t\t<div class=\"elementor-spacer-inner\"><\/div>\n\t\t<\/div>\n\t\t\t\t\t\t<\/div>\n\t\t\t\t\t<\/div>\n\t\t\t\t<\/div>\n\t\t<div class=\"elementor-element elementor-element-a8bee48 e-con-full e-flex e-con e-parent\" data-id=\"a8bee48\" data-element_type=\"container\" data-e-type=\"container\">\n\t\t\t\t<div class=\"elementor-element elementor-element-8afa8a3 elementor-widget elementor-widget-heading\" data-id=\"8afa8a3\" data-element_type=\"widget\" data-e-type=\"widget\" data-widget_type=\"heading.default\">\n\t\t\t\t\t<h2 class=\"elementor-heading-title elementor-size-default\">Tr\u01b0\u1eddng M\u1ef9 St. Paul <\/h2>\t\t\t\t<\/div>\n\t\t\t\t<\/div>\n\t\t<div class=\"elementor-element elementor-element-320e7c2 e-con-full e-flex e-con e-parent\" data-id=\"320e7c2\" data-element_type=\"container\" data-e-type=\"container\">\n\t\t\t\t<div class=\"elementor-element elementor-element-e5ed8a1 elementor-widget elementor-widget-text-editor\" data-id=\"e5ed8a1\" data-element_type=\"widget\" data-e-type=\"widget\" data-widget_type=\"text-editor.default\">\n\t\t\t\t\t\t\t\t\t<p>\u0110\u00e2y l\u00e0 m\u1ed9t tr\u01b0\u1eddng qu\u1ed1c t\u1ebf t\u1ea1i Clark, Philippines, ho\u1ea1t \u0111\u1ed9ng v\u1edbi c\u00f9ng ch\u01b0\u01a1ng tr\u00ecnh gi\u1ea3ng d\u1ea1y nh\u01b0 Tr\u01b0\u1eddng St. Paul Preparatory \u1edf Minnesota, Hoa K\u1ef3.<\/p>\t\t\t\t\t\t\t\t<\/div>\n\t\t\t\t<div class=\"elementor-element elementor-element-18b8fd3 elementor-widget elementor-widget-image\" data-id=\"18b8fd3\" data-element_type=\"widget\" data-e-type=\"widget\" data-widget_type=\"image.default\">\n\t\t\t\t\t\t\t\t\t\t\t\t\t\t\t<img decoding=\"async\" width=\"812\" height=\"572\" src=\"https:\/\/belae4uacademy.com\/wp-content\/uploads\/2025\/09\/202c0099d8419.jpg\" class=\"attachment-large size-large wp-image-944\" alt=\"\" srcset=\"https:\/\/belae4uacademy.com\/wp-content\/uploads\/2025\/09\/202c0099d8419.jpg 812w, https:\/\/belae4uacademy.com\/wp-content\/uploads\/2025\/09\/202c0099d8419-300x211.jpg 300w, https:\/\/belae4uacademy.com\/wp-content\/uploads\/2025\/09\/202c0099d8419-768x541.jpg 768w\" sizes=\"(max-width: 812px) 100vw, 812px\" \/>\t\t\t\t\t\t\t\t\t\t\t\t\t\t\t<\/div>\n\t\t\t\t<\/div>\n\t\t<div class=\"elementor-element elementor-element-3347191 e-flex e-con-boxed e-con e-parent\" data-id=\"3347191\" data-element_type=\"container\" data-e-type=\"container\">\n\t\t\t\t\t<div class=\"e-con-inner\">\n\t\t\t\t<div class=\"elementor-element elementor-element-7fb319e elementor-widget elementor-widget-spacer\" data-id=\"7fb319e\" data-element_type=\"widget\" data-e-type=\"widget\" data-widget_type=\"spacer.default\">\n\t\t\t\t\t\t\t<div class=\"elementor-spacer\">\n\t\t\t<div class=\"elementor-spacer-inner\"><\/div>\n\t\t<\/div>\n\t\t\t\t\t\t<\/div>\n\t\t\t\t\t<\/div>\n\t\t\t\t<\/div>\n\t\t<div class=\"elementor-element elementor-element-77f3359 e-con-full e-flex e-con e-parent\" data-id=\"77f3359\" data-element_type=\"container\" data-e-type=\"container\">\n\t\t\t\t<div class=\"elementor-element elementor-element-0fc72e0 elementor-widget elementor-widget-heading\" data-id=\"0fc72e0\" data-element_type=\"widget\" data-e-type=\"widget\" data-widget_type=\"heading.default\">\n\t\t\t\t\t<h2 class=\"elementor-heading-title elementor-size-default\">Tr\u01b0\u1eddng Qu\u1ed1c t\u1ebf Singapore<\/h2>\t\t\t\t<\/div>\n\t\t\t\t<\/div>\n\t\t<div class=\"elementor-element elementor-element-8a667a3 e-con-full e-flex e-con e-parent\" data-id=\"8a667a3\" data-element_type=\"container\" data-e-type=\"container\">\n\t\t\t\t<div class=\"elementor-element elementor-element-c5ba9d8 elementor-widget elementor-widget-text-editor\" data-id=\"c5ba9d8\" data-element_type=\"widget\" data-e-type=\"widget\" data-widget_type=\"text-editor.default\">\n\t\t\t\t\t\t\t\t\t<p>\u00a0N\u1eb1m t\u1ea1i Clark v\u00e0 hi\u1ec7n \u0111ang ho\u1ea1t \u0111\u1ed9ng theo h\u1ec7 th\u1ed1ng 12 l\u1edbp.<\/p>\t\t\t\t\t\t\t\t<\/div>\n\t\t\t\t<div class=\"elementor-element elementor-element-61cb45d elementor-widget elementor-widget-image\" data-id=\"61cb45d\" data-element_type=\"widget\" data-e-type=\"widget\" data-widget_type=\"image.default\">\n\t\t\t\t\t\t\t\t\t\t\t\t\t\t\t<img loading=\"lazy\" decoding=\"async\" width=\"617\" height=\"463\" src=\"https:\/\/belae4uacademy.com\/wp-content\/uploads\/2025\/09\/a93212a685a7c.jpg\" class=\"attachment-large size-large wp-image-945\" alt=\"\" srcset=\"https:\/\/belae4uacademy.com\/wp-content\/uploads\/2025\/09\/a93212a685a7c.jpg 617w, https:\/\/belae4uacademy.com\/wp-content\/uploads\/2025\/09\/a93212a685a7c-300x225.jpg 300w\" sizes=\"(max-width: 617px) 100vw, 617px\" \/>\t\t\t\t\t\t\t\t\t\t\t\t\t\t\t<\/div>\n\t\t\t\t<\/div>\n\t\t<div class=\"elementor-element elementor-element-68c309c e-flex e-con-boxed e-con e-parent\" data-id=\"68c309c\" data-element_type=\"container\" data-e-type=\"container\">\n\t\t\t\t\t<div class=\"e-con-inner\">\n\t\t\t\t<div class=\"elementor-element elementor-element-bcc3465 elementor-widget elementor-widget-spacer\" data-id=\"bcc3465\" data-element_type=\"widget\" data-e-type=\"widget\" data-widget_type=\"spacer.default\">\n\t\t\t\t\t\t\t<div class=\"elementor-spacer\">\n\t\t\t<div class=\"elementor-spacer-inner\"><\/div>\n\t\t<\/div>\n\t\t\t\t\t\t<\/div>\n\t\t\t\t\t<\/div>\n\t\t\t\t<\/div>\n\t\t\t\t<\/div>","protected":false},"excerpt":{"rendered":"<p>Noblesse International School \u00a0\ub178\ube14\ub808\uc2a4 \uad6d\uc81c\ud559\uad50\ub294 2008\ub144\uc5d0 \uc124\ub9bd\ub418\uc5c8\uc2b5\ub2c8\ub2e4. \uc720\uce58\uc6d0\ubd80\ud130 \uc6b4\uc601\ud558\uace0 \uc788\uc73c\uba70 \u00a012\ud559\ub144\uc81c \uc785\ub2c8\ub2e4. IB \ud504\ub85c\uadf8\ub7a8\uc740 \uc138\uacc4\uc720\uc218\uc758 \ub300\ud559\uc5d0\uc11c \uc778\uc815\uacfc \uc874\uacbd\uc744 \ubc1b\uc558\uace0, \uad6d\uc81c \uad50\uc721\uc5d0\uc11c \ucd5c\uace0\uc758 \uad50\uc721\uacfc\uc815\uc73c\ub85c \ud3c9\uac00\ubc1b\uace0 \uc788\uc2b5\ub2c8\ub2e4. \ub178\ube14\ub808\uc2a4 \uad6d\uc81c\ud559\uad50\ub294 11,12\ud559\ub144 IB \ud504\ub85c\uadf8\ub7a8\uc744 \ud1b5\ud574 \uc138\uacc4 \uc720\uba85 \ub300\ud559\uc73c\ub85c \uc9c4\ud559 \ud558\uace0 \uc788\uc2b5\ub2c8\ub2e4. Westfields International School \u00a0Cambridge International Examination\ud504\ub85c\uadf8\ub7a8\uc740 \ucea0\ube0c\ub9bf\uc9c0 \uad6d\uc81c\ud559\uad50\uc640 \uc5f0\uacc4\uac00 \ub418\uc5b4\uc788\ub294 \uc601\uad6d, \ubbf8\uad6d \ub4f1\uc9c0\uc758 \ub300\ud559\uc73c\ub85c SAT\ub97c \uac70\uce58\uc9c0 \uc54a\uace0 \ud2b9\ub840\uc785\ud559\uc744 [&hellip;]<\/p>","protected":false},"author":1,"featured_media":0,"parent":0,"menu_order":0,"comment_status":"closed","ping_status":"closed","template":"","meta":{"_uag_custom_page_level_css":"","footnotes":""},"class_list":["post-638","page","type-page","status-publish","hentry"],"aioseo_notices":[],"yoast_head":"<!-- This site is optimized with the Yoast SEO plugin v27.4 - https:\/\/yoast.com\/product\/yoast-seo-wordpress\/ -->\n<title>International School - \ud074\ub77d\ubca8\ub77c | BELA E4U academy<\/title>\n<meta name=\"robots\" content=\"index, follow, max-snippet:-1, max-image-preview:large, max-video-preview:-1\" \/>\n<link rel=\"canonical\" href=\"https:\/\/belae4uacademy.com\/vi\/international-school\/\" \/>\n<meta property=\"og:locale\" content=\"vi_VN\" \/>\n<meta property=\"og:type\" content=\"article\" \/>\n<meta property=\"og:title\" content=\"International School - \ud074\ub77d\ubca8\ub77c | BELA E4U academy\" \/>\n<meta property=\"og:description\" content=\"Noblesse International School \u00a0\ub178\ube14\ub808\uc2a4 \uad6d\uc81c\ud559\uad50\ub294 2008\ub144\uc5d0 \uc124\ub9bd\ub418\uc5c8\uc2b5\ub2c8\ub2e4. \uc720\uce58\uc6d0\ubd80\ud130 \uc6b4\uc601\ud558\uace0 \uc788\uc73c\uba70 \u00a012\ud559\ub144\uc81c \uc785\ub2c8\ub2e4. IB \ud504\ub85c\uadf8\ub7a8\uc740 \uc138\uacc4\uc720\uc218\uc758 \ub300\ud559\uc5d0\uc11c \uc778\uc815\uacfc \uc874\uacbd\uc744 \ubc1b\uc558\uace0, \uad6d\uc81c \uad50\uc721\uc5d0\uc11c \ucd5c\uace0\uc758 \uad50\uc721\uacfc\uc815\uc73c\ub85c \ud3c9\uac00\ubc1b\uace0 \uc788\uc2b5\ub2c8\ub2e4. \ub178\ube14\ub808\uc2a4 \uad6d\uc81c\ud559\uad50\ub294 11,12\ud559\ub144 IB \ud504\ub85c\uadf8\ub7a8\uc744 \ud1b5\ud574 \uc138\uacc4 \uc720\uba85 \ub300\ud559\uc73c\ub85c \uc9c4\ud559 \ud558\uace0 \uc788\uc2b5\ub2c8\ub2e4. Westfields International School \u00a0Cambridge International Examination\ud504\ub85c\uadf8\ub7a8\uc740 \ucea0\ube0c\ub9bf\uc9c0 \uad6d\uc81c\ud559\uad50\uc640 \uc5f0\uacc4\uac00 \ub418\uc5b4\uc788\ub294 \uc601\uad6d, \ubbf8\uad6d \ub4f1\uc9c0\uc758 \ub300\ud559\uc73c\ub85c SAT\ub97c \uac70\uce58\uc9c0 \uc54a\uace0 \ud2b9\ub840\uc785\ud559\uc744 [&hellip;]\" \/>\n<meta property=\"og:url\" content=\"https:\/\/belae4uacademy.com\/vi\/international-school\/\" \/>\n<meta property=\"og:site_name\" content=\"\ud074\ub77d\ubca8\ub77c | BELA E4U academy\" \/>\n<meta property=\"article:modified_time\" content=\"2025-09-05T06:48:43+00:00\" \/>\n<meta property=\"og:image\" content=\"https:\/\/belae4uacademy.com\/wp-content\/uploads\/2025\/09\/e5c1666ce74ab.jpg\" \/>\n<meta name=\"twitter:card\" content=\"summary_large_image\" \/>\n<meta name=\"twitter:label1\" content=\"\u01af\u1edbc t\u00ednh th\u1eddi gian \u0111\u1ecdc\" \/>\n\t<meta name=\"twitter:data1\" content=\"1 ph\u00fat\" \/>\n<script type=\"application\/ld+json\" class=\"yoast-schema-graph\">{\"@context\":\"https:\\\/\\\/schema.org\",\"@graph\":[{\"@type\":\"WebPage\",\"@id\":\"https:\\\/\\\/belae4uacademy.com\\\/ja\\\/international-school\\\/\",\"url\":\"https:\\\/\\\/belae4uacademy.com\\\/ja\\\/international-school\\\/\",\"name\":\"International School - \ud074\ub77d\ubca8\ub77c | BELA E4U academy\",\"isPartOf\":{\"@id\":\"https:\\\/\\\/belae4uacademy.com\\\/#website\"},\"primaryImageOfPage\":{\"@id\":\"https:\\\/\\\/belae4uacademy.com\\\/ja\\\/international-school\\\/#primaryimage\"},\"image\":{\"@id\":\"https:\\\/\\\/belae4uacademy.com\\\/ja\\\/international-school\\\/#primaryimage\"},\"thumbnailUrl\":\"https:\\\/\\\/belae4uacademy.com\\\/wp-content\\\/uploads\\\/2025\\\/09\\\/e5c1666ce74ab.jpg\",\"datePublished\":\"2025-09-01T12:44:45+00:00\",\"dateModified\":\"2025-09-05T06:48:43+00:00\",\"breadcrumb\":{\"@id\":\"https:\\\/\\\/belae4uacademy.com\\\/ja\\\/international-school\\\/#breadcrumb\"},\"inLanguage\":\"vi\",\"potentialAction\":[{\"@type\":\"ReadAction\",\"target\":[\"https:\\\/\\\/belae4uacademy.com\\\/ja\\\/international-school\\\/\"]}]},{\"@type\":\"ImageObject\",\"inLanguage\":\"vi\",\"@id\":\"https:\\\/\\\/belae4uacademy.com\\\/ja\\\/international-school\\\/#primaryimage\",\"url\":\"https:\\\/\\\/belae4uacademy.com\\\/wp-content\\\/uploads\\\/2025\\\/09\\\/e5c1666ce74ab.jpg\",\"contentUrl\":\"https:\\\/\\\/belae4uacademy.com\\\/wp-content\\\/uploads\\\/2025\\\/09\\\/e5c1666ce74ab.jpg\"},{\"@type\":\"BreadcrumbList\",\"@id\":\"https:\\\/\\\/belae4uacademy.com\\\/ja\\\/international-school\\\/#breadcrumb\",\"itemListElement\":[{\"@type\":\"ListItem\",\"position\":1,\"name\":\"Home\",\"item\":\"https:\\\/\\\/belae4uacademy.com\\\/\"},{\"@type\":\"ListItem\",\"position\":2,\"name\":\"International School\"}]},{\"@type\":\"WebSite\",\"@id\":\"https:\\\/\\\/belae4uacademy.com\\\/#website\",\"url\":\"https:\\\/\\\/belae4uacademy.com\\\/\",\"name\":\"\ud074\ub77d\ubca8\ub77c | BELA E4U academy\",\"description\":\"\ud544\ub9ac\ud540 \ud074\ub77d \uc8fc\ub2c8\uc5b4\u00b7\uac00\uc871\uc5f0\uc218 \uc804\ubb38 \ud559\uc6d0\",\"publisher\":{\"@id\":\"https:\\\/\\\/belae4uacademy.com\\\/#organization\"},\"potentialAction\":[{\"@type\":\"SearchAction\",\"target\":{\"@type\":\"EntryPoint\",\"urlTemplate\":\"https:\\\/\\\/belae4uacademy.com\\\/?s={search_term_string}\"},\"query-input\":{\"@type\":\"PropertyValueSpecification\",\"valueRequired\":true,\"valueName\":\"search_term_string\"}}],\"inLanguage\":\"vi\"},{\"@type\":\"Organization\",\"@id\":\"https:\\\/\\\/belae4uacademy.com\\\/#organization\",\"name\":\"\ud074\ub77d\ubca8\ub77c | BELA E4U academy\",\"url\":\"https:\\\/\\\/belae4uacademy.com\\\/\",\"logo\":{\"@type\":\"ImageObject\",\"inLanguage\":\"vi\",\"@id\":\"https:\\\/\\\/belae4uacademy.com\\\/#\\\/schema\\\/logo\\\/image\\\/\",\"url\":\"https:\\\/\\\/belae4uacademy.com\\\/wp-content\\\/uploads\\\/2025\\\/09\\\/cropped-image.png\",\"contentUrl\":\"https:\\\/\\\/belae4uacademy.com\\\/wp-content\\\/uploads\\\/2025\\\/09\\\/cropped-image.png\",\"width\":200,\"height\":200,\"caption\":\"\ud074\ub77d\ubca8\ub77c | BELA E4U academy\"},\"image\":{\"@id\":\"https:\\\/\\\/belae4uacademy.com\\\/#\\\/schema\\\/logo\\\/image\\\/\"}}]}<\/script>\n<!-- \/ Yoast SEO plugin. -->","yoast_head_json":{"title":"International School - \ud074\ub77d\ubca8\ub77c | BELA E4U academy","robots":{"index":"index","follow":"follow","max-snippet":"max-snippet:-1","max-image-preview":"max-image-preview:large","max-video-preview":"max-video-preview:-1"},"canonical":"https:\/\/belae4uacademy.com\/vi\/international-school\/","og_locale":"vi_VN","og_type":"article","og_title":"International School - \ud074\ub77d\ubca8\ub77c | BELA E4U academy","og_description":"Noblesse International School \u00a0\ub178\ube14\ub808\uc2a4 \uad6d\uc81c\ud559\uad50\ub294 2008\ub144\uc5d0 \uc124\ub9bd\ub418\uc5c8\uc2b5\ub2c8\ub2e4. \uc720\uce58\uc6d0\ubd80\ud130 \uc6b4\uc601\ud558\uace0 \uc788\uc73c\uba70 \u00a012\ud559\ub144\uc81c \uc785\ub2c8\ub2e4. IB \ud504\ub85c\uadf8\ub7a8\uc740 \uc138\uacc4\uc720\uc218\uc758 \ub300\ud559\uc5d0\uc11c \uc778\uc815\uacfc \uc874\uacbd\uc744 \ubc1b\uc558\uace0, \uad6d\uc81c \uad50\uc721\uc5d0\uc11c \ucd5c\uace0\uc758 \uad50\uc721\uacfc\uc815\uc73c\ub85c \ud3c9\uac00\ubc1b\uace0 \uc788\uc2b5\ub2c8\ub2e4. \ub178\ube14\ub808\uc2a4 \uad6d\uc81c\ud559\uad50\ub294 11,12\ud559\ub144 IB \ud504\ub85c\uadf8\ub7a8\uc744 \ud1b5\ud574 \uc138\uacc4 \uc720\uba85 \ub300\ud559\uc73c\ub85c \uc9c4\ud559 \ud558\uace0 \uc788\uc2b5\ub2c8\ub2e4. Westfields International School \u00a0Cambridge International Examination\ud504\ub85c\uadf8\ub7a8\uc740 \ucea0\ube0c\ub9bf\uc9c0 \uad6d\uc81c\ud559\uad50\uc640 \uc5f0\uacc4\uac00 \ub418\uc5b4\uc788\ub294 \uc601\uad6d, \ubbf8\uad6d \ub4f1\uc9c0\uc758 \ub300\ud559\uc73c\ub85c SAT\ub97c \uac70\uce58\uc9c0 \uc54a\uace0 \ud2b9\ub840\uc785\ud559\uc744 [&hellip;]","og_url":"https:\/\/belae4uacademy.com\/vi\/international-school\/","og_site_name":"\ud074\ub77d\ubca8\ub77c | BELA E4U academy","article_modified_time":"2025-09-05T06:48:43+00:00","og_image":[{"url":"https:\/\/belae4uacademy.com\/wp-content\/uploads\/2025\/09\/e5c1666ce74ab.jpg","type":"","width":"","height":""}],"twitter_card":"summary_large_image","twitter_misc":{"\u01af\u1edbc t\u00ednh th\u1eddi gian \u0111\u1ecdc":"1 ph\u00fat"},"schema":{"@context":"https:\/\/schema.org","@graph":[{"@type":"WebPage","@id":"https:\/\/belae4uacademy.com\/ja\/international-school\/","url":"https:\/\/belae4uacademy.com\/ja\/international-school\/","name":"International School - \ud074\ub77d\ubca8\ub77c | BELA E4U academy","isPartOf":{"@id":"https:\/\/belae4uacademy.com\/#website"},"primaryImageOfPage":{"@id":"https:\/\/belae4uacademy.com\/ja\/international-school\/#primaryimage"},"image":{"@id":"https:\/\/belae4uacademy.com\/ja\/international-school\/#primaryimage"},"thumbnailUrl":"https:\/\/belae4uacademy.com\/wp-content\/uploads\/2025\/09\/e5c1666ce74ab.jpg","datePublished":"2025-09-01T12:44:45+00:00","dateModified":"2025-09-05T06:48:43+00:00","breadcrumb":{"@id":"https:\/\/belae4uacademy.com\/ja\/international-school\/#breadcrumb"},"inLanguage":"vi","potentialAction":[{"@type":"ReadAction","target":["https:\/\/belae4uacademy.com\/ja\/international-school\/"]}]},{"@type":"ImageObject","inLanguage":"vi","@id":"https:\/\/belae4uacademy.com\/ja\/international-school\/#primaryimage","url":"https:\/\/belae4uacademy.com\/wp-content\/uploads\/2025\/09\/e5c1666ce74ab.jpg","contentUrl":"https:\/\/belae4uacademy.com\/wp-content\/uploads\/2025\/09\/e5c1666ce74ab.jpg"},{"@type":"BreadcrumbList","@id":"https:\/\/belae4uacademy.com\/ja\/international-school\/#breadcrumb","itemListElement":[{"@type":"ListItem","position":1,"name":"Home","item":"https:\/\/belae4uacademy.com\/"},{"@type":"ListItem","position":2,"name":"International School"}]},{"@type":"WebSite","@id":"https:\/\/belae4uacademy.com\/#website","url":"https:\/\/belae4uacademy.com\/","name":"Clark Bella | H\u1ecdc vi\u1ec7n BELA E4U","description":"\ud544\ub9ac\ud540 \ud074\ub77d \uc8fc\ub2c8\uc5b4\u00b7\uac00\uc871\uc5f0\uc218 \uc804\ubb38 \ud559\uc6d0","publisher":{"@id":"https:\/\/belae4uacademy.com\/#organization"},"potentialAction":[{"@type":"SearchAction","target":{"@type":"EntryPoint","urlTemplate":"https:\/\/belae4uacademy.com\/?s={search_term_string}"},"query-input":{"@type":"PropertyValueSpecification","valueRequired":true,"valueName":"search_term_string"}}],"inLanguage":"vi"},{"@type":"Organization","@id":"https:\/\/belae4uacademy.com\/#organization","name":"Clark Bella | H\u1ecdc vi\u1ec7n BELA E4U","url":"https:\/\/belae4uacademy.com\/","logo":{"@type":"ImageObject","inLanguage":"vi","@id":"https:\/\/belae4uacademy.com\/#\/schema\/logo\/image\/","url":"https:\/\/belae4uacademy.com\/wp-content\/uploads\/2025\/09\/cropped-image.png","contentUrl":"https:\/\/belae4uacademy.com\/wp-content\/uploads\/2025\/09\/cropped-image.png","width":200,"height":200,"caption":"\ud074\ub77d\ubca8\ub77c | BELA E4U academy"},"image":{"@id":"https:\/\/belae4uacademy.com\/#\/schema\/logo\/image\/"}}]}},"uagb_featured_image_src":{"full":false,"thumbnail":false,"medium":false,"medium_large":false,"large":false,"1536x1536":false,"2048x2048":false,"trp-custom-language-flag":false,"tutor-academy-featured-header-image":false,"online-tutor-featured-header-image":false},"uagb_author_info":{"display_name":"belacademy2006@gmail.com","author_link":"https:\/\/belae4uacademy.com\/vi\/author\/belacademy2006gmail-com\/"},"uagb_comment_info":0,"uagb_excerpt":"Noblesse International School \u00a0\ub178\ube14\ub808\uc2a4 \uad6d\uc81c\ud559\uad50\ub294 2008\ub144\uc5d0 \uc124\ub9bd\ub418\uc5c8\uc2b5\ub2c8\ub2e4. \uc720\uce58\uc6d0\ubd80\ud130 \uc6b4\uc601\ud558\uace0 \uc788\uc73c\uba70 \u00a012\ud559\ub144\uc81c \uc785\ub2c8\ub2e4. IB \ud504\ub85c\uadf8\ub7a8\uc740 \uc138\uacc4\uc720\uc218\uc758 \ub300\ud559\uc5d0\uc11c \uc778\uc815\uacfc \uc874\uacbd\uc744 \ubc1b\uc558\uace0, \uad6d\uc81c \uad50\uc721\uc5d0\uc11c \ucd5c\uace0\uc758 \uad50\uc721\uacfc\uc815\uc73c\ub85c \ud3c9\uac00\ubc1b\uace0 \uc788\uc2b5\ub2c8\ub2e4. \ub178\ube14\ub808\uc2a4 \uad6d\uc81c\ud559\uad50\ub294 11,12\ud559\ub144 IB \ud504\ub85c\uadf8\ub7a8\uc744 \ud1b5\ud574 \uc138\uacc4 \uc720\uba85 \ub300\ud559\uc73c\ub85c \uc9c4\ud559 \ud558\uace0 \uc788\uc2b5\ub2c8\ub2e4. Westfields International School \u00a0Cambridge International Examination\ud504\ub85c\uadf8\ub7a8\uc740 \ucea0\ube0c\ub9bf\uc9c0 \uad6d\uc81c\ud559\uad50\uc640 \uc5f0\uacc4\uac00 \ub418\uc5b4\uc788\ub294 \uc601\uad6d, \ubbf8\uad6d \ub4f1\uc9c0\uc758 \ub300\ud559\uc73c\ub85c SAT\ub97c \uac70\uce58\uc9c0 \uc54a\uace0 \ud2b9\ub840\uc785\ud559\uc744&hellip;","_links":{"self":[{"href":"https:\/\/belae4uacademy.com\/vi\/wp-json\/wp\/v2\/pages\/638","targetHints":{"allow":["GET"]}}],"collection":[{"href":"https:\/\/belae4uacademy.com\/vi\/wp-json\/wp\/v2\/pages"}],"about":[{"href":"https:\/\/belae4uacademy.com\/vi\/wp-json\/wp\/v2\/types\/page"}],"author":[{"embeddable":true,"href":"https:\/\/belae4uacademy.com\/vi\/wp-json\/wp\/v2\/users\/1"}],"replies":[{"embeddable":true,"href":"https:\/\/belae4uacademy.com\/vi\/wp-json\/wp\/v2\/comments?post=638"}],"version-history":[{"count":13,"href":"https:\/\/belae4uacademy.com\/vi\/wp-json\/wp\/v2\/pages\/638\/revisions"}],"predecessor-version":[{"id":1559,"href":"https:\/\/belae4uacademy.com\/vi\/wp-json\/wp\/v2\/pages\/638\/revisions\/1559"}],"wp:attachment":[{"href":"https:\/\/belae4uacademy.com\/vi\/wp-json\/wp\/v2\/media?parent=638"}],"curies":[{"name":"wp","href":"https:\/\/api.w.org\/{rel}","templated":true}]}}