{"id":640,"date":"2025-09-01T12:45:12","date_gmt":"2025-09-01T12:45:12","guid":{"rendered":"https:\/\/cyan-baboon-360649.hostingersite.com\/?page_id=640"},"modified":"2026-01-05T07:15:50","modified_gmt":"2026-01-05T07:15:50","slug":"%ec%bb%a4%eb%a6%ac%ed%81%98%eb%9f%bc","status":"publish","type":"page","link":"https:\/\/belae4uacademy.com\/vi\/%ec%bb%a4%eb%a6%ac%ed%81%98%eb%9f%bc\/","title":{"rendered":"Ch\u01b0\u01a1ng tr\u00ecnh h\u1ecdc"},"content":{"rendered":"<div data-elementor-type=\"wp-page\" data-elementor-id=\"640\" class=\"elementor elementor-640\">\n\t\t\t\t<div class=\"elementor-element elementor-element-e453917 e-flex e-con-boxed e-con e-parent\" data-id=\"e453917\" data-element_type=\"container\" data-e-type=\"container\">\n\t\t\t\t\t<div class=\"e-con-inner\">\n\t\t\t\t<div class=\"elementor-element elementor-element-72e732f elementor-widget-divider--view-line elementor-widget elementor-widget-divider\" data-id=\"72e732f\" data-element_type=\"widget\" data-e-type=\"widget\" data-widget_type=\"divider.default\">\n\t\t\t\t\t\t\t<div class=\"elementor-divider\">\n\t\t\t<span class=\"elementor-divider-separator\">\n\t\t\t\t\t\t<\/span>\n\t\t<\/div>\n\t\t\t\t\t\t<\/div>\n\t\t\t\t<div class=\"elementor-element elementor-element-1a90abc elementor-widget elementor-widget-text-editor\" data-id=\"1a90abc\" data-element_type=\"widget\" data-e-type=\"widget\" data-widget_type=\"text-editor.default\">\n\t\t\t\t\t\t\t\t\t<p data-start=\"0\" data-end=\"68\"><strong>B\u01b0\u1edbc 1<\/strong> \u2013 Sau khi \u0111\u00e1nh gi\u00e1 t\u1ea5t c\u1ea3 c\u00e1c l\u0129nh v\u1ef1c nh\u01b0 \u0111\u1ecdc, vi\u1ebft, nghe, n\u00f3i, ng\u1eef ph\u00e1p, v.v., h\u1ecdc sinh s\u1ebd ch\u1ecdn hai m\u00f4n h\u1ecdc v\u00e0 ti\u1ebfp t\u1ee5c h\u1ecdc c\u00e1c m\u00f4n \u0111\u00f3.<\/p><p data-start=\"70\" data-end=\"149\"><strong>Giai \u0111o\u1ea1n 2<\/strong> \u2013 H\u00e3y ki\u1ec3m tra 30 t\u1eeb m\u1edbi m\u1ed7i ng\u00e0y. Sau \u0111\u00f3, v\u00e0o th\u1ee9 S\u00e1u h\u00e0ng tu\u1ea7n, h\u00e3y k\u1ebft h\u1ee3p t\u1ea5t c\u1ea3 c\u00e1c t\u1eeb \u0111\u00e3 ki\u1ec3m tra trong tu\u1ea7n th\u00e0nh m\u1ed9t b\u00e0i ki\u1ec3m tra t\u1eeb v\u1ef1ng.<\/p><p data-start=\"151\" data-end=\"203\"><strong>B\u01b0\u1edbc 3<\/strong> \u2013 M\u1ed7i th\u00e1ng m\u1ed9t l\u1ea7n, \u0111\u00e1nh gi\u00e1 ki\u1ebfn th\u1ee9c \u0111\u00e3 h\u1ecdc v\u00e0 cung c\u1ea5p ph\u1ea3n h\u1ed3i v\u1ec1 to\u00e0n b\u1ed9 qu\u00e1 tr\u00ecnh h\u1ecdc t\u1eadp.<\/p><p data-start=\"205\" data-end=\"251\"><strong>B\u01b0\u1edbc 4<\/strong> \u2013 B\u1eb1ng c\u00e1ch ho\u00e0n th\u00e0nh b\u00e0i t\u1eadp h\u00e0ng ng\u00e0y, b\u1ea1n c\u00f3 th\u1ec3 \u00f4n l\u1ea1i nh\u1eefng g\u00ec \u0111\u00e3 h\u1ecdc trong ng\u00e0y v\u00e0 chu\u1ea9n b\u1ecb tr\u01b0\u1edbc cho b\u00e0i h\u1ecdc ti\u1ebfp theo.<\/p><p data-start=\"253\" data-end=\"306\"><strong>5 \ub2e8\uacc4<\/strong> \u2013 H\u1ecdc sinh s\u1ebd vi\u1ebft c\u00e2u b\u1eb1ng c\u00e1ch s\u1eed d\u1ee5ng t\u1eeb v\u1ef1ng \u0111\u00e3 h\u1ecdc thu\u1ed9c l\u00f2ng h\u00e0ng ng\u00e0y, v\u00e0 gi\u00e1o vi\u00ean s\u1ebd ki\u1ec3m tra v\u00e0 s\u1eeda ch\u1eefa.<\/p><p data-start=\"308\" data-end=\"352\"><strong>6 \ub2e8\uacc4<\/strong> \u2013 M\u1ed7i tu\u1ea7n s\u1ebd vi\u1ebft b\u00e0i lu\u1eadn v\u00e0 bi\u00ean t\u1eadp vi\u00ean ph\u1ee5 tr\u00e1ch s\u1ebd xem x\u00e9t v\u00e0 ch\u1ec9nh s\u1eeda.<\/p><p data-start=\"354\" data-end=\"419\"><strong>7 \ub2e8\uacc4<\/strong> \u2013 Sau khi ho\u00e0n th\u00e0nh m\u1ed7i cu\u1ed1n s\u00e1ch gi\u00e1o khoa, ti\u1ebfn h\u00e0nh \u0111\u00e1nh gi\u00e1 t\u1ed5ng h\u1ee3p bao g\u1ed3m to\u00e0n b\u1ed9 n\u1ed9i dung v\u00e0 cung c\u1ea5p ph\u1ea3n h\u1ed3i v\u1ec1 k\u1ebft qu\u1ea3 h\u1ecdc t\u1eadp.<\/p><p data-start=\"421\" data-end=\"468\" data-is-last-node=\"\" data-is-only-node=\"\"><strong>8 \ub2e8\uacc4<\/strong> \u2013 H\u1ecdc v\u00e0o c\u00f9ng m\u1ed9t gi\u1edd m\u1ed7i ng\u00e0y s\u1ebd gi\u00fap b\u1ea1n h\u00ecnh th\u00e0nh th\u00f3i quen h\u1ecdc t\u1eadp t\u1ed1t.<\/p>\t\t\t\t\t\t\t\t<\/div>\n\t\t\t\t\t<\/div>\n\t\t\t\t<\/div>\n\t\t<div class=\"elementor-element elementor-element-46e3f31 e-flex e-con-boxed e-con e-parent\" data-id=\"46e3f31\" data-element_type=\"container\" data-e-type=\"container\">\n\t\t\t\t\t<div class=\"e-con-inner\">\n\t\t\t\t<div class=\"elementor-element elementor-element-58c6577 elementor-widget elementor-widget-heading\" data-id=\"58c6577\" data-element_type=\"widget\" data-e-type=\"widget\" data-widget_type=\"heading.default\">\n\t\t\t\t\t<h2 class=\"elementor-heading-title elementor-size-default\">C\u1ea5u tr\u00fac c\u1ee7a l\u1edbp h\u1ecdc<\/h2>\t\t\t\t<\/div>\n\t\t\t\t<div class=\"elementor-element elementor-element-534c2f2 elementor-widget elementor-widget-heading\" data-id=\"534c2f2\" data-element_type=\"widget\" data-e-type=\"widget\" data-widget_type=\"heading.default\">\n\t\t\t\t\t<h2 class=\"elementor-heading-title elementor-size-default\">N\u00e2ng cao k\u1ef9 thu\u1eadt<\/h2>\t\t\t\t<\/div>\n\t\t\t\t<div class=\"elementor-element elementor-element-d448b69 elementor-widget elementor-widget-text-editor\" data-id=\"d448b69\" data-element_type=\"widget\" data-e-type=\"widget\" data-widget_type=\"text-editor.default\">\n\t\t\t\t\t\t\t\t\t<ol><li><strong>Nghi\u00ean c\u1ee9u ch\u1ee7 \u0111\u1ec1 \u2013\u00a0 <\/strong><span style=\"font-size: 1rem;\">H\u00e3y h\u1ecdc t\u1eadp m\u1ed9t c\u00e1ch ch\u0103m ch\u1ec9 v\u00e0 d\u1ec5 d\u00e0ng trong vi\u1ec7c h\u01b0\u1edbng d\u1eabn c\u00e1c m\u00f4n h\u1ecdc.<\/span><\/li><li><strong>T\u1eeb v\u1ef1ng \u2013<\/strong> <span style=\"font-size: 1rem;\">Ngay khi l\u1edbp h\u1ecdc b\u1eaft \u0111\u1ea7u, ch\u00fang t\u00f4i h\u1ecdc t\u1eeb v\u1ef1ng cho b\u00e0i ki\u1ec3m tra d\u1ef1 ki\u1ebfn v\u00e0o ng\u00e0y h\u00f4m sau.<\/span><\/li><li><strong>B\u00e0i t\u1eadp v\u1ec1 nh\u00e0. \u2013<\/strong> <span style=\"font-size: 1rem;\">B\u00e0i t\u1eadp l\u00e0 vi\u1ebft c\u00e2u. Gi\u00e1o vi\u00ean s\u1ebd ki\u1ec3m tra b\u00e0i t\u1eadp.<\/span><br \/><div class=\"flex flex-col text-sm pb-25\"><article class=\"text-token-text-primary w-full focus:outline-none [--shadow-height:45px] has-data-writing-block:pointer-events-none has-data-writing-block:-mt-(--shadow-height) has-data-writing-block:pt-(--shadow-height) [&amp;:has([data-writing-block])&gt;*]:pointer-events-auto scroll-mt-[calc(var(--header-height)+min(200px,max(70px,20svh)))]\" dir=\"auto\" tabindex=\"-1\" data-turn-id=\"request-WEB:e32f3fbb-b01e-4f43-b467-a5e5c7659d0d-11\" data-testid=\"conversation-turn-24\" data-scroll-anchor=\"true\" data-turn=\"assistant\"><div class=\"text-base my-auto mx-auto pb-10 [--thread-content-margin:--spacing(4)] @w-sm\/main:[--thread-content-margin:--spacing(6)] @w-lg\/main:[--thread-content-margin:--spacing(16)] px-(--thread-content-margin)\">\u00a0<\/div><\/article><\/div><\/li><\/ol><div class=\"flex flex-col text-sm pb-25\"><article class=\"text-token-text-primary w-full focus:outline-none [--shadow-height:45px] has-data-writing-block:pointer-events-none has-data-writing-block:-mt-(--shadow-height) has-data-writing-block:pt-(--shadow-height) [&amp;:has([data-writing-block])&gt;*]:pointer-events-auto scroll-mt-[calc(var(--header-height)+min(200px,max(70px,20svh)))]\" dir=\"auto\" tabindex=\"-1\" data-turn-id=\"request-WEB:e32f3fbb-b01e-4f43-b467-a5e5c7659d0d-9\" data-testid=\"conversation-turn-20\" data-scroll-anchor=\"true\" data-turn=\"assistant\"><div class=\"text-base my-auto mx-auto pb-10 [--thread-content-margin:--spacing(4)] @w-sm\/main:[--thread-content-margin:--spacing(6)] @w-lg\/main:[--thread-content-margin:--spacing(16)] px-(--thread-content-margin)\"><div class=\"[--thread-content-max-width:40rem] @w-lg\/main:[--thread-content-max-width:48rem] mx-auto max-w-(--thread-content-max-width) flex-1 group\/turn-messages focus-visible:outline-hidden relative flex w-full min-w-0 flex-col agent-turn\" tabindex=\"-1\"><div class=\"flex max-w-full flex-col grow\"><div class=\"min-h-8 text-message relative flex w-full flex-col items-end gap-2 text-start break-words whitespace-normal [.text-message+&amp;]:mt-1\" dir=\"auto\" data-message-author-role=\"assistant\" data-message-id=\"2c6094a8-c882-4ab0-920f-d58c490eea89\" data-message-model-slug=\"gpt-5-mini\">\u00a0<\/div><\/div><\/div><\/div><\/article><\/div>\t\t\t\t\t\t\t\t<\/div>\n\t\t\t\t\t<\/div>\n\t\t\t\t<\/div>\n\t\t<div class=\"elementor-element elementor-element-40fa903 e-con-full e-flex e-con e-parent\" data-id=\"40fa903\" data-element_type=\"container\" data-e-type=\"container\">\n\t\t\t\t<div class=\"elementor-element elementor-element-e4ff2d9 elementor-widget elementor-widget-image\" data-id=\"e4ff2d9\" data-element_type=\"widget\" data-e-type=\"widget\" data-widget_type=\"image.default\">\n\t\t\t\t\t\t\t\t\t\t\t\t\t\t\t<img fetchpriority=\"high\" decoding=\"async\" width=\"1024\" height=\"1024\" src=\"https:\/\/belae4uacademy.com\/wp-content\/uploads\/2026\/01\/online-class.jpg\" class=\"attachment-large size-large wp-image-2028\" alt=\"\" srcset=\"https:\/\/belae4uacademy.com\/wp-content\/uploads\/2026\/01\/online-class.jpg 1024w, https:\/\/belae4uacademy.com\/wp-content\/uploads\/2026\/01\/online-class-300x300.jpg 300w, https:\/\/belae4uacademy.com\/wp-content\/uploads\/2026\/01\/online-class-150x150.jpg 150w, https:\/\/belae4uacademy.com\/wp-content\/uploads\/2026\/01\/online-class-768x768.jpg 768w, https:\/\/belae4uacademy.com\/wp-content\/uploads\/2026\/01\/online-class-12x12.jpg 12w\" sizes=\"(max-width: 1024px) 100vw, 1024px\" \/>\t\t\t\t\t\t\t\t\t\t\t\t\t\t\t<\/div>\n\t\t\t\t<div class=\"elementor-element elementor-element-4d6269c elementor-widget elementor-widget-image\" data-id=\"4d6269c\" data-element_type=\"widget\" data-e-type=\"widget\" data-widget_type=\"image.default\">\n\t\t\t\t\t\t\t\t\t\t\t\t\t\t\t<img decoding=\"async\" width=\"1024\" height=\"1024\" src=\"https:\/\/belae4uacademy.com\/wp-content\/uploads\/2026\/01\/Gemini_Generated_Image_zbld6czbld6czbld.png\" class=\"attachment-large size-large wp-image-2027\" alt=\"\" srcset=\"https:\/\/belae4uacademy.com\/wp-content\/uploads\/2026\/01\/Gemini_Generated_Image_zbld6czbld6czbld.png 1024w, https:\/\/belae4uacademy.com\/wp-content\/uploads\/2026\/01\/Gemini_Generated_Image_zbld6czbld6czbld-300x300.png 300w, https:\/\/belae4uacademy.com\/wp-content\/uploads\/2026\/01\/Gemini_Generated_Image_zbld6czbld6czbld-150x150.png 150w, https:\/\/belae4uacademy.com\/wp-content\/uploads\/2026\/01\/Gemini_Generated_Image_zbld6czbld6czbld-768x768.png 768w, https:\/\/belae4uacademy.com\/wp-content\/uploads\/2026\/01\/Gemini_Generated_Image_zbld6czbld6czbld-12x12.png 12w\" sizes=\"(max-width: 1024px) 100vw, 1024px\" \/>\t\t\t\t\t\t\t\t\t\t\t\t\t\t\t<\/div>\n\t\t\t\t<\/div>\n\t\t\t\t<\/div>","protected":false},"excerpt":{"rendered":"<p>1\ub2e8\uacc4 &#8211; \uc77d\uae30, \uc4f0\uae30, \ub4e3\uae30, \ub9d0\ud558\uae30, \ubb38\ubc95 \ub4f1 \ubaa8\ub4e0 \uc601\uc5ed\uc744 \ud3c9\uac00\ud55c \ud6c4 \ub450 \uacfc\ubaa9\uc744 \uc120\ud0dd\ud558\uc5ec \uadf8 \uacfc\ubaa9\uc73c\ub85c \uacc4\uc18d \uc9c4\ud589\ud569\ub2c8\ub2e4. 2\ub2e8\uacc4 &#8211; \ub9e4\uc77c \uc0c8\ub85c\uc6b4 \ub2e8\uc5b4 30\uac1c\ub97c \ud14c\uc2a4\ud2b8\ud558\uc138\uc694. \uadf8\ub7f0 \ub2e4\uc74c \ub9e4\uc8fc \uae08\uc694\uc77c\uc5d0\ub294 \uc8fc \uc911\uc5d0 \ud14c\uc2a4\ud2b8\ud55c \ubaa8\ub4e0 \ub2e8\uc5b4\ub97c \ud558\ub098\uc758 \uc5b4\ud718 \uc2dc\ud5d8\uc73c\ub85c \uacb0\ud569\ud558\uc138\uc694. 3\ub2e8\uacc4 &#8211; \ud55c \ub2ec\uc5d0 \ud55c \ubc88 \uc2b5\ub4dd\ud55c \uc9c0\uc2dd\uc744 \ud3c9\uac00\ud558\uace0 \uc804\uccb4 \ud559\uc2b5 \uacfc\uc815\uc5d0 \ub300\ud55c \ud53c\ub4dc\ubc31\uc744 \uc81c\uacf5\ud569\ub2c8\ub2e4. 4\ub2e8\uacc4 [&hellip;]<\/p>","protected":false},"author":1,"featured_media":0,"parent":0,"menu_order":0,"comment_status":"closed","ping_status":"closed","template":"","meta":{"_uag_custom_page_level_css":"","footnotes":""},"class_list":["post-640","page","type-page","status-publish","hentry"],"aioseo_notices":[],"yoast_head":"<!-- This site is optimized with the Yoast SEO plugin v27.4 - https:\/\/yoast.com\/product\/yoast-seo-wordpress\/ -->\n<title>\ucee4\ub9ac\ud058\ub7fc - \ud074\ub77d\ubca8\ub77c | BELA E4U academy<\/title>\n<meta name=\"robots\" content=\"index, follow, max-snippet:-1, max-image-preview:large, max-video-preview:-1\" \/>\n<link rel=\"canonical\" href=\"https:\/\/belae4uacademy.com\/vi\/\ucee4\ub9ac\ud058\ub7fc\/\" \/>\n<meta property=\"og:locale\" content=\"vi_VN\" \/>\n<meta property=\"og:type\" content=\"article\" \/>\n<meta property=\"og:title\" content=\"\ucee4\ub9ac\ud058\ub7fc - \ud074\ub77d\ubca8\ub77c | BELA E4U academy\" \/>\n<meta property=\"og:description\" content=\"1\ub2e8\uacc4 &#8211; \uc77d\uae30, \uc4f0\uae30, \ub4e3\uae30, \ub9d0\ud558\uae30, \ubb38\ubc95 \ub4f1 \ubaa8\ub4e0 \uc601\uc5ed\uc744 \ud3c9\uac00\ud55c \ud6c4 \ub450 \uacfc\ubaa9\uc744 \uc120\ud0dd\ud558\uc5ec \uadf8 \uacfc\ubaa9\uc73c\ub85c \uacc4\uc18d \uc9c4\ud589\ud569\ub2c8\ub2e4. 2\ub2e8\uacc4 &#8211; \ub9e4\uc77c \uc0c8\ub85c\uc6b4 \ub2e8\uc5b4 30\uac1c\ub97c \ud14c\uc2a4\ud2b8\ud558\uc138\uc694. \uadf8\ub7f0 \ub2e4\uc74c \ub9e4\uc8fc \uae08\uc694\uc77c\uc5d0\ub294 \uc8fc \uc911\uc5d0 \ud14c\uc2a4\ud2b8\ud55c \ubaa8\ub4e0 \ub2e8\uc5b4\ub97c \ud558\ub098\uc758 \uc5b4\ud718 \uc2dc\ud5d8\uc73c\ub85c \uacb0\ud569\ud558\uc138\uc694. 3\ub2e8\uacc4 &#8211; \ud55c \ub2ec\uc5d0 \ud55c \ubc88 \uc2b5\ub4dd\ud55c \uc9c0\uc2dd\uc744 \ud3c9\uac00\ud558\uace0 \uc804\uccb4 \ud559\uc2b5 \uacfc\uc815\uc5d0 \ub300\ud55c \ud53c\ub4dc\ubc31\uc744 \uc81c\uacf5\ud569\ub2c8\ub2e4. 4\ub2e8\uacc4 [&hellip;]\" \/>\n<meta property=\"og:url\" content=\"https:\/\/belae4uacademy.com\/vi\/\ucee4\ub9ac\ud058\ub7fc\/\" \/>\n<meta property=\"og:site_name\" content=\"\ud074\ub77d\ubca8\ub77c | BELA E4U academy\" \/>\n<meta property=\"article:modified_time\" content=\"2026-01-05T07:15:50+00:00\" \/>\n<meta property=\"og:image\" content=\"https:\/\/belae4uacademy.com\/wp-content\/uploads\/2026\/01\/online-class.jpg\" \/>\n<meta name=\"twitter:card\" content=\"summary_large_image\" \/>\n<meta name=\"twitter:label1\" content=\"\u01af\u1edbc t\u00ednh th\u1eddi gian \u0111\u1ecdc\" \/>\n\t<meta name=\"twitter:data1\" content=\"1 ph\u00fat\" \/>\n<script type=\"application\/ld+json\" class=\"yoast-schema-graph\">{\"@context\":\"https:\\\/\\\/schema.org\",\"@graph\":[{\"@type\":\"WebPage\",\"@id\":\"https:\\\/\\\/belae4uacademy.com\\\/%ec%bb%a4%eb%a6%ac%ed%81%98%eb%9f%bc\\\/\",\"url\":\"https:\\\/\\\/belae4uacademy.com\\\/%ec%bb%a4%eb%a6%ac%ed%81%98%eb%9f%bc\\\/\",\"name\":\"\ucee4\ub9ac\ud058\ub7fc - \ud074\ub77d\ubca8\ub77c | BELA E4U academy\",\"isPartOf\":{\"@id\":\"https:\\\/\\\/belae4uacademy.com\\\/#website\"},\"primaryImageOfPage\":{\"@id\":\"https:\\\/\\\/belae4uacademy.com\\\/%ec%bb%a4%eb%a6%ac%ed%81%98%eb%9f%bc\\\/#primaryimage\"},\"image\":{\"@id\":\"https:\\\/\\\/belae4uacademy.com\\\/%ec%bb%a4%eb%a6%ac%ed%81%98%eb%9f%bc\\\/#primaryimage\"},\"thumbnailUrl\":\"https:\\\/\\\/belae4uacademy.com\\\/wp-content\\\/uploads\\\/2026\\\/01\\\/online-class.jpg\",\"datePublished\":\"2025-09-01T12:45:12+00:00\",\"dateModified\":\"2026-01-05T07:15:50+00:00\",\"breadcrumb\":{\"@id\":\"https:\\\/\\\/belae4uacademy.com\\\/%ec%bb%a4%eb%a6%ac%ed%81%98%eb%9f%bc\\\/#breadcrumb\"},\"inLanguage\":\"vi\",\"potentialAction\":[{\"@type\":\"ReadAction\",\"target\":[\"https:\\\/\\\/belae4uacademy.com\\\/%ec%bb%a4%eb%a6%ac%ed%81%98%eb%9f%bc\\\/\"]}]},{\"@type\":\"ImageObject\",\"inLanguage\":\"vi\",\"@id\":\"https:\\\/\\\/belae4uacademy.com\\\/%ec%bb%a4%eb%a6%ac%ed%81%98%eb%9f%bc\\\/#primaryimage\",\"url\":\"https:\\\/\\\/belae4uacademy.com\\\/wp-content\\\/uploads\\\/2026\\\/01\\\/online-class.jpg\",\"contentUrl\":\"https:\\\/\\\/belae4uacademy.com\\\/wp-content\\\/uploads\\\/2026\\\/01\\\/online-class.jpg\"},{\"@type\":\"BreadcrumbList\",\"@id\":\"https:\\\/\\\/belae4uacademy.com\\\/%ec%bb%a4%eb%a6%ac%ed%81%98%eb%9f%bc\\\/#breadcrumb\",\"itemListElement\":[{\"@type\":\"ListItem\",\"position\":1,\"name\":\"Home\",\"item\":\"https:\\\/\\\/belae4uacademy.com\\\/\"},{\"@type\":\"ListItem\",\"position\":2,\"name\":\"\ucee4\ub9ac\ud058\ub7fc\"}]},{\"@type\":\"WebSite\",\"@id\":\"https:\\\/\\\/belae4uacademy.com\\\/#website\",\"url\":\"https:\\\/\\\/belae4uacademy.com\\\/\",\"name\":\"\ud074\ub77d\ubca8\ub77c | BELA E4U academy\",\"description\":\"\ud544\ub9ac\ud540 \ud074\ub77d \uc8fc\ub2c8\uc5b4\u00b7\uac00\uc871\uc5f0\uc218 \uc804\ubb38 \ud559\uc6d0\",\"publisher\":{\"@id\":\"https:\\\/\\\/belae4uacademy.com\\\/#organization\"},\"potentialAction\":[{\"@type\":\"SearchAction\",\"target\":{\"@type\":\"EntryPoint\",\"urlTemplate\":\"https:\\\/\\\/belae4uacademy.com\\\/?s={search_term_string}\"},\"query-input\":{\"@type\":\"PropertyValueSpecification\",\"valueRequired\":true,\"valueName\":\"search_term_string\"}}],\"inLanguage\":\"vi\"},{\"@type\":\"Organization\",\"@id\":\"https:\\\/\\\/belae4uacademy.com\\\/#organization\",\"name\":\"\ud074\ub77d\ubca8\ub77c | BELA E4U academy\",\"url\":\"https:\\\/\\\/belae4uacademy.com\\\/\",\"logo\":{\"@type\":\"ImageObject\",\"inLanguage\":\"vi\",\"@id\":\"https:\\\/\\\/belae4uacademy.com\\\/#\\\/schema\\\/logo\\\/image\\\/\",\"url\":\"https:\\\/\\\/belae4uacademy.com\\\/wp-content\\\/uploads\\\/2025\\\/09\\\/cropped-image.png\",\"contentUrl\":\"https:\\\/\\\/belae4uacademy.com\\\/wp-content\\\/uploads\\\/2025\\\/09\\\/cropped-image.png\",\"width\":200,\"height\":200,\"caption\":\"\ud074\ub77d\ubca8\ub77c | BELA E4U academy\"},\"image\":{\"@id\":\"https:\\\/\\\/belae4uacademy.com\\\/#\\\/schema\\\/logo\\\/image\\\/\"}}]}<\/script>\n<!-- \/ Yoast SEO plugin. -->","yoast_head_json":{"title":"\ucee4\ub9ac\ud058\ub7fc - \ud074\ub77d\ubca8\ub77c | BELA E4U academy","robots":{"index":"index","follow":"follow","max-snippet":"max-snippet:-1","max-image-preview":"max-image-preview:large","max-video-preview":"max-video-preview:-1"},"canonical":"https:\/\/belae4uacademy.com\/vi\/\ucee4\ub9ac\ud058\ub7fc\/","og_locale":"vi_VN","og_type":"article","og_title":"\ucee4\ub9ac\ud058\ub7fc - \ud074\ub77d\ubca8\ub77c | BELA E4U academy","og_description":"1\ub2e8\uacc4 &#8211; \uc77d\uae30, \uc4f0\uae30, \ub4e3\uae30, \ub9d0\ud558\uae30, \ubb38\ubc95 \ub4f1 \ubaa8\ub4e0 \uc601\uc5ed\uc744 \ud3c9\uac00\ud55c \ud6c4 \ub450 \uacfc\ubaa9\uc744 \uc120\ud0dd\ud558\uc5ec \uadf8 \uacfc\ubaa9\uc73c\ub85c \uacc4\uc18d \uc9c4\ud589\ud569\ub2c8\ub2e4. 2\ub2e8\uacc4 &#8211; \ub9e4\uc77c \uc0c8\ub85c\uc6b4 \ub2e8\uc5b4 30\uac1c\ub97c \ud14c\uc2a4\ud2b8\ud558\uc138\uc694. \uadf8\ub7f0 \ub2e4\uc74c \ub9e4\uc8fc \uae08\uc694\uc77c\uc5d0\ub294 \uc8fc \uc911\uc5d0 \ud14c\uc2a4\ud2b8\ud55c \ubaa8\ub4e0 \ub2e8\uc5b4\ub97c \ud558\ub098\uc758 \uc5b4\ud718 \uc2dc\ud5d8\uc73c\ub85c \uacb0\ud569\ud558\uc138\uc694. 3\ub2e8\uacc4 &#8211; \ud55c \ub2ec\uc5d0 \ud55c \ubc88 \uc2b5\ub4dd\ud55c \uc9c0\uc2dd\uc744 \ud3c9\uac00\ud558\uace0 \uc804\uccb4 \ud559\uc2b5 \uacfc\uc815\uc5d0 \ub300\ud55c \ud53c\ub4dc\ubc31\uc744 \uc81c\uacf5\ud569\ub2c8\ub2e4. 4\ub2e8\uacc4 [&hellip;]","og_url":"https:\/\/belae4uacademy.com\/vi\/\ucee4\ub9ac\ud058\ub7fc\/","og_site_name":"\ud074\ub77d\ubca8\ub77c | BELA E4U academy","article_modified_time":"2026-01-05T07:15:50+00:00","og_image":[{"url":"https:\/\/belae4uacademy.com\/wp-content\/uploads\/2026\/01\/online-class.jpg","type":"","width":"","height":""}],"twitter_card":"summary_large_image","twitter_misc":{"\u01af\u1edbc t\u00ednh th\u1eddi gian \u0111\u1ecdc":"1 ph\u00fat"},"schema":{"@context":"https:\/\/schema.org","@graph":[{"@type":"WebPage","@id":"https:\/\/belae4uacademy.com\/%ec%bb%a4%eb%a6%ac%ed%81%98%eb%9f%bc\/","url":"https:\/\/belae4uacademy.com\/%ec%bb%a4%eb%a6%ac%ed%81%98%eb%9f%bc\/","name":"\ucee4\ub9ac\ud058\ub7fc - \ud074\ub77d\ubca8\ub77c | BELA E4U academy","isPartOf":{"@id":"https:\/\/belae4uacademy.com\/#website"},"primaryImageOfPage":{"@id":"https:\/\/belae4uacademy.com\/%ec%bb%a4%eb%a6%ac%ed%81%98%eb%9f%bc\/#primaryimage"},"image":{"@id":"https:\/\/belae4uacademy.com\/%ec%bb%a4%eb%a6%ac%ed%81%98%eb%9f%bc\/#primaryimage"},"thumbnailUrl":"https:\/\/belae4uacademy.com\/wp-content\/uploads\/2026\/01\/online-class.jpg","datePublished":"2025-09-01T12:45:12+00:00","dateModified":"2026-01-05T07:15:50+00:00","breadcrumb":{"@id":"https:\/\/belae4uacademy.com\/%ec%bb%a4%eb%a6%ac%ed%81%98%eb%9f%bc\/#breadcrumb"},"inLanguage":"vi","potentialAction":[{"@type":"ReadAction","target":["https:\/\/belae4uacademy.com\/%ec%bb%a4%eb%a6%ac%ed%81%98%eb%9f%bc\/"]}]},{"@type":"ImageObject","inLanguage":"vi","@id":"https:\/\/belae4uacademy.com\/%ec%bb%a4%eb%a6%ac%ed%81%98%eb%9f%bc\/#primaryimage","url":"https:\/\/belae4uacademy.com\/wp-content\/uploads\/2026\/01\/online-class.jpg","contentUrl":"https:\/\/belae4uacademy.com\/wp-content\/uploads\/2026\/01\/online-class.jpg"},{"@type":"BreadcrumbList","@id":"https:\/\/belae4uacademy.com\/%ec%bb%a4%eb%a6%ac%ed%81%98%eb%9f%bc\/#breadcrumb","itemListElement":[{"@type":"ListItem","position":1,"name":"Home","item":"https:\/\/belae4uacademy.com\/"},{"@type":"ListItem","position":2,"name":"\ucee4\ub9ac\ud058\ub7fc"}]},{"@type":"WebSite","@id":"https:\/\/belae4uacademy.com\/#website","url":"https:\/\/belae4uacademy.com\/","name":"Clark Bella | H\u1ecdc vi\u1ec7n BELA E4U","description":"\ud544\ub9ac\ud540 \ud074\ub77d \uc8fc\ub2c8\uc5b4\u00b7\uac00\uc871\uc5f0\uc218 \uc804\ubb38 \ud559\uc6d0","publisher":{"@id":"https:\/\/belae4uacademy.com\/#organization"},"potentialAction":[{"@type":"SearchAction","target":{"@type":"EntryPoint","urlTemplate":"https:\/\/belae4uacademy.com\/?s={search_term_string}"},"query-input":{"@type":"PropertyValueSpecification","valueRequired":true,"valueName":"search_term_string"}}],"inLanguage":"vi"},{"@type":"Organization","@id":"https:\/\/belae4uacademy.com\/#organization","name":"Clark Bella | H\u1ecdc vi\u1ec7n BELA E4U","url":"https:\/\/belae4uacademy.com\/","logo":{"@type":"ImageObject","inLanguage":"vi","@id":"https:\/\/belae4uacademy.com\/#\/schema\/logo\/image\/","url":"https:\/\/belae4uacademy.com\/wp-content\/uploads\/2025\/09\/cropped-image.png","contentUrl":"https:\/\/belae4uacademy.com\/wp-content\/uploads\/2025\/09\/cropped-image.png","width":200,"height":200,"caption":"\ud074\ub77d\ubca8\ub77c | BELA E4U academy"},"image":{"@id":"https:\/\/belae4uacademy.com\/#\/schema\/logo\/image\/"}}]}},"uagb_featured_image_src":{"full":false,"thumbnail":false,"medium":false,"medium_large":false,"large":false,"1536x1536":false,"2048x2048":false,"trp-custom-language-flag":false,"tutor-academy-featured-header-image":false,"online-tutor-featured-header-image":false},"uagb_author_info":{"display_name":"belacademy2006@gmail.com","author_link":"https:\/\/belae4uacademy.com\/vi\/author\/belacademy2006gmail-com\/"},"uagb_comment_info":0,"uagb_excerpt":"1\ub2e8\uacc4 &#8211; \uc77d\uae30, \uc4f0\uae30, \ub4e3\uae30, \ub9d0\ud558\uae30, \ubb38\ubc95 \ub4f1 \ubaa8\ub4e0 \uc601\uc5ed\uc744 \ud3c9\uac00\ud55c \ud6c4 \ub450 \uacfc\ubaa9\uc744 \uc120\ud0dd\ud558\uc5ec \uadf8 \uacfc\ubaa9\uc73c\ub85c \uacc4\uc18d \uc9c4\ud589\ud569\ub2c8\ub2e4. 2\ub2e8\uacc4 &#8211; \ub9e4\uc77c \uc0c8\ub85c\uc6b4 \ub2e8\uc5b4 30\uac1c\ub97c \ud14c\uc2a4\ud2b8\ud558\uc138\uc694. \uadf8\ub7f0 \ub2e4\uc74c \ub9e4\uc8fc \uae08\uc694\uc77c\uc5d0\ub294 \uc8fc \uc911\uc5d0 \ud14c\uc2a4\ud2b8\ud55c \ubaa8\ub4e0 \ub2e8\uc5b4\ub97c \ud558\ub098\uc758 \uc5b4\ud718 \uc2dc\ud5d8\uc73c\ub85c \uacb0\ud569\ud558\uc138\uc694. 3\ub2e8\uacc4 &#8211; \ud55c \ub2ec\uc5d0 \ud55c \ubc88 \uc2b5\ub4dd\ud55c \uc9c0\uc2dd\uc744 \ud3c9\uac00\ud558\uace0 \uc804\uccb4 \ud559\uc2b5 \uacfc\uc815\uc5d0 \ub300\ud55c \ud53c\ub4dc\ubc31\uc744 \uc81c\uacf5\ud569\ub2c8\ub2e4. 4\ub2e8\uacc4&hellip;","_links":{"self":[{"href":"https:\/\/belae4uacademy.com\/vi\/wp-json\/wp\/v2\/pages\/640","targetHints":{"allow":["GET"]}}],"collection":[{"href":"https:\/\/belae4uacademy.com\/vi\/wp-json\/wp\/v2\/pages"}],"about":[{"href":"https:\/\/belae4uacademy.com\/vi\/wp-json\/wp\/v2\/types\/page"}],"author":[{"embeddable":true,"href":"https:\/\/belae4uacademy.com\/vi\/wp-json\/wp\/v2\/users\/1"}],"replies":[{"embeddable":true,"href":"https:\/\/belae4uacademy.com\/vi\/wp-json\/wp\/v2\/comments?post=640"}],"version-history":[{"count":25,"href":"https:\/\/belae4uacademy.com\/vi\/wp-json\/wp\/v2\/pages\/640\/revisions"}],"predecessor-version":[{"id":2031,"href":"https:\/\/belae4uacademy.com\/vi\/wp-json\/wp\/v2\/pages\/640\/revisions\/2031"}],"wp:attachment":[{"href":"https:\/\/belae4uacademy.com\/vi\/wp-json\/wp\/v2\/media?parent=640"}],"curies":[{"name":"wp","href":"https:\/\/api.w.org\/{rel}","templated":true}]}}