{"id":642,"date":"2025-09-01T12:45:28","date_gmt":"2025-09-01T12:45:28","guid":{"rendered":"https:\/\/cyan-baboon-360649.hostingersite.com\/?page_id=642"},"modified":"2026-01-05T07:48:53","modified_gmt":"2026-01-05T07:48:53","slug":"%ec%9e%a5%ec%a0%90","status":"publish","type":"page","link":"https:\/\/belae4uacademy.com\/vi\/%ec%9e%a5%ec%a0%90\/","title":{"rendered":"\u01afu \u0111i\u1ec3m"},"content":{"rendered":"<div data-elementor-type=\"wp-page\" data-elementor-id=\"642\" class=\"elementor elementor-642\">\n\t\t\t\t<div class=\"elementor-element elementor-element-3df37ce e-flex e-con-boxed e-con e-parent\" data-id=\"3df37ce\" data-element_type=\"container\" data-e-type=\"container\">\n\t\t\t\t\t<div class=\"e-con-inner\">\n\t\t\t\t<div class=\"elementor-element elementor-element-bd1208c elementor-widget-divider--view-line elementor-widget elementor-widget-divider\" data-id=\"bd1208c\" data-element_type=\"widget\" data-e-type=\"widget\" data-widget_type=\"divider.default\">\n\t\t\t\t\t\t\t<div class=\"elementor-divider\">\n\t\t\t<span class=\"elementor-divider-separator\">\n\t\t\t\t\t\t<\/span>\n\t\t<\/div>\n\t\t\t\t\t\t<\/div>\n\t\t\t\t\t<\/div>\n\t\t\t\t<\/div>\n\t\t<div class=\"elementor-element elementor-element-f8a88d0 e-flex e-con-boxed e-con e-parent\" data-id=\"f8a88d0\" data-element_type=\"container\" data-e-type=\"container\">\n\t\t\t\t\t<div class=\"e-con-inner\">\n\t\t\t\t<div class=\"elementor-element elementor-element-1fe82b9 elementor-widget elementor-widget-text-editor\" data-id=\"1fe82b9\" data-element_type=\"widget\" data-e-type=\"widget\" data-widget_type=\"text-editor.default\">\n\t\t\t\t\t\t\t\t\t<p><strong>N\u00f3i<\/strong>\u202f\u2013 H\u00e3y c\u1ea3i thi\u1ec7n kh\u1ea3 n\u0103ng n\u00f3i v\u00e0 ph\u00e1t \u00e2m c\u1ee7a b\u1ea1n th\u00f4ng qua c\u00e1c bu\u1ed5i h\u1ecdc h\u00e0ng ng\u00e0y v\u1edbi th\u1ea7y Filippino.<\/p><p><strong>Vi\u1ebft<\/strong>\u202f\u2013 B\u1ea1n c\u00f3 th\u1ec3 c\u1ea3i thi\u1ec7n kh\u1ea3 n\u0103ng vi\u1ebft b\u1eb1ng c\u00e1ch tham gia l\u1edbp h\u1ecdc v\u00e0o c\u00f9ng m\u1ed9t th\u1eddi gian m\u1ed7i ng\u00e0y.<\/p><p><strong>Th\u00f3i quen h\u1ecdc t\u1eadp<\/strong>\u202f\u2013 B\u1eb1ng c\u00e1ch tham gia l\u1edbp h\u1ecdc v\u00e0o c\u00f9ng m\u1ed9t th\u1eddi gian m\u1ed7i ng\u00e0y, b\u1ea1n c\u00f3 th\u1ec3 h\u00ecnh th\u00e0nh th\u00f3i quen h\u1ecdc t\u1eadp t\u1ed1t.<\/p><p><strong>Ph\u1ea3n h\u1ed3i h\u00e0ng th\u00e1ng<\/strong>\u2013\u202fM\u1ed7i th\u00e1ng m\u1ed9t l\u1ea7n, b\u1ea1n c\u00f3 th\u1ec3 \u0111\u00e1nh gi\u00e1 kh\u1ea3 n\u0103ng c\u1ee7a m\u00ecnh th\u00f4ng qua b\u00e0i ki\u1ec3m tra.<\/p><p><strong>Internet m\u01b0\u1ee3t m\u00e0<\/strong>\u202f\u2013 M\u1ed7i gi\u00e1o vi\u00ean \u0111\u1ec1u c\u00f3 k\u1ebft n\u1ed1i internet ri\u00eang, \u0111\u1ea3m b\u1ea3o c\u00e1c bu\u1ed5i h\u1ecdc tr\u1ef1c tuy\u1ebfn di\u1ec5n ra li\u00ean t\u1ee5c m\u00e0 kh\u00f4ng b\u1ecb gi\u00e1n \u0111o\u1ea1n.<\/p><p><strong>Gi\u00e1o vi\u00ean l\u1edbp h\u1ecdc<\/strong>\u2013 Ch\u00fang t\u00f4i cung c\u1ea5p ch\u01b0\u01a1ng tr\u00ecnh \u0111\u00e0o t\u1ea1o gi\u00e1o vi\u00ean \u0111\u1ea3m b\u1ea3o n\u0103ng l\u1ef1c v\u1eefng v\u00e0ng v\u00e0 ph\u00e1t \u00e2m ch\u00ednh x\u00e1c, \u0111\u1ed3ng th\u1eddi duy tr\u00ec ch\u1ea5t l\u01b0\u1ee3ng gi\u1ea3ng d\u1ea1y th\u00f4ng qua vi\u1ec7c qu\u1ea3n l\u00fd gi\u00e1o vi\u00ean hi\u1ec7u qu\u1ea3.<\/p><p><strong>Nh\u00e2n vi\u00ean H\u00e0n Qu\u1ed1c<\/strong>\u202f\u2013\u202fQu\u1ea3n l\u00fd ng\u01b0\u1eddi H\u00e0n Qu\u1ed1c s\u1ebd li\u00ean l\u1ea1c nhanh ch\u00f3ng qua KakaoTalk v\u1ec1 c\u00e1c l\u1edbp h\u1ecdc tr\u1ef1c tuy\u1ebfn.<\/p>\t\t\t\t\t\t\t\t<\/div>\n\t\t\t\t\t<\/div>\n\t\t\t\t<\/div>\n\t\t<div class=\"elementor-element elementor-element-e52264e e-flex e-con-boxed e-con e-parent\" data-id=\"e52264e\" data-element_type=\"container\" data-e-type=\"container\">\n\t\t\t\t\t<div class=\"e-con-inner\">\n\t\t\t\t<div class=\"elementor-element elementor-element-780617d elementor-widget elementor-widget-image\" data-id=\"780617d\" data-element_type=\"widget\" data-e-type=\"widget\" data-widget_type=\"image.default\">\n\t\t\t\t\t\t\t\t\t\t\t\t\t\t\t<img fetchpriority=\"high\" decoding=\"async\" width=\"768\" height=\"768\" src=\"https:\/\/belae4uacademy.com\/wp-content\/uploads\/2026\/01\/Gemini_Generated_Image_28r67328r67328r6-768x768.png\" class=\"attachment-medium_large size-medium_large wp-image-2033\" alt=\"\" srcset=\"https:\/\/belae4uacademy.com\/wp-content\/uploads\/2026\/01\/Gemini_Generated_Image_28r67328r67328r6-768x768.png 768w, https:\/\/belae4uacademy.com\/wp-content\/uploads\/2026\/01\/Gemini_Generated_Image_28r67328r67328r6-300x300.png 300w, https:\/\/belae4uacademy.com\/wp-content\/uploads\/2026\/01\/Gemini_Generated_Image_28r67328r67328r6-150x150.png 150w, https:\/\/belae4uacademy.com\/wp-content\/uploads\/2026\/01\/Gemini_Generated_Image_28r67328r67328r6-12x12.png 12w, https:\/\/belae4uacademy.com\/wp-content\/uploads\/2026\/01\/Gemini_Generated_Image_28r67328r67328r6.png 1024w\" sizes=\"(max-width: 768px) 100vw, 768px\" \/>\t\t\t\t\t\t\t\t\t\t\t\t\t\t\t<\/div>\n\t\t\t\t\t<\/div>\n\t\t\t\t<\/div>\n\t\t\t\t<\/div>","protected":false},"excerpt":{"rendered":"<p>\ub9d0\ud558\uae30\u202f\u2013\u202f\ud544\ub9ac\ud53c\ub178\u202f\uc120\uc0dd\ub2d8\uacfc\u202f\ub9e4\uc77c\u202f\uc218\uc5c5\uc744\u202f\ud1b5\ud574\u202f\ub9d0\ud558\uae30\u202f\ub2a5\ub825\uacfc\u202f\ubc1c\uc74c\uc744\u202f\ud5a5\uc0c1\uc2dc\ud0a4\uc138\uc694. \uc4f0\uae30\u202f\u2013\u202f\ub9e4\uc77c\u202f\uac19\uc740\u202f\uc2dc\uac04\uc5d0\u202f\uc218\uc5c5\uc5d0\u202f\ucc38\uc11d\ud568\uc73c\ub85c\uc368\u202f\uc4f0\uae30\u202f\ub2a5\ub825\uc744\u202f\ud5a5\uc0c1\uc2dc\ud0ac\u202f\uc218\u202f\uc788\uc2b5\ub2c8\ub2e4. \ud559\uc2b5 \uc2b5\uad00\u202f\u2013\u202f\ub9e4\uc77c\u202f\uac19\uc740\u202f\uc2dc\uac04\uc5d0\u202f\uc218\uc5c5\uc5d0\u202f\ucc38\uc11d\ud568\uc73c\ub85c\uc368\u202f\uc88b\uc740\u202f\ud559\uc2b5\u202f\uc2b5\uad00\uc744\u202f\uae30\ub97c\u202f\uc218\u202f\uc788\uc2b5\ub2c8\ub2e4. \uc6d4\uac04 \ud53c\ub4dc\ubc31\u202f\u2013\u202f\ud55c \ub2ec\uc5d0 \ud55c \ubc88 \uc2dc\ud5d8\uc73c\ub85c \uc790\uc2e0\uc758 \uc2e4\ub825\uc744 \ud3c9\uac00\ud560 \uc218 \uc788\uc2b5\ub2c8\ub2e4. \uc6d0\ud65c\ud55c \uc778\ud130\ub137\u202f\u2013\u202f\uac01\u202f\uc120\uc0dd\ub2d8\uc740\u202f\uac1c\ubcc4\uc801\uc778\u202f\uc778\ud130\ub137\u202f\uc5f0\uacb0\uc744\u202f\uac00\uc9c0\uace0\u202f\uc788\uc5b4\u202f\ub04a\uae40\u202f\uc5c6\ub294\u202f\uc628\ub77c\uc778\u202f\uc218\uc5c5\uc774\u202f\uac00\ub2a5\ud569\ub2c8\ub2e4. \uad50\uc2e4 \uc218\uc5c5\u202f\u2013\u202f\uc6b0\ub9ac\ub294\u202f\uac15\ud55c\u202f\ub2a5\ub825\uacfc\u202f\uc815\ud655\ud55c\u202f\ubc1c\uc74c\uc744\u202f\ubcf4\uc7a5\ud558\ub294\u202f\uad50\uc0ac\u202f\uc5f0\uc218\ub97c\u202f\uc81c\uacf5\ud558\uba70\u202f\ud6a8\uacfc\uc801\uc778\u202f\uad50\uc0ac\u202f\uad00\ub9ac\ub97c\u202f\ud1b5\ud574\u202f\uc218\uc5c5\uc758\u202f\ud488\uc9c8\uc744\u202f\uc720\uc9c0\ud569\ub2c8\ub2e4. \ud55c\uad6d \uc2a4\ud0dc\ud504\u202f\u2013\u202f\ud55c\uad6d\uc778\u202f\ub9e4\ub2c8\uc800\uac00\u202f\uce74\uce74\uc624\ud1a1\uc744\u202f\ud1b5\ud574\u202f\uc628\ub77c\uc778\u202f\uc218\uc5c5\uc5d0\u202f\ub300\ud574\u202f\uc2e0\uc18d\ud558\uac8c\u202f\uc18c\ud1b5\ud569\ub2c8\ub2e4.<\/p>","protected":false},"author":1,"featured_media":0,"parent":0,"menu_order":0,"comment_status":"closed","ping_status":"closed","template":"","meta":{"_uag_custom_page_level_css":"","footnotes":""},"class_list":["post-642","page","type-page","status-publish","hentry"],"aioseo_notices":[],"yoast_head":"<!-- This site is optimized with the Yoast SEO plugin v27.4 - https:\/\/yoast.com\/product\/yoast-seo-wordpress\/ -->\n<title>Advantages - \ud074\ub77d\ubca8\ub77c | BELA E4U academy<\/title>\n<meta name=\"robots\" content=\"index, follow, max-snippet:-1, max-image-preview:large, max-video-preview:-1\" \/>\n<link rel=\"canonical\" href=\"https:\/\/belae4uacademy.com\/vi\/\uc7a5\uc810\/\" \/>\n<meta property=\"og:locale\" content=\"vi_VN\" \/>\n<meta property=\"og:type\" content=\"article\" \/>\n<meta property=\"og:title\" content=\"Advantages - \ud074\ub77d\ubca8\ub77c | BELA E4U academy\" \/>\n<meta property=\"og:description\" content=\"\ub9d0\ud558\uae30\u202f\u2013\u202f\ud544\ub9ac\ud53c\ub178\u202f\uc120\uc0dd\ub2d8\uacfc\u202f\ub9e4\uc77c\u202f\uc218\uc5c5\uc744\u202f\ud1b5\ud574\u202f\ub9d0\ud558\uae30\u202f\ub2a5\ub825\uacfc\u202f\ubc1c\uc74c\uc744\u202f\ud5a5\uc0c1\uc2dc\ud0a4\uc138\uc694. \uc4f0\uae30\u202f\u2013\u202f\ub9e4\uc77c\u202f\uac19\uc740\u202f\uc2dc\uac04\uc5d0\u202f\uc218\uc5c5\uc5d0\u202f\ucc38\uc11d\ud568\uc73c\ub85c\uc368\u202f\uc4f0\uae30\u202f\ub2a5\ub825\uc744\u202f\ud5a5\uc0c1\uc2dc\ud0ac\u202f\uc218\u202f\uc788\uc2b5\ub2c8\ub2e4. \ud559\uc2b5 \uc2b5\uad00\u202f\u2013\u202f\ub9e4\uc77c\u202f\uac19\uc740\u202f\uc2dc\uac04\uc5d0\u202f\uc218\uc5c5\uc5d0\u202f\ucc38\uc11d\ud568\uc73c\ub85c\uc368\u202f\uc88b\uc740\u202f\ud559\uc2b5\u202f\uc2b5\uad00\uc744\u202f\uae30\ub97c\u202f\uc218\u202f\uc788\uc2b5\ub2c8\ub2e4. \uc6d4\uac04 \ud53c\ub4dc\ubc31\u202f\u2013\u202f\ud55c \ub2ec\uc5d0 \ud55c \ubc88 \uc2dc\ud5d8\uc73c\ub85c \uc790\uc2e0\uc758 \uc2e4\ub825\uc744 \ud3c9\uac00\ud560 \uc218 \uc788\uc2b5\ub2c8\ub2e4. \uc6d0\ud65c\ud55c \uc778\ud130\ub137\u202f\u2013\u202f\uac01\u202f\uc120\uc0dd\ub2d8\uc740\u202f\uac1c\ubcc4\uc801\uc778\u202f\uc778\ud130\ub137\u202f\uc5f0\uacb0\uc744\u202f\uac00\uc9c0\uace0\u202f\uc788\uc5b4\u202f\ub04a\uae40\u202f\uc5c6\ub294\u202f\uc628\ub77c\uc778\u202f\uc218\uc5c5\uc774\u202f\uac00\ub2a5\ud569\ub2c8\ub2e4. \uad50\uc2e4 \uc218\uc5c5\u202f\u2013\u202f\uc6b0\ub9ac\ub294\u202f\uac15\ud55c\u202f\ub2a5\ub825\uacfc\u202f\uc815\ud655\ud55c\u202f\ubc1c\uc74c\uc744\u202f\ubcf4\uc7a5\ud558\ub294\u202f\uad50\uc0ac\u202f\uc5f0\uc218\ub97c\u202f\uc81c\uacf5\ud558\uba70\u202f\ud6a8\uacfc\uc801\uc778\u202f\uad50\uc0ac\u202f\uad00\ub9ac\ub97c\u202f\ud1b5\ud574\u202f\uc218\uc5c5\uc758\u202f\ud488\uc9c8\uc744\u202f\uc720\uc9c0\ud569\ub2c8\ub2e4. \ud55c\uad6d \uc2a4\ud0dc\ud504\u202f\u2013\u202f\ud55c\uad6d\uc778\u202f\ub9e4\ub2c8\uc800\uac00\u202f\uce74\uce74\uc624\ud1a1\uc744\u202f\ud1b5\ud574\u202f\uc628\ub77c\uc778\u202f\uc218\uc5c5\uc5d0\u202f\ub300\ud574\u202f\uc2e0\uc18d\ud558\uac8c\u202f\uc18c\ud1b5\ud569\ub2c8\ub2e4.\" \/>\n<meta property=\"og:url\" content=\"https:\/\/belae4uacademy.com\/vi\/\uc7a5\uc810\/\" \/>\n<meta property=\"og:site_name\" content=\"\ud074\ub77d\ubca8\ub77c | BELA E4U academy\" \/>\n<meta property=\"article:modified_time\" content=\"2026-01-05T07:48:53+00:00\" \/>\n<meta property=\"og:image\" content=\"https:\/\/belae4uacademy.com\/wp-content\/uploads\/2026\/01\/Gemini_Generated_Image_28r67328r67328r6.png\" \/>\n\t<meta property=\"og:image:width\" content=\"1024\" \/>\n\t<meta property=\"og:image:height\" content=\"1024\" \/>\n\t<meta property=\"og:image:type\" content=\"image\/png\" \/>\n<meta name=\"twitter:card\" content=\"summary_large_image\" \/>\n<meta name=\"twitter:label1\" content=\"\u01af\u1edbc t\u00ednh th\u1eddi gian \u0111\u1ecdc\" \/>\n\t<meta name=\"twitter:data1\" content=\"1 ph\u00fat\" \/>\n<script type=\"application\/ld+json\" class=\"yoast-schema-graph\">{\"@context\":\"https:\\\/\\\/schema.org\",\"@graph\":[{\"@type\":\"WebPage\",\"@id\":\"https:\\\/\\\/belae4uacademy.com\\\/%ec%9e%a5%ec%a0%90\\\/\",\"url\":\"https:\\\/\\\/belae4uacademy.com\\\/%ec%9e%a5%ec%a0%90\\\/\",\"name\":\"Advantages - \ud074\ub77d\ubca8\ub77c | BELA E4U academy\",\"isPartOf\":{\"@id\":\"https:\\\/\\\/belae4uacademy.com\\\/#website\"},\"primaryImageOfPage\":{\"@id\":\"https:\\\/\\\/belae4uacademy.com\\\/%ec%9e%a5%ec%a0%90\\\/#primaryimage\"},\"image\":{\"@id\":\"https:\\\/\\\/belae4uacademy.com\\\/%ec%9e%a5%ec%a0%90\\\/#primaryimage\"},\"thumbnailUrl\":\"https:\\\/\\\/belae4uacademy.com\\\/wp-content\\\/uploads\\\/2026\\\/01\\\/Gemini_Generated_Image_28r67328r67328r6-768x768.png\",\"datePublished\":\"2025-09-01T12:45:28+00:00\",\"dateModified\":\"2026-01-05T07:48:53+00:00\",\"breadcrumb\":{\"@id\":\"https:\\\/\\\/belae4uacademy.com\\\/%ec%9e%a5%ec%a0%90\\\/#breadcrumb\"},\"inLanguage\":\"vi\",\"potentialAction\":[{\"@type\":\"ReadAction\",\"target\":[\"https:\\\/\\\/belae4uacademy.com\\\/%ec%9e%a5%ec%a0%90\\\/\"]}]},{\"@type\":\"ImageObject\",\"inLanguage\":\"vi\",\"@id\":\"https:\\\/\\\/belae4uacademy.com\\\/%ec%9e%a5%ec%a0%90\\\/#primaryimage\",\"url\":\"https:\\\/\\\/belae4uacademy.com\\\/wp-content\\\/uploads\\\/2026\\\/01\\\/Gemini_Generated_Image_28r67328r67328r6-768x768.png\",\"contentUrl\":\"https:\\\/\\\/belae4uacademy.com\\\/wp-content\\\/uploads\\\/2026\\\/01\\\/Gemini_Generated_Image_28r67328r67328r6-768x768.png\"},{\"@type\":\"BreadcrumbList\",\"@id\":\"https:\\\/\\\/belae4uacademy.com\\\/%ec%9e%a5%ec%a0%90\\\/#breadcrumb\",\"itemListElement\":[{\"@type\":\"ListItem\",\"position\":1,\"name\":\"Home\",\"item\":\"https:\\\/\\\/belae4uacademy.com\\\/\"},{\"@type\":\"ListItem\",\"position\":2,\"name\":\"Advantages\"}]},{\"@type\":\"WebSite\",\"@id\":\"https:\\\/\\\/belae4uacademy.com\\\/#website\",\"url\":\"https:\\\/\\\/belae4uacademy.com\\\/\",\"name\":\"\ud074\ub77d\ubca8\ub77c | BELA E4U academy\",\"description\":\"\ud544\ub9ac\ud540 \ud074\ub77d \uc8fc\ub2c8\uc5b4\u00b7\uac00\uc871\uc5f0\uc218 \uc804\ubb38 \ud559\uc6d0\",\"publisher\":{\"@id\":\"https:\\\/\\\/belae4uacademy.com\\\/#organization\"},\"potentialAction\":[{\"@type\":\"SearchAction\",\"target\":{\"@type\":\"EntryPoint\",\"urlTemplate\":\"https:\\\/\\\/belae4uacademy.com\\\/?s={search_term_string}\"},\"query-input\":{\"@type\":\"PropertyValueSpecification\",\"valueRequired\":true,\"valueName\":\"search_term_string\"}}],\"inLanguage\":\"vi\"},{\"@type\":\"Organization\",\"@id\":\"https:\\\/\\\/belae4uacademy.com\\\/#organization\",\"name\":\"\ud074\ub77d\ubca8\ub77c | BELA E4U academy\",\"url\":\"https:\\\/\\\/belae4uacademy.com\\\/\",\"logo\":{\"@type\":\"ImageObject\",\"inLanguage\":\"vi\",\"@id\":\"https:\\\/\\\/belae4uacademy.com\\\/#\\\/schema\\\/logo\\\/image\\\/\",\"url\":\"https:\\\/\\\/belae4uacademy.com\\\/wp-content\\\/uploads\\\/2025\\\/09\\\/cropped-image.png\",\"contentUrl\":\"https:\\\/\\\/belae4uacademy.com\\\/wp-content\\\/uploads\\\/2025\\\/09\\\/cropped-image.png\",\"width\":200,\"height\":200,\"caption\":\"\ud074\ub77d\ubca8\ub77c | BELA E4U academy\"},\"image\":{\"@id\":\"https:\\\/\\\/belae4uacademy.com\\\/#\\\/schema\\\/logo\\\/image\\\/\"}}]}<\/script>\n<!-- \/ Yoast SEO plugin. -->","yoast_head_json":{"title":"Advantages - \ud074\ub77d\ubca8\ub77c | BELA E4U academy","robots":{"index":"index","follow":"follow","max-snippet":"max-snippet:-1","max-image-preview":"max-image-preview:large","max-video-preview":"max-video-preview:-1"},"canonical":"https:\/\/belae4uacademy.com\/vi\/\uc7a5\uc810\/","og_locale":"vi_VN","og_type":"article","og_title":"Advantages - \ud074\ub77d\ubca8\ub77c | BELA E4U academy","og_description":"\ub9d0\ud558\uae30\u202f\u2013\u202f\ud544\ub9ac\ud53c\ub178\u202f\uc120\uc0dd\ub2d8\uacfc\u202f\ub9e4\uc77c\u202f\uc218\uc5c5\uc744\u202f\ud1b5\ud574\u202f\ub9d0\ud558\uae30\u202f\ub2a5\ub825\uacfc\u202f\ubc1c\uc74c\uc744\u202f\ud5a5\uc0c1\uc2dc\ud0a4\uc138\uc694. \uc4f0\uae30\u202f\u2013\u202f\ub9e4\uc77c\u202f\uac19\uc740\u202f\uc2dc\uac04\uc5d0\u202f\uc218\uc5c5\uc5d0\u202f\ucc38\uc11d\ud568\uc73c\ub85c\uc368\u202f\uc4f0\uae30\u202f\ub2a5\ub825\uc744\u202f\ud5a5\uc0c1\uc2dc\ud0ac\u202f\uc218\u202f\uc788\uc2b5\ub2c8\ub2e4. \ud559\uc2b5 \uc2b5\uad00\u202f\u2013\u202f\ub9e4\uc77c\u202f\uac19\uc740\u202f\uc2dc\uac04\uc5d0\u202f\uc218\uc5c5\uc5d0\u202f\ucc38\uc11d\ud568\uc73c\ub85c\uc368\u202f\uc88b\uc740\u202f\ud559\uc2b5\u202f\uc2b5\uad00\uc744\u202f\uae30\ub97c\u202f\uc218\u202f\uc788\uc2b5\ub2c8\ub2e4. \uc6d4\uac04 \ud53c\ub4dc\ubc31\u202f\u2013\u202f\ud55c \ub2ec\uc5d0 \ud55c \ubc88 \uc2dc\ud5d8\uc73c\ub85c \uc790\uc2e0\uc758 \uc2e4\ub825\uc744 \ud3c9\uac00\ud560 \uc218 \uc788\uc2b5\ub2c8\ub2e4. \uc6d0\ud65c\ud55c \uc778\ud130\ub137\u202f\u2013\u202f\uac01\u202f\uc120\uc0dd\ub2d8\uc740\u202f\uac1c\ubcc4\uc801\uc778\u202f\uc778\ud130\ub137\u202f\uc5f0\uacb0\uc744\u202f\uac00\uc9c0\uace0\u202f\uc788\uc5b4\u202f\ub04a\uae40\u202f\uc5c6\ub294\u202f\uc628\ub77c\uc778\u202f\uc218\uc5c5\uc774\u202f\uac00\ub2a5\ud569\ub2c8\ub2e4. \uad50\uc2e4 \uc218\uc5c5\u202f\u2013\u202f\uc6b0\ub9ac\ub294\u202f\uac15\ud55c\u202f\ub2a5\ub825\uacfc\u202f\uc815\ud655\ud55c\u202f\ubc1c\uc74c\uc744\u202f\ubcf4\uc7a5\ud558\ub294\u202f\uad50\uc0ac\u202f\uc5f0\uc218\ub97c\u202f\uc81c\uacf5\ud558\uba70\u202f\ud6a8\uacfc\uc801\uc778\u202f\uad50\uc0ac\u202f\uad00\ub9ac\ub97c\u202f\ud1b5\ud574\u202f\uc218\uc5c5\uc758\u202f\ud488\uc9c8\uc744\u202f\uc720\uc9c0\ud569\ub2c8\ub2e4. \ud55c\uad6d \uc2a4\ud0dc\ud504\u202f\u2013\u202f\ud55c\uad6d\uc778\u202f\ub9e4\ub2c8\uc800\uac00\u202f\uce74\uce74\uc624\ud1a1\uc744\u202f\ud1b5\ud574\u202f\uc628\ub77c\uc778\u202f\uc218\uc5c5\uc5d0\u202f\ub300\ud574\u202f\uc2e0\uc18d\ud558\uac8c\u202f\uc18c\ud1b5\ud569\ub2c8\ub2e4.","og_url":"https:\/\/belae4uacademy.com\/vi\/\uc7a5\uc810\/","og_site_name":"\ud074\ub77d\ubca8\ub77c | BELA E4U academy","article_modified_time":"2026-01-05T07:48:53+00:00","og_image":[{"width":1024,"height":1024,"url":"https:\/\/belae4uacademy.com\/wp-content\/uploads\/2026\/01\/Gemini_Generated_Image_28r67328r67328r6.png","type":"image\/png"}],"twitter_card":"summary_large_image","twitter_misc":{"\u01af\u1edbc t\u00ednh th\u1eddi gian \u0111\u1ecdc":"1 ph\u00fat"},"schema":{"@context":"https:\/\/schema.org","@graph":[{"@type":"WebPage","@id":"https:\/\/belae4uacademy.com\/%ec%9e%a5%ec%a0%90\/","url":"https:\/\/belae4uacademy.com\/%ec%9e%a5%ec%a0%90\/","name":"Advantages - \ud074\ub77d\ubca8\ub77c | BELA E4U academy","isPartOf":{"@id":"https:\/\/belae4uacademy.com\/#website"},"primaryImageOfPage":{"@id":"https:\/\/belae4uacademy.com\/%ec%9e%a5%ec%a0%90\/#primaryimage"},"image":{"@id":"https:\/\/belae4uacademy.com\/%ec%9e%a5%ec%a0%90\/#primaryimage"},"thumbnailUrl":"https:\/\/belae4uacademy.com\/wp-content\/uploads\/2026\/01\/Gemini_Generated_Image_28r67328r67328r6-768x768.png","datePublished":"2025-09-01T12:45:28+00:00","dateModified":"2026-01-05T07:48:53+00:00","breadcrumb":{"@id":"https:\/\/belae4uacademy.com\/%ec%9e%a5%ec%a0%90\/#breadcrumb"},"inLanguage":"vi","potentialAction":[{"@type":"ReadAction","target":["https:\/\/belae4uacademy.com\/%ec%9e%a5%ec%a0%90\/"]}]},{"@type":"ImageObject","inLanguage":"vi","@id":"https:\/\/belae4uacademy.com\/%ec%9e%a5%ec%a0%90\/#primaryimage","url":"https:\/\/belae4uacademy.com\/wp-content\/uploads\/2026\/01\/Gemini_Generated_Image_28r67328r67328r6-768x768.png","contentUrl":"https:\/\/belae4uacademy.com\/wp-content\/uploads\/2026\/01\/Gemini_Generated_Image_28r67328r67328r6-768x768.png"},{"@type":"BreadcrumbList","@id":"https:\/\/belae4uacademy.com\/%ec%9e%a5%ec%a0%90\/#breadcrumb","itemListElement":[{"@type":"ListItem","position":1,"name":"Home","item":"https:\/\/belae4uacademy.com\/"},{"@type":"ListItem","position":2,"name":"Advantages"}]},{"@type":"WebSite","@id":"https:\/\/belae4uacademy.com\/#website","url":"https:\/\/belae4uacademy.com\/","name":"Clark Bella | H\u1ecdc vi\u1ec7n BELA E4U","description":"\ud544\ub9ac\ud540 \ud074\ub77d \uc8fc\ub2c8\uc5b4\u00b7\uac00\uc871\uc5f0\uc218 \uc804\ubb38 \ud559\uc6d0","publisher":{"@id":"https:\/\/belae4uacademy.com\/#organization"},"potentialAction":[{"@type":"SearchAction","target":{"@type":"EntryPoint","urlTemplate":"https:\/\/belae4uacademy.com\/?s={search_term_string}"},"query-input":{"@type":"PropertyValueSpecification","valueRequired":true,"valueName":"search_term_string"}}],"inLanguage":"vi"},{"@type":"Organization","@id":"https:\/\/belae4uacademy.com\/#organization","name":"Clark Bella | H\u1ecdc vi\u1ec7n BELA E4U","url":"https:\/\/belae4uacademy.com\/","logo":{"@type":"ImageObject","inLanguage":"vi","@id":"https:\/\/belae4uacademy.com\/#\/schema\/logo\/image\/","url":"https:\/\/belae4uacademy.com\/wp-content\/uploads\/2025\/09\/cropped-image.png","contentUrl":"https:\/\/belae4uacademy.com\/wp-content\/uploads\/2025\/09\/cropped-image.png","width":200,"height":200,"caption":"\ud074\ub77d\ubca8\ub77c | BELA E4U academy"},"image":{"@id":"https:\/\/belae4uacademy.com\/#\/schema\/logo\/image\/"}}]}},"uagb_featured_image_src":{"full":false,"thumbnail":false,"medium":false,"medium_large":false,"large":false,"1536x1536":false,"2048x2048":false,"trp-custom-language-flag":false,"tutor-academy-featured-header-image":false,"online-tutor-featured-header-image":false},"uagb_author_info":{"display_name":"belacademy2006@gmail.com","author_link":"https:\/\/belae4uacademy.com\/vi\/author\/belacademy2006gmail-com\/"},"uagb_comment_info":0,"uagb_excerpt":"\ub9d0\ud558\uae30\u202f\u2013\u202f\ud544\ub9ac\ud53c\ub178\u202f\uc120\uc0dd\ub2d8\uacfc\u202f\ub9e4\uc77c\u202f\uc218\uc5c5\uc744\u202f\ud1b5\ud574\u202f\ub9d0\ud558\uae30\u202f\ub2a5\ub825\uacfc\u202f\ubc1c\uc74c\uc744\u202f\ud5a5\uc0c1\uc2dc\ud0a4\uc138\uc694. \uc4f0\uae30\u202f\u2013\u202f\ub9e4\uc77c\u202f\uac19\uc740\u202f\uc2dc\uac04\uc5d0\u202f\uc218\uc5c5\uc5d0\u202f\ucc38\uc11d\ud568\uc73c\ub85c\uc368\u202f\uc4f0\uae30\u202f\ub2a5\ub825\uc744\u202f\ud5a5\uc0c1\uc2dc\ud0ac\u202f\uc218\u202f\uc788\uc2b5\ub2c8\ub2e4. \ud559\uc2b5 \uc2b5\uad00\u202f\u2013\u202f\ub9e4\uc77c\u202f\uac19\uc740\u202f\uc2dc\uac04\uc5d0\u202f\uc218\uc5c5\uc5d0\u202f\ucc38\uc11d\ud568\uc73c\ub85c\uc368\u202f\uc88b\uc740\u202f\ud559\uc2b5\u202f\uc2b5\uad00\uc744\u202f\uae30\ub97c\u202f\uc218\u202f\uc788\uc2b5\ub2c8\ub2e4. \uc6d4\uac04 \ud53c\ub4dc\ubc31\u202f\u2013\u202f\ud55c \ub2ec\uc5d0 \ud55c \ubc88 \uc2dc\ud5d8\uc73c\ub85c \uc790\uc2e0\uc758 \uc2e4\ub825\uc744 \ud3c9\uac00\ud560 \uc218 \uc788\uc2b5\ub2c8\ub2e4. \uc6d0\ud65c\ud55c \uc778\ud130\ub137\u202f\u2013\u202f\uac01\u202f\uc120\uc0dd\ub2d8\uc740\u202f\uac1c\ubcc4\uc801\uc778\u202f\uc778\ud130\ub137\u202f\uc5f0\uacb0\uc744\u202f\uac00\uc9c0\uace0\u202f\uc788\uc5b4\u202f\ub04a\uae40\u202f\uc5c6\ub294\u202f\uc628\ub77c\uc778\u202f\uc218\uc5c5\uc774\u202f\uac00\ub2a5\ud569\ub2c8\ub2e4. \uad50\uc2e4 \uc218\uc5c5\u202f\u2013\u202f\uc6b0\ub9ac\ub294\u202f\uac15\ud55c\u202f\ub2a5\ub825\uacfc\u202f\uc815\ud655\ud55c\u202f\ubc1c\uc74c\uc744\u202f\ubcf4\uc7a5\ud558\ub294\u202f\uad50\uc0ac\u202f\uc5f0\uc218\ub97c\u202f\uc81c\uacf5\ud558\uba70\u202f\ud6a8\uacfc\uc801\uc778\u202f\uad50\uc0ac\u202f\uad00\ub9ac\ub97c\u202f\ud1b5\ud574\u202f\uc218\uc5c5\uc758\u202f\ud488\uc9c8\uc744\u202f\uc720\uc9c0\ud569\ub2c8\ub2e4. \ud55c\uad6d \uc2a4\ud0dc\ud504\u202f\u2013\u202f\ud55c\uad6d\uc778\u202f\ub9e4\ub2c8\uc800\uac00\u202f\uce74\uce74\uc624\ud1a1\uc744\u202f\ud1b5\ud574\u202f\uc628\ub77c\uc778\u202f\uc218\uc5c5\uc5d0\u202f\ub300\ud574\u202f\uc2e0\uc18d\ud558\uac8c\u202f\uc18c\ud1b5\ud569\ub2c8\ub2e4.","_links":{"self":[{"href":"https:\/\/belae4uacademy.com\/vi\/wp-json\/wp\/v2\/pages\/642","targetHints":{"allow":["GET"]}}],"collection":[{"href":"https:\/\/belae4uacademy.com\/vi\/wp-json\/wp\/v2\/pages"}],"about":[{"href":"https:\/\/belae4uacademy.com\/vi\/wp-json\/wp\/v2\/types\/page"}],"author":[{"embeddable":true,"href":"https:\/\/belae4uacademy.com\/vi\/wp-json\/wp\/v2\/users\/1"}],"replies":[{"embeddable":true,"href":"https:\/\/belae4uacademy.com\/vi\/wp-json\/wp\/v2\/comments?post=642"}],"version-history":[{"count":14,"href":"https:\/\/belae4uacademy.com\/vi\/wp-json\/wp\/v2\/pages\/642\/revisions"}],"predecessor-version":[{"id":2036,"href":"https:\/\/belae4uacademy.com\/vi\/wp-json\/wp\/v2\/pages\/642\/revisions\/2036"}],"wp:attachment":[{"href":"https:\/\/belae4uacademy.com\/vi\/wp-json\/wp\/v2\/media?parent=642"}],"curies":[{"name":"wp","href":"https:\/\/api.w.org\/{rel}","templated":true}]}}