{"id":648,"date":"2025-09-01T12:46:20","date_gmt":"2025-09-01T12:46:20","guid":{"rendered":"https:\/\/cyan-baboon-360649.hostingersite.com\/?page_id=648"},"modified":"2025-12-19T05:40:32","modified_gmt":"2025-12-19T05:40:32","slug":"%ed%99%98%eb%b6%88%ea%b7%9c%ec%a0%95","status":"publish","type":"page","link":"https:\/\/belae4uacademy.com\/vi\/%ed%99%98%eb%b6%88%ea%b7%9c%ec%a0%95\/","title":{"rendered":"Ch\u00ednh s\u00e1ch ho\u00e0n ti\u1ec1n"},"content":{"rendered":"<div data-elementor-type=\"wp-page\" data-elementor-id=\"648\" class=\"elementor elementor-648\">\n\t\t\t\t<div class=\"elementor-element elementor-element-5cf1775 e-flex e-con-boxed e-con e-parent\" data-id=\"5cf1775\" data-element_type=\"container\" data-e-type=\"container\">\n\t\t\t\t\t<div class=\"e-con-inner\">\n\t\t\t\t<div class=\"elementor-element elementor-element-ee5adfd elementor-widget elementor-widget-heading\" data-id=\"ee5adfd\" data-element_type=\"widget\" data-e-type=\"widget\" data-widget_type=\"heading.default\">\n\t\t\t\t\t<h2 class=\"elementor-heading-title elementor-size-default\">Quy \u0111\u1ecbnh h\u1ee7y kh\u00f3a h\u1ecdc v\u00e0 ho\u00e0n ph\u00ed<\/h2>\t\t\t\t<\/div>\n\t\t\t\t\t<\/div>\n\t\t\t\t<\/div>\n\t\t<div class=\"elementor-element elementor-element-e82d4fc e-flex e-con-boxed e-con e-parent\" data-id=\"e82d4fc\" data-element_type=\"container\" data-e-type=\"container\">\n\t\t\t\t\t<div class=\"e-con-inner\">\n\t\t\t\t<div class=\"elementor-element elementor-element-88f363f elementor-widget elementor-widget-spacer\" data-id=\"88f363f\" data-element_type=\"widget\" data-e-type=\"widget\" data-widget_type=\"spacer.default\">\n\t\t\t\t\t\t\t<div class=\"elementor-spacer\">\n\t\t\t<div class=\"elementor-spacer-inner\"><\/div>\n\t\t<\/div>\n\t\t\t\t\t\t<\/div>\n\t\t\t\t\t<\/div>\n\t\t\t\t<\/div>\n\t\t<div class=\"elementor-element elementor-element-c140dbc e-flex e-con-boxed e-con e-parent\" data-id=\"c140dbc\" data-element_type=\"container\" data-e-type=\"container\">\n\t\t\t\t\t<div class=\"e-con-inner\">\n\t\t\t\t<div class=\"elementor-element elementor-element-1629125 elementor-widget elementor-widget-text-editor\" data-id=\"1629125\" data-element_type=\"widget\" data-e-type=\"widget\" data-widget_type=\"text-editor.default\">\n\t\t\t\t\t\t\t\t\t<ol data-start=\"0\" data-end=\"10\"><li data-start=\"0\" data-end=\"10\"><p data-start=\"3\" data-end=\"10\"><strong>Tr\u01b0\u1edbc khi b\u1eaft \u0111\u1ea7u kh\u00f3a \u0111\u00e0o t\u1ea1o<\/strong><\/p><\/li><\/ol><p data-start=\"12\" data-end=\"276\">\u2022 N\u1ebfu y\u00eau c\u1ea7u ho\u00e0n ti\u1ec1n \u00edt nh\u1ea5t 4 tu\u1ea7n tr\u01b0\u1edbc khi kh\u00f3a h\u1ecdc b\u1eaft \u0111\u1ea7u, b\u1ea1n s\u1ebd \u0111\u01b0\u1ee3c ho\u00e0n l\u1ea1i to\u00e0n b\u1ed9 s\u1ed1 ti\u1ec1n (tr\u1eeb kho\u1ea3n \u0111\u1eb7t c\u1ecdc 500.000 won).<br data-start=\"64\" data-end=\"67\" \/>\u2022 N\u1ebfu y\u00eau c\u1ea7u ho\u00e0n ti\u1ec1n trong v\u00f2ng 4 tu\u1ea7n k\u1ec3 t\u1eeb khi b\u1eaft \u0111\u1ea7u kh\u00f3a \u0111\u00e0o t\u1ea1o, to\u00e0n b\u1ed9 s\u1ed1 ti\u1ec1n s\u1ebd \u0111\u01b0\u1ee3c ho\u00e0n l\u1ea1i, tr\u1eeb ph\u00ed \u0111\u0103ng k\u00fd v\u00e0 ti\u1ec1n \u0111\u1eb7t c\u1ecdc.<br data-start=\"114\" data-end=\"117\" \/>\u2022 N\u1ebfu y\u00eau c\u1ea7u ho\u00e0n ti\u1ec1n trong v\u00f2ng 2 tu\u1ea7n k\u1ec3 t\u1eeb khi b\u1eaft \u0111\u1ea7u kh\u00f3a h\u1ecdc, to\u00e0n b\u1ed9 h\u1ecdc ph\u00ed v\u00e0 chi ph\u00ed \u0111\u00e0o t\u1ea1o s\u1ebd \u0111\u01b0\u1ee3c ho\u00e0n l\u1ea1i, tr\u1eeb chi ph\u00ed 4 tu\u1ea7n \u0111\u1ea7u ti\u00ean.<br data-start=\"173\" data-end=\"176\" \/>\u2022 Kh\u00f3a h\u1ecdc ch\u1ec9 c\u00f3 th\u1ec3 ho\u00e3n l\u1ea1i m\u1ed9t l\u1ea7n. (N\u1ebfu h\u1ecdc ph\u00ed t\u0103ng do thay \u0111\u1ed5i l\u1ecbch tr\u00ecnh, h\u1ecdc ph\u00ed \u0111\u00e3 \u0111i\u1ec1u ch\u1ec9nh s\u1ebd \u0111\u01b0\u1ee3c \u00e1p d\u1ee5ng.)<br data-start=\"238\" data-end=\"241\" \/>\u2022 C\u00e1c l\u1edbp h\u1ecdc ph\u1ea3i \u0111\u01b0\u1ee3c ti\u1ebfn h\u00e0nh trong v\u00f2ng 1 n\u0103m k\u1ec3 t\u1eeb ng\u00e0y \u0111\u0103ng k\u00fd.<\/p><ol start=\"2\" data-start=\"278\" data-end=\"288\"><li data-start=\"278\" data-end=\"288\"><p data-start=\"281\" data-end=\"288\"><strong>Sau khi b\u1eaft \u0111\u1ea7u kh\u00f3a \u0111\u00e0o t\u1ea1o<\/strong><\/p><\/li><\/ol><p data-start=\"290\" data-end=\"490\">\u2022 \u0110\u0103ng k\u00fd d\u01b0\u1edbi 4 tu\u1ea7n kh\u00f4ng \u0111\u01b0\u1ee3c ho\u00e0n ti\u1ec1n.<br data-start=\"312\" data-end=\"315\" \/>\u2022 N\u1ebfu y\u00eau c\u1ea7u ho\u00e0n ti\u1ec1n trong v\u00f2ng 1 tu\u1ea7n k\u1ec3 t\u1eeb khi b\u1eaft \u0111\u1ea7u kh\u00f3a h\u1ecdc, ch\u00fang t\u00f4i s\u1ebd ho\u00e0n l\u1ea1i 50% h\u1ecdc ph\u00ed c\u00f2n l\u1ea1i, tr\u1eeb h\u1ecdc ph\u00ed c\u1ee7a 4 tu\u1ea7n \u0111\u1ea7u ti\u00ean.<br data-start=\"373\" data-end=\"376\" \/>\u2022 N\u1ebfu y\u00eau c\u1ea7u ho\u00e0n ti\u1ec1n sau 1 tu\u1ea7n k\u1ec3 t\u1eeb khi b\u1eaft \u0111\u1ea7u kh\u00f3a h\u1ecdc, ch\u00fang t\u00f4i s\u1ebd ho\u00e0n l\u1ea1i 50% h\u1ecdc ph\u00ed c\u00f2n l\u1ea1i, tr\u1eeb h\u1ecdc ph\u00ed c\u1ee7a 4 tu\u1ea7n \u0111\u1ea7u ti\u00ean v\u00e0 4 tu\u1ea7n ti\u1ebfp theo.<br data-start=\"440\" data-end=\"443\" \/>\u2022 N\u1ebfu th\u1eddi gian \u0111\u00e0o t\u1ea1o \u0111\u00e3 v\u01b0\u1ee3t qu\u00e1 50%, s\u1ebd kh\u00f4ng \u0111\u01b0\u1ee3c ho\u00e0n l\u1ea1i ti\u1ec1n cho th\u1eddi gian c\u00f2n l\u1ea1i.<\/p><ol start=\"3\" data-start=\"492\" data-end=\"517\"><li data-start=\"492\" data-end=\"517\"><p data-start=\"495\" data-end=\"517\"><strong>C\u00e1c \u0111i\u1ec1u ki\u1ec7n ho\u00e0n ti\u1ec1n kh\u00e1c (c\u00f2n l\u1ea1i \u00edt nh\u1ea5t 4 tu\u1ea7n h\u1ecdc)<\/strong><\/p><\/li><\/ol><p data-start=\"519\" data-end=\"684\">\u2022 Tr\u01b0\u1eddng h\u1ee3p h\u1ee7y b\u1ecf gi\u1eefa ch\u1eebng v\u00ec l\u00fd do s\u1ee9c kh\u1ecfe: N\u1ebfu n\u1ed9p gi\u1ea5y ch\u1ee9ng nh\u1eadn c\u1ee7a b\u00e1c s\u0129, th\u1eddi gian \u0111\u00e0o t\u1ea1o c\u00f3 th\u1ec3 \u0111\u01b0\u1ee3c gia h\u1ea1n t\u1ed1i \u0111a 1 n\u0103m.<br data-start=\"580\" data-end=\"583\" \/>\u2022 Khi c\u00f3 th\u00e0nh vi\u00ean gia \u0111\u00ecnh tr\u1ef1c h\u1ec7 qua \u0111\u1eddi: Th\u1eddi gian h\u1ecdc t\u1eadp c\u00f3 th\u1ec3 \u0111\u01b0\u1ee3c ho\u00e3n l\u1ea1i t\u1ed1i \u0111a 1 n\u0103m. (C\u1ea7n n\u1ed9p gi\u1ea5y ch\u1ee9ng t\u1eed)<br data-start=\"635\" data-end=\"638\" \/>\u2022 N\u1ebfu ch\u1ecdn ho\u00e0n ti\u1ec1n thay v\u00ec ho\u00e3n v\u00ec l\u00fd do tr\u00ean, quy \u0111\u1ecbnh ho\u00e0n ti\u1ec1n t\u1ea1i kho\u1ea3n 2 s\u1ebd \u0111\u01b0\u1ee3c \u00e1p d\u1ee5ng.<\/p><ol start=\"4\" data-start=\"686\" data-end=\"699\"><li data-start=\"686\" data-end=\"699\"><p data-start=\"689\" data-end=\"699\"><strong>Thay \u0111\u1ed5i ch\u01b0\u01a1ng tr\u00ecnh \u0111\u00e0o t\u1ea1o<\/strong><\/p><\/li><\/ol><p data-start=\"701\" data-end=\"750\">\u2022 C\u00f3 th\u1ec3 \u0111\u0103ng k\u00fd th\u00eam c\u00e1c l\u1edbp h\u1ecdc t\u1ea1i \u0111\u1ecba ph\u01b0\u01a1ng, nh\u01b0ng kh\u00f4ng \u0111\u01b0\u1ee3c ph\u00e9p thay \u0111\u1ed5i ch\u01b0\u01a1ng tr\u00ecnh \u0111\u00e0o t\u1ea1o ch\u00ednh.<\/p><ol start=\"5\" data-start=\"752\" data-end=\"763\"><li data-start=\"752\" data-end=\"763\"><p data-start=\"755\" data-end=\"763\"><strong>C\u00e1c tr\u01b0\u1eddng h\u1ee3p kh\u00f4ng \u0111\u01b0\u1ee3c ho\u00e0n ti\u1ec1n<\/strong><\/p><\/li><\/ol><p data-start=\"765\" data-end=\"844\">\u2022 Tr\u01b0\u1eddng h\u1ee3p t\u1ef1 nguy\u1ec7n b\u1ecf cu\u1ed9c gi\u1eefa ch\u1eebng m\u00e0 kh\u00f4ng c\u00f3 l\u00fd do ch\u00ednh \u0111\u00e1ng<br data-start=\"792\" data-end=\"795\" \/>\u2022 Y\u00eau c\u1ea7u do kh\u00f3 kh\u0103n trong vi\u1ec7c th\u00edch nghi v\u1edbi m\u00f4i tr\u01b0\u1eddng \u0111\u1ecba ph\u01b0\u01a1ng<br data-start=\"816\" data-end=\"819\" \/>\u2022 B\u1ec7nh nh\u1eb9 c\u00f3 th\u1ec3 \u0111i\u1ec1u tr\u1ecb ho\u1eb7c d\u1ecb \u1ee9ng<\/p><ol start=\"6\" data-start=\"846\" data-end=\"854\"><li data-start=\"846\" data-end=\"854\"><p data-start=\"849\" data-end=\"854\"><strong>Th\u1ee7 t\u1ee5c ho\u00e0n ti\u1ec1n<\/strong><\/p><\/li><\/ol><p data-start=\"856\" data-end=\"986\" data-is-last-node=\"\" data-is-only-node=\"\">\u2022 Sau khi xem x\u00e9t y\u00eau c\u1ea7u ho\u00e0n ti\u1ec1n v\u00e0 nh\u1eadn \u0111\u01b0\u1ee3c \u0111\u01a1n xin ho\u00e0n ti\u1ec1n \u0111\u00e3 \u0111\u01b0\u1ee3c l\u1eadp, vi\u1ec7c ho\u00e0n ti\u1ec1n s\u1ebd \u0111\u01b0\u1ee3c x\u1eed l\u00fd trong v\u00f2ng 1 th\u00e1ng.<br data-start=\"908\" data-end=\"911\" \/>\u2022 Ph\u00ed ph\u00e1t sinh khi chuy\u1ec3n ti\u1ec1n ra n\u01b0\u1edbc ngo\u00e0i s\u1ebd \u0111\u01b0\u1ee3c kh\u1ea5u tr\u1eeb tr\u01b0\u1edbc khi ho\u00e0n l\u1ea1i ti\u1ec1n.<br data-start=\"942\" data-end=\"945\" \/>\u2022 Ti\u1ec1n h\u1ecdc ph\u00ed s\u1ebd \u0111\u01b0\u1ee3c ho\u00e0n l\u1ea1i v\u00e0o t\u00e0i kho\u1ea3n ng\u00e2n h\u00e0ng \u0111\u00e3 ch\u1ec9 \u0111\u1ecbnh th\u00f4ng qua t\u00e0i kho\u1ea3n c\u00f4ng ty \u0111\u00e3 \u0111\u0103ng k\u00fd.<\/p>\t\t\t\t\t\t\t\t<\/div>\n\t\t\t\t\t<\/div>\n\t\t\t\t<\/div>\n\t\t<div class=\"elementor-element elementor-element-bfaf729 e-flex e-con-boxed e-con e-parent\" data-id=\"bfaf729\" data-element_type=\"container\" data-e-type=\"container\">\n\t\t\t\t\t<div class=\"e-con-inner\">\n\t\t\t\t<div class=\"elementor-element elementor-element-c6f23b8 elementor-widget elementor-widget-heading\" data-id=\"c6f23b8\" data-element_type=\"widget\" data-e-type=\"widget\" data-widget_type=\"heading.default\">\n\t\t\t\t\t<h2 class=\"elementor-heading-title elementor-size-default\">Trong tr\u01b0\u1eddng h\u1ee3p kh\u00f4ng th\u1ec3 ti\u1ebfn h\u00e0nh \u0111\u00e0o t\u1ea1o do thi\u00ean tai ho\u1eb7c th\u1ea3m h\u1ecda kh\u00e1c trong th\u1eddi gian \u0111\u00e0o t\u1ea1o.<\/h2>\t\t\t\t<\/div>\n\t\t\t\t\t<\/div>\n\t\t\t\t<\/div>\n\t\t<div class=\"elementor-element elementor-element-6b7ec05 e-flex e-con-boxed e-con e-parent\" data-id=\"6b7ec05\" data-element_type=\"container\" data-e-type=\"container\">\n\t\t\t\t\t<div class=\"e-con-inner\">\n\t\t\t\t<div class=\"elementor-element elementor-element-2c284f7 elementor-widget elementor-widget-spacer\" data-id=\"2c284f7\" data-element_type=\"widget\" data-e-type=\"widget\" data-widget_type=\"spacer.default\">\n\t\t\t\t\t\t\t<div class=\"elementor-spacer\">\n\t\t\t<div class=\"elementor-spacer-inner\"><\/div>\n\t\t<\/div>\n\t\t\t\t\t\t<\/div>\n\t\t\t\t\t<\/div>\n\t\t\t\t<\/div>\n\t\t<div class=\"elementor-element elementor-element-261010b e-flex e-con-boxed e-con e-parent\" data-id=\"261010b\" data-element_type=\"container\" data-e-type=\"container\">\n\t\t\t\t\t<div class=\"e-con-inner\">\n\t\t\t\t<div class=\"elementor-element elementor-element-54588cb elementor-widget elementor-widget-text-editor\" data-id=\"54588cb\" data-element_type=\"widget\" data-e-type=\"widget\" data-widget_type=\"text-editor.default\">\n\t\t\t\t\t\t\t\t\t<ul><li>N\u1ebfu \u0111\u01b0\u1ee3c ph\u00e9p ti\u1ebfp t\u1ee5c \u0111\u00e0o t\u1ea1o theo th\u1ecfa thu\u1eadn v\u1edbi ch\u00ednh quy\u1ec1n \u0111\u1ecba ph\u01b0\u01a1ng Philippines, <strong data-start=\"40\" data-end=\"93\">Kh\u00f3a h\u1ecdc s\u1ebd \u0111\u01b0\u1ee3c ti\u1ebfn h\u00e0nh. N\u1ebfu h\u1ecdc vi\u00ean ch\u1ecdn h\u1ee7y b\u1ecf, ch\u00ednh s\u00e1ch h\u1ee7y b\u1ecf v\u00e0 ho\u00e0n ti\u1ec1n c\u1ee7a tr\u01b0\u1eddng ng\u00f4n ng\u1eef s\u1ebd \u0111\u01b0\u1ee3c \u00e1p d\u1ee5ng.<\/strong><\/li><li><strong data-start=\"98\" data-end=\"157\">N\u1ebfu kh\u00f3a h\u1ecdc b\u1ecb gi\u00e1n \u0111o\u1ea1n ho\u1eb7c trung t\u00e2m kh\u00f4ng th\u1ec3 ti\u1ebfp t\u1ee5c ho\u1ea1t \u0111\u1ed9ng, to\u00e0n b\u1ed9 s\u1ed1 ti\u1ec1n c\u00f2n l\u1ea1i s\u1ebd \u0111\u01b0\u1ee3c ho\u00e0n l\u1ea1i.<\/strong><\/li><\/ul>\t\t\t\t\t\t\t\t<\/div>\n\t\t\t\t\t<\/div>\n\t\t\t\t<\/div>\n\t\t<div class=\"elementor-element elementor-element-e16c3b5 e-flex e-con-boxed e-con e-parent\" data-id=\"e16c3b5\" data-element_type=\"container\" data-e-type=\"container\">\n\t\t\t\t\t<div class=\"e-con-inner\">\n\t\t\t\t<div class=\"elementor-element elementor-element-544850d elementor-widget elementor-widget-spacer\" data-id=\"544850d\" data-element_type=\"widget\" data-e-type=\"widget\" data-widget_type=\"spacer.default\">\n\t\t\t\t\t\t\t<div class=\"elementor-spacer\">\n\t\t\t<div class=\"elementor-spacer-inner\"><\/div>\n\t\t<\/div>\n\t\t\t\t\t\t<\/div>\n\t\t\t\t\t<\/div>\n\t\t\t\t<\/div>\n\t\t\t\t<\/div>","protected":false},"excerpt":{"rendered":"<p>\uc5f0\uc218 \ucde8\uc18c \ubc0f \ud658\ubd88 \uaddc\uc815 \uc5f0\uc218 \uc2dc\uc791 \uc804 \u2022 \uc5f0\uc218 \uc2dc\uc791 \ucd5c\uc18c 4\uc8fc \uc804\uc5d0 \ud658\ubd88\uc744 \uc694\uccad\ud558\uba74 \uc804\uc561 \ud658\ubd88\ub429\ub2c8\ub2e4(\ubcf4\uc99d\uae08 500,000\uc6d0 \uc81c\uc678).\u2022 \uc5f0\uc218 \uc2dc\uc791 4\uc8fc \uc774\ub0b4\uc5d0 \ud658\ubd88\uc744 \uc694\uccad\ud558\uba74 \ub4f1\ub85d\ube44\uc640 \ubcf4\uc99d\uae08\uc744 \uc81c\uc678\ud55c \uc804\uc561 \ud658\ubd88\ub429\ub2c8\ub2e4.\u2022 \uc5f0\uc218 \uc2dc\uc791 2\uc8fc \uc774\ub0b4\uc5d0 \ud658\ubd88\uc744 \uc694\uccad\ud558\uba74 \uccab 4\uc8fc \ube44\uc6a9\uc744 \uc81c\uc678\ud55c \uc218\uc5c5\ub8cc\uc640 \uc5f0\uc218\ube44 \uc804\uc561\uc774 \ud658\ubd88\ub429\ub2c8\ub2e4.\u2022 \uc5f0\uc218\ub294 \ud55c \ubc88\ub9cc \uc5f0\uae30\ud560 \uc218 \uc788\uc2b5\ub2c8\ub2e4. (\uc77c\uc815 \ubcc0\uacbd\uc73c\ub85c \uc218\uc5c5\ub8cc\uac00 \uc99d\uac00\ud558\ub294 [&hellip;]<\/p>","protected":false},"author":1,"featured_media":0,"parent":0,"menu_order":0,"comment_status":"closed","ping_status":"closed","template":"","meta":{"_uag_custom_page_level_css":"","footnotes":""},"class_list":["post-648","page","type-page","status-publish","hentry"],"aioseo_notices":[],"yoast_head":"<!-- This site is optimized with the Yoast SEO plugin v27.4 - https:\/\/yoast.com\/product\/yoast-seo-wordpress\/ -->\n<title>\ud658\ubd88\uaddc\uc815 - \ud074\ub77d\ubca8\ub77c | BELA E4U academy<\/title>\n<meta name=\"robots\" content=\"index, follow, max-snippet:-1, max-image-preview:large, max-video-preview:-1\" \/>\n<link rel=\"canonical\" href=\"https:\/\/belae4uacademy.com\/vi\/\ud658\ubd88\uaddc\uc815\/\" \/>\n<meta property=\"og:locale\" content=\"vi_VN\" \/>\n<meta property=\"og:type\" content=\"article\" \/>\n<meta property=\"og:title\" content=\"\ud658\ubd88\uaddc\uc815 - \ud074\ub77d\ubca8\ub77c | BELA E4U academy\" \/>\n<meta property=\"og:description\" content=\"\uc5f0\uc218 \ucde8\uc18c \ubc0f \ud658\ubd88 \uaddc\uc815 \uc5f0\uc218 \uc2dc\uc791 \uc804 \u2022 \uc5f0\uc218 \uc2dc\uc791 \ucd5c\uc18c 4\uc8fc \uc804\uc5d0 \ud658\ubd88\uc744 \uc694\uccad\ud558\uba74 \uc804\uc561 \ud658\ubd88\ub429\ub2c8\ub2e4(\ubcf4\uc99d\uae08 500,000\uc6d0 \uc81c\uc678).\u2022 \uc5f0\uc218 \uc2dc\uc791 4\uc8fc \uc774\ub0b4\uc5d0 \ud658\ubd88\uc744 \uc694\uccad\ud558\uba74 \ub4f1\ub85d\ube44\uc640 \ubcf4\uc99d\uae08\uc744 \uc81c\uc678\ud55c \uc804\uc561 \ud658\ubd88\ub429\ub2c8\ub2e4.\u2022 \uc5f0\uc218 \uc2dc\uc791 2\uc8fc \uc774\ub0b4\uc5d0 \ud658\ubd88\uc744 \uc694\uccad\ud558\uba74 \uccab 4\uc8fc \ube44\uc6a9\uc744 \uc81c\uc678\ud55c \uc218\uc5c5\ub8cc\uc640 \uc5f0\uc218\ube44 \uc804\uc561\uc774 \ud658\ubd88\ub429\ub2c8\ub2e4.\u2022 \uc5f0\uc218\ub294 \ud55c \ubc88\ub9cc \uc5f0\uae30\ud560 \uc218 \uc788\uc2b5\ub2c8\ub2e4. (\uc77c\uc815 \ubcc0\uacbd\uc73c\ub85c \uc218\uc5c5\ub8cc\uac00 \uc99d\uac00\ud558\ub294 [&hellip;]\" \/>\n<meta property=\"og:url\" content=\"https:\/\/belae4uacademy.com\/vi\/\ud658\ubd88\uaddc\uc815\/\" \/>\n<meta property=\"og:site_name\" content=\"\ud074\ub77d\ubca8\ub77c | BELA E4U academy\" \/>\n<meta property=\"article:modified_time\" content=\"2025-12-19T05:40:32+00:00\" \/>\n<meta name=\"twitter:card\" content=\"summary_large_image\" \/>\n<meta name=\"twitter:label1\" content=\"\u01af\u1edbc t\u00ednh th\u1eddi gian \u0111\u1ecdc\" \/>\n\t<meta name=\"twitter:data1\" content=\"2 ph\u00fat\" \/>\n<script type=\"application\/ld+json\" class=\"yoast-schema-graph\">{\"@context\":\"https:\\\/\\\/schema.org\",\"@graph\":[{\"@type\":\"WebPage\",\"@id\":\"https:\\\/\\\/belae4uacademy.com\\\/%ed%99%98%eb%b6%88%ea%b7%9c%ec%a0%95\\\/\",\"url\":\"https:\\\/\\\/belae4uacademy.com\\\/%ed%99%98%eb%b6%88%ea%b7%9c%ec%a0%95\\\/\",\"name\":\"\ud658\ubd88\uaddc\uc815 - \ud074\ub77d\ubca8\ub77c | BELA E4U academy\",\"isPartOf\":{\"@id\":\"https:\\\/\\\/belae4uacademy.com\\\/#website\"},\"datePublished\":\"2025-09-01T12:46:20+00:00\",\"dateModified\":\"2025-12-19T05:40:32+00:00\",\"breadcrumb\":{\"@id\":\"https:\\\/\\\/belae4uacademy.com\\\/%ed%99%98%eb%b6%88%ea%b7%9c%ec%a0%95\\\/#breadcrumb\"},\"inLanguage\":\"vi\",\"potentialAction\":[{\"@type\":\"ReadAction\",\"target\":[\"https:\\\/\\\/belae4uacademy.com\\\/%ed%99%98%eb%b6%88%ea%b7%9c%ec%a0%95\\\/\"]}]},{\"@type\":\"BreadcrumbList\",\"@id\":\"https:\\\/\\\/belae4uacademy.com\\\/%ed%99%98%eb%b6%88%ea%b7%9c%ec%a0%95\\\/#breadcrumb\",\"itemListElement\":[{\"@type\":\"ListItem\",\"position\":1,\"name\":\"Home\",\"item\":\"https:\\\/\\\/belae4uacademy.com\\\/\"},{\"@type\":\"ListItem\",\"position\":2,\"name\":\"\ud658\ubd88\uaddc\uc815\"}]},{\"@type\":\"WebSite\",\"@id\":\"https:\\\/\\\/belae4uacademy.com\\\/#website\",\"url\":\"https:\\\/\\\/belae4uacademy.com\\\/\",\"name\":\"\ud074\ub77d\ubca8\ub77c | BELA E4U academy\",\"description\":\"\ud544\ub9ac\ud540 \ud074\ub77d \uc8fc\ub2c8\uc5b4\u00b7\uac00\uc871\uc5f0\uc218 \uc804\ubb38 \ud559\uc6d0\",\"publisher\":{\"@id\":\"https:\\\/\\\/belae4uacademy.com\\\/#organization\"},\"potentialAction\":[{\"@type\":\"SearchAction\",\"target\":{\"@type\":\"EntryPoint\",\"urlTemplate\":\"https:\\\/\\\/belae4uacademy.com\\\/?s={search_term_string}\"},\"query-input\":{\"@type\":\"PropertyValueSpecification\",\"valueRequired\":true,\"valueName\":\"search_term_string\"}}],\"inLanguage\":\"vi\"},{\"@type\":\"Organization\",\"@id\":\"https:\\\/\\\/belae4uacademy.com\\\/#organization\",\"name\":\"\ud074\ub77d\ubca8\ub77c | BELA E4U academy\",\"url\":\"https:\\\/\\\/belae4uacademy.com\\\/\",\"logo\":{\"@type\":\"ImageObject\",\"inLanguage\":\"vi\",\"@id\":\"https:\\\/\\\/belae4uacademy.com\\\/#\\\/schema\\\/logo\\\/image\\\/\",\"url\":\"https:\\\/\\\/belae4uacademy.com\\\/wp-content\\\/uploads\\\/2025\\\/09\\\/cropped-image.png\",\"contentUrl\":\"https:\\\/\\\/belae4uacademy.com\\\/wp-content\\\/uploads\\\/2025\\\/09\\\/cropped-image.png\",\"width\":200,\"height\":200,\"caption\":\"\ud074\ub77d\ubca8\ub77c | BELA E4U academy\"},\"image\":{\"@id\":\"https:\\\/\\\/belae4uacademy.com\\\/#\\\/schema\\\/logo\\\/image\\\/\"}}]}<\/script>\n<!-- \/ Yoast SEO plugin. -->","yoast_head_json":{"title":"\ud658\ubd88\uaddc\uc815 - \ud074\ub77d\ubca8\ub77c | BELA E4U academy","robots":{"index":"index","follow":"follow","max-snippet":"max-snippet:-1","max-image-preview":"max-image-preview:large","max-video-preview":"max-video-preview:-1"},"canonical":"https:\/\/belae4uacademy.com\/vi\/\ud658\ubd88\uaddc\uc815\/","og_locale":"vi_VN","og_type":"article","og_title":"\ud658\ubd88\uaddc\uc815 - \ud074\ub77d\ubca8\ub77c | BELA E4U academy","og_description":"\uc5f0\uc218 \ucde8\uc18c \ubc0f \ud658\ubd88 \uaddc\uc815 \uc5f0\uc218 \uc2dc\uc791 \uc804 \u2022 \uc5f0\uc218 \uc2dc\uc791 \ucd5c\uc18c 4\uc8fc \uc804\uc5d0 \ud658\ubd88\uc744 \uc694\uccad\ud558\uba74 \uc804\uc561 \ud658\ubd88\ub429\ub2c8\ub2e4(\ubcf4\uc99d\uae08 500,000\uc6d0 \uc81c\uc678).\u2022 \uc5f0\uc218 \uc2dc\uc791 4\uc8fc \uc774\ub0b4\uc5d0 \ud658\ubd88\uc744 \uc694\uccad\ud558\uba74 \ub4f1\ub85d\ube44\uc640 \ubcf4\uc99d\uae08\uc744 \uc81c\uc678\ud55c \uc804\uc561 \ud658\ubd88\ub429\ub2c8\ub2e4.\u2022 \uc5f0\uc218 \uc2dc\uc791 2\uc8fc \uc774\ub0b4\uc5d0 \ud658\ubd88\uc744 \uc694\uccad\ud558\uba74 \uccab 4\uc8fc \ube44\uc6a9\uc744 \uc81c\uc678\ud55c \uc218\uc5c5\ub8cc\uc640 \uc5f0\uc218\ube44 \uc804\uc561\uc774 \ud658\ubd88\ub429\ub2c8\ub2e4.\u2022 \uc5f0\uc218\ub294 \ud55c \ubc88\ub9cc \uc5f0\uae30\ud560 \uc218 \uc788\uc2b5\ub2c8\ub2e4. (\uc77c\uc815 \ubcc0\uacbd\uc73c\ub85c \uc218\uc5c5\ub8cc\uac00 \uc99d\uac00\ud558\ub294 [&hellip;]","og_url":"https:\/\/belae4uacademy.com\/vi\/\ud658\ubd88\uaddc\uc815\/","og_site_name":"\ud074\ub77d\ubca8\ub77c | BELA E4U academy","article_modified_time":"2025-12-19T05:40:32+00:00","twitter_card":"summary_large_image","twitter_misc":{"\u01af\u1edbc t\u00ednh th\u1eddi gian \u0111\u1ecdc":"2 ph\u00fat"},"schema":{"@context":"https:\/\/schema.org","@graph":[{"@type":"WebPage","@id":"https:\/\/belae4uacademy.com\/%ed%99%98%eb%b6%88%ea%b7%9c%ec%a0%95\/","url":"https:\/\/belae4uacademy.com\/%ed%99%98%eb%b6%88%ea%b7%9c%ec%a0%95\/","name":"\ud658\ubd88\uaddc\uc815 - \ud074\ub77d\ubca8\ub77c | BELA E4U academy","isPartOf":{"@id":"https:\/\/belae4uacademy.com\/#website"},"datePublished":"2025-09-01T12:46:20+00:00","dateModified":"2025-12-19T05:40:32+00:00","breadcrumb":{"@id":"https:\/\/belae4uacademy.com\/%ed%99%98%eb%b6%88%ea%b7%9c%ec%a0%95\/#breadcrumb"},"inLanguage":"vi","potentialAction":[{"@type":"ReadAction","target":["https:\/\/belae4uacademy.com\/%ed%99%98%eb%b6%88%ea%b7%9c%ec%a0%95\/"]}]},{"@type":"BreadcrumbList","@id":"https:\/\/belae4uacademy.com\/%ed%99%98%eb%b6%88%ea%b7%9c%ec%a0%95\/#breadcrumb","itemListElement":[{"@type":"ListItem","position":1,"name":"Home","item":"https:\/\/belae4uacademy.com\/"},{"@type":"ListItem","position":2,"name":"\ud658\ubd88\uaddc\uc815"}]},{"@type":"WebSite","@id":"https:\/\/belae4uacademy.com\/#website","url":"https:\/\/belae4uacademy.com\/","name":"Clark Bella | H\u1ecdc vi\u1ec7n BELA E4U","description":"\ud544\ub9ac\ud540 \ud074\ub77d \uc8fc\ub2c8\uc5b4\u00b7\uac00\uc871\uc5f0\uc218 \uc804\ubb38 \ud559\uc6d0","publisher":{"@id":"https:\/\/belae4uacademy.com\/#organization"},"potentialAction":[{"@type":"SearchAction","target":{"@type":"EntryPoint","urlTemplate":"https:\/\/belae4uacademy.com\/?s={search_term_string}"},"query-input":{"@type":"PropertyValueSpecification","valueRequired":true,"valueName":"search_term_string"}}],"inLanguage":"vi"},{"@type":"Organization","@id":"https:\/\/belae4uacademy.com\/#organization","name":"Clark Bella | H\u1ecdc vi\u1ec7n BELA E4U","url":"https:\/\/belae4uacademy.com\/","logo":{"@type":"ImageObject","inLanguage":"vi","@id":"https:\/\/belae4uacademy.com\/#\/schema\/logo\/image\/","url":"https:\/\/belae4uacademy.com\/wp-content\/uploads\/2025\/09\/cropped-image.png","contentUrl":"https:\/\/belae4uacademy.com\/wp-content\/uploads\/2025\/09\/cropped-image.png","width":200,"height":200,"caption":"\ud074\ub77d\ubca8\ub77c | BELA E4U academy"},"image":{"@id":"https:\/\/belae4uacademy.com\/#\/schema\/logo\/image\/"}}]}},"uagb_featured_image_src":{"full":false,"thumbnail":false,"medium":false,"medium_large":false,"large":false,"1536x1536":false,"2048x2048":false,"trp-custom-language-flag":false,"tutor-academy-featured-header-image":false,"online-tutor-featured-header-image":false},"uagb_author_info":{"display_name":"belacademy2006@gmail.com","author_link":"https:\/\/belae4uacademy.com\/vi\/author\/belacademy2006gmail-com\/"},"uagb_comment_info":0,"uagb_excerpt":"\uc5f0\uc218 \ucde8\uc18c \ubc0f \ud658\ubd88 \uaddc\uc815 \uc5f0\uc218 \uc2dc\uc791 \uc804 \u2022 \uc5f0\uc218 \uc2dc\uc791 \ucd5c\uc18c 4\uc8fc \uc804\uc5d0 \ud658\ubd88\uc744 \uc694\uccad\ud558\uba74 \uc804\uc561 \ud658\ubd88\ub429\ub2c8\ub2e4(\ubcf4\uc99d\uae08 500,000\uc6d0 \uc81c\uc678).\u2022 \uc5f0\uc218 \uc2dc\uc791 4\uc8fc \uc774\ub0b4\uc5d0 \ud658\ubd88\uc744 \uc694\uccad\ud558\uba74 \ub4f1\ub85d\ube44\uc640 \ubcf4\uc99d\uae08\uc744 \uc81c\uc678\ud55c \uc804\uc561 \ud658\ubd88\ub429\ub2c8\ub2e4.\u2022 \uc5f0\uc218 \uc2dc\uc791 2\uc8fc \uc774\ub0b4\uc5d0 \ud658\ubd88\uc744 \uc694\uccad\ud558\uba74 \uccab 4\uc8fc \ube44\uc6a9\uc744 \uc81c\uc678\ud55c \uc218\uc5c5\ub8cc\uc640 \uc5f0\uc218\ube44 \uc804\uc561\uc774 \ud658\ubd88\ub429\ub2c8\ub2e4.\u2022 \uc5f0\uc218\ub294 \ud55c \ubc88\ub9cc \uc5f0\uae30\ud560 \uc218 \uc788\uc2b5\ub2c8\ub2e4. (\uc77c\uc815 \ubcc0\uacbd\uc73c\ub85c \uc218\uc5c5\ub8cc\uac00 \uc99d\uac00\ud558\ub294&hellip;","_links":{"self":[{"href":"https:\/\/belae4uacademy.com\/vi\/wp-json\/wp\/v2\/pages\/648","targetHints":{"allow":["GET"]}}],"collection":[{"href":"https:\/\/belae4uacademy.com\/vi\/wp-json\/wp\/v2\/pages"}],"about":[{"href":"https:\/\/belae4uacademy.com\/vi\/wp-json\/wp\/v2\/types\/page"}],"author":[{"embeddable":true,"href":"https:\/\/belae4uacademy.com\/vi\/wp-json\/wp\/v2\/users\/1"}],"replies":[{"embeddable":true,"href":"https:\/\/belae4uacademy.com\/vi\/wp-json\/wp\/v2\/comments?post=648"}],"version-history":[{"count":13,"href":"https:\/\/belae4uacademy.com\/vi\/wp-json\/wp\/v2\/pages\/648\/revisions"}],"predecessor-version":[{"id":1966,"href":"https:\/\/belae4uacademy.com\/vi\/wp-json\/wp\/v2\/pages\/648\/revisions\/1966"}],"wp:attachment":[{"href":"https:\/\/belae4uacademy.com\/vi\/wp-json\/wp\/v2\/media?parent=648"}],"curies":[{"name":"wp","href":"https:\/\/api.w.org\/{rel}","templated":true}]}}