{"id":654,"date":"2025-09-01T12:47:55","date_gmt":"2025-09-01T12:47:55","guid":{"rendered":"https:\/\/cyan-baboon-360649.hostingersite.com\/?page_id=654"},"modified":"2025-12-11T07:24:15","modified_gmt":"2025-12-11T07:24:15","slug":"%ec%b9%98%ea%b3%bc%ec%9d%98%ec%82%ac%ea%b0%80-%eb%90%98%eb%8a%94-%ea%b7%b8%eb%82%a0%ea%b9%8c%ec%a7%80","status":"publish","type":"page","link":"https:\/\/belae4uacademy.com\/vi\/%ec%b9%98%ea%b3%bc%ec%9d%98%ec%82%ac%ea%b0%80-%eb%90%98%eb%8a%94-%ea%b7%b8%eb%82%a0%ea%b9%8c%ec%a7%80\/","title":{"rendered":"Cho \u0111\u1ebfn ng\u00e0y t\u00f4i tr\u1edf th\u00e0nh nha s\u0129"},"content":{"rendered":"<div data-elementor-type=\"wp-page\" data-elementor-id=\"654\" class=\"elementor elementor-654\">\n\t\t\t\t<div class=\"elementor-element elementor-element-96247d6 e-flex e-con-boxed e-con e-parent\" data-id=\"96247d6\" data-element_type=\"container\" data-e-type=\"container\">\n\t\t\t\t\t<div class=\"e-con-inner\">\n\t\t\t\t<div class=\"elementor-element elementor-element-0b444c5 elementor-widget elementor-widget-image\" data-id=\"0b444c5\" data-element_type=\"widget\" data-e-type=\"widget\" data-widget_type=\"image.default\">\n\t\t\t\t\t\t\t\t\t\t\t\t\t\t\t<img fetchpriority=\"high\" decoding=\"async\" width=\"379\" height=\"478\" src=\"https:\/\/belae4uacademy.com\/wp-content\/uploads\/2025\/09\/cba8a013a268d.jpg\" class=\"attachment-large size-large wp-image-1023\" alt=\"\" srcset=\"https:\/\/belae4uacademy.com\/wp-content\/uploads\/2025\/09\/cba8a013a268d.jpg 379w, https:\/\/belae4uacademy.com\/wp-content\/uploads\/2025\/09\/cba8a013a268d-238x300.jpg 238w\" sizes=\"(max-width: 379px) 100vw, 379px\" \/>\t\t\t\t\t\t\t\t\t\t\t\t\t\t\t<\/div>\n\t\t\t\t\t<\/div>\n\t\t\t\t<\/div>\n\t\t<div class=\"elementor-element elementor-element-49bbb7c e-flex e-con-boxed e-con e-parent\" data-id=\"49bbb7c\" data-element_type=\"container\" data-e-type=\"container\">\n\t\t\t\t\t<div class=\"e-con-inner\">\n\t\t\t\t<div class=\"elementor-element elementor-element-f75c9f0 elementor-widget elementor-widget-heading\" data-id=\"f75c9f0\" data-element_type=\"widget\" data-e-type=\"widget\" data-widget_type=\"heading.default\">\n\t\t\t\t\t<h2 class=\"elementor-heading-title elementor-size-default\">SAM<\/h2>\t\t\t\t<\/div>\n\t\t\t\t\t<\/div>\n\t\t\t\t<\/div>\n\t\t<div class=\"elementor-element elementor-element-ea77729 e-flex e-con-boxed e-con e-parent\" data-id=\"ea77729\" data-element_type=\"container\" data-e-type=\"container\">\n\t\t\t\t\t<div class=\"e-con-inner\">\n\t\t\t\t<div class=\"elementor-element elementor-element-0f6057c elementor-widget elementor-widget-spacer\" data-id=\"0f6057c\" data-element_type=\"widget\" data-e-type=\"widget\" data-widget_type=\"spacer.default\">\n\t\t\t\t\t\t\t<div class=\"elementor-spacer\">\n\t\t\t<div class=\"elementor-spacer-inner\"><\/div>\n\t\t<\/div>\n\t\t\t\t\t\t<\/div>\n\t\t\t\t\t<\/div>\n\t\t\t\t<\/div>\n\t\t<div class=\"elementor-element elementor-element-4848f24 e-flex e-con-boxed e-con e-parent\" data-id=\"4848f24\" data-element_type=\"container\" data-e-type=\"container\">\n\t\t\t\t\t<div class=\"e-con-inner\">\n\t\t\t\t<div class=\"elementor-element elementor-element-5bca4b8 elementor-widget elementor-widget-text-editor\" data-id=\"5bca4b8\" data-element_type=\"widget\" data-e-type=\"widget\" data-widget_type=\"text-editor.default\">\n\t\t\t\t\t\t\t\t\t<p><span dir=\"auto\" style=\"vertical-align: inherit;\"><span dir=\"auto\" style=\"vertical-align: inherit;\">\u00a0\u0110\u00e3 h\u01a1n s\u00e1u n\u0103m k\u1ec3 t\u1eeb khi t\u00f4i b\u1eaft \u0111\u1ea7u h\u1ecdc t\u1ea1i H\u1ecdc vi\u1ec7n BELA. T\u00f4i \u0111\u1ebfn \u0111\u00e2y l\u1ea7n \u0111\u1ea7u ti\u00ean khi h\u1ecdc l\u1edbp 5, v\u00e0 t\u1eeb \u0111\u00f3 \u0111\u1ebfn nay, t\u00f4i v\u1eabn ti\u1ebfp t\u1ee5c h\u1ecdc t\u1ea1i \u0111\u00e2y, hi\u1ec7n l\u00e0 h\u1ecdc sinh l\u1edbp 10, v\u00e0 t\u00f4i d\u1ef1 \u0111\u1ecbnh s\u1ebd ti\u1ebfp t\u1ee5c h\u1ecdc t\u1ea1i \u0111\u00e2y. Khi m\u1edbi \u0111\u1ebfn, t\u00f4i c\u1ea3m th\u1ea5y r\u1ea5t l\u1ea1 l\u1eabm v\u1edbi m\u00f4i tr\u01b0\u1eddng m\u1edbi, kh\u00f4ng \u0103n u\u1ed1ng \u0111\u01b0\u1ee3c v\u00e0 hay kh\u00f3c. M\u1ed7i khi t\u00f4i g\u1eb7p kh\u00f3 kh\u0103n, hi\u1ec7u tr\u01b0\u1edfng, c\u00e1c anh ch\u1ecb em v\u00e0 b\u1ea1n b\u00e8 c\u1ee7a t\u00f4i \u0111\u1ec1u quan t\u00e2m v\u00e0 ch\u0103m s\u00f3c t\u00f4i. D\u1ea7n d\u1ea7n, t\u00f4i \u0111\u00e3 th\u00edch nghi v\u00e0 6 n\u0103m \u0111\u00e3 tr\u00f4i qua.<\/span><\/span><\/p><p><span dir=\"auto\" style=\"vertical-align: inherit;\"><span dir=\"auto\" style=\"vertical-align: inherit;\">T\u00f4i l\u00e0 m\u1ed9t \u0111\u1ee9a tr\u1ebb \u00edt quan t\u00e2m \u0111\u1ebfn vi\u1ec7c h\u1ecdc \u1edf H\u00e0n Qu\u1ed1c. Do \u0111\u00f3, ban \u0111\u1ea7u vi\u1ec7c h\u1ecdc \u1edf \u0111\u00e2y v\u00f4 c\u00f9ng kh\u00f3 kh\u0103n v\u00e0 \u0111\u1ea7y th\u00e1ch th\u1ee9c. Tuy nhi\u00ean, b\u1eb1ng c\u00e1ch tu\u00e2n theo l\u1ecbch tr\u00ecnh m\u00e0 gi\u00e1m \u0111\u1ed1c \u0111\u00e3 l\u1eadp ra, t\u00f4i d\u1ea7n d\u1ea7n h\u00ecnh th\u00e0nh th\u00f3i quen h\u1ecdc t\u1eadp v\u00e0 b\u1eaft \u0111\u1ea7u hi\u1ec3u l\u00fd do t\u1ea1i sao m\u00ecnh c\u1ea7n ph\u1ea3i h\u1ecdc. Nh\u00ecn th\u1ea5y s\u1ef1 thay \u0111\u1ed5i n\u00e0y \u1edf t\u00f4i, b\u1ed1 m\u1eb9 t\u00f4i \u0111\u00e3 thay \u0111\u1ed5i k\u1ebf ho\u1ea1ch tr\u1ea1i h\u00e8 8 tu\u1ea7n v\u00e0 quy\u1ebft \u0111\u1ecbnh g\u1eedi t\u00f4i \u0111i du h\u1ecdc. Khi bi\u1ebft v\u1ec1 quy\u1ebft \u0111\u1ecbnh c\u1ee7a h\u1ecd, t\u00f4i c\u1ea3m th\u1ea5y b\u1ecb b\u1ed1 m\u1eb9 ph\u1ea3n b\u1ed9i s\u00e2u s\u1eafc, v\u00ec h\u1ecd th\u1eadm ch\u00ed c\u00f2n kh\u00f4ng th\u1ea3o lu\u1eadn v\u1edbi t\u00f4i v\u1ec1 vi\u1ec7c n\u00e0y. Tuy nhi\u00ean, gi\u1edd \u0111\u00e2y t\u00f4i r\u1ea5t bi\u1ebft \u01a1n h\u1ecd v\u00ec \u0111\u00e3 \u0111\u01b0a ra quy\u1ebft \u0111\u1ecbnh \u0111\u00f3.<\/span><\/span><\/p><p><span dir=\"auto\" style=\"vertical-align: inherit;\"><span dir=\"auto\" style=\"vertical-align: inherit;\">\u00a0Khi t\u00f4i l\u1ea7n \u0111\u1ea7u ti\u00ean tham gia c\u00e1c l\u1edbp h\u1ecdc ti\u1ebfng Anh m\u1ed9t k\u00e8m m\u1ed9t v\u1edbi gi\u00e1o vi\u00ean b\u1ea3n ng\u1eef, t\u00f4i kh\u00f4ng th\u1ec3 giao ti\u1ebfp hay hi\u1ec3u ng\u00f4n ng\u1eef n\u00e0y. Tuy nhi\u00ean, khi t\u00f4i ki\u00ean tr\u00ec h\u1ecdc t\u1eeb v\u1ef1ng, m\u1eabu c\u00e2u v\u00e0 th\u00e0nh ng\u1eef, t\u00f4i d\u1ea7n d\u1ea7n b\u1eaft \u0111\u1ea7u hi\u1ec3u b\u00e0i h\u1ecdc v\u00e0 giao ti\u1ebfp v\u1edbi c\u00e1c gi\u00e1o vi\u00ean. T\u00f4i r\u1ea5t ng\u1ea1c nhi\u00ean v\u00e0 x\u00fac \u0111\u1ed9ng tr\u01b0\u1edbc s\u1ef1 thay \u0111\u1ed5i t\u1ef1 nhi\u00ean c\u1ee7a b\u1ea3n th\u00e2n. Sau ba th\u00e1ng h\u1ecdc t\u1eadp nh\u01b0 v\u1eady, khi t\u00f4i m\u1edbi v\u00e0o tr\u01b0\u1eddng, t\u00f4i h\u1ecdc t\u1eadp c\u00f2n ch\u0103m ch\u1ec9 h\u01a1n n\u1eefa, kh\u00f4ng mu\u1ed1n thua c\u00e1c b\u1ea1n Philippines c\u1ee7a m\u00ecnh. Trong b\u00e0i ki\u1ec3m tra \u0111\u1ea7u ti\u00ean, t\u00f4i \u0111\u1ee9ng th\u1ee9 hai trong l\u1edbp. Nh\u1edb l\u1ea1i vi\u1ec7c tr\u01b0\u1edbc \u0111\u00e2y t\u00f4i ch\u01b0a bao gi\u1edd h\u1ecdc t\u1eadp, t\u00f4i th\u1ef1c s\u1ef1 ng\u1ea1c nhi\u00ean v\u1ec1 s\u1ef1 thay \u0111\u1ed5i c\u1ee7a m\u00ecnh. \u0110\u1ea1t \u0111\u01b0\u1ee3c v\u1ecb tr\u00ed th\u1ee9 hai \u1edf Philippines, \u0111i\u1ec1u m\u00e0 t\u00f4i ch\u01b0a t\u1eebng \u0111\u1ea1t \u0111\u01b0\u1ee3c \u1edf H\u00e0n Qu\u1ed1c, \u0111\u1ed1i v\u1edbi t\u00f4i nh\u01b0 m\u1ed9t gi\u1ea5c m\u01a1. Trong n\u0103m h\u1ecdc th\u1ee9 nh\u1ea5t v\u00e0 th\u1ee9 hai, t\u00f4i tham gia c\u00e1c cu\u1ed9c thi to\u00e1n h\u1ecdc, th\u1eadm ch\u00ed c\u00f2n gi\u00e0nh \u0111\u01b0\u1ee3c v\u1ecb tr\u00ed th\u1ee9 nh\u1ea5t \u1edf th\u00e0nh ph\u1ed1 Baguio. T\u00f4i c\u0169ng li\u00ean t\u1ee5c \u0111\u1ee9ng \u0111\u1ea7u trong c\u00e1c b\u00e0i ki\u1ec3m tra to\u00e1n h\u1ecdc c\u1ee7a tr\u01b0\u1eddng, gi\u00e0nh \u0111\u01b0\u1ee3c nhi\u1ec1u gi\u1ea3i th\u01b0\u1edfng. T\u00f4i nh\u1eadn \u0111\u01b0\u1ee3c nh\u1eefng gi\u1ea3i th\u01b0\u1edfng v\u00e0 danh hi\u1ec7u m\u00e0 t\u00f4i ch\u01b0a t\u1eebng nh\u1eadn \u0111\u01b0\u1ee3c \u1edf H\u00e0n Qu\u1ed1c, v\u00e0 t\u00f4i nh\u1eadn ra r\u1eb1ng t\u1ea5t c\u1ea3 nh\u1eefng \u0111i\u1ec1u n\u00e0y s\u1ebd kh\u00f4ng th\u1ec3 x\u1ea3y ra n\u1ebfu t\u00f4i kh\u00f4ng \u0111\u1ebfn BELA. Th\u00f4ng qua nh\u1eefng cu\u1ed9c t\u01b0 v\u1ea5n li\u00ean t\u1ee5c v\u1edbi hi\u1ec7u tr\u01b0\u1edfng, t\u00f4i \u0111\u00e3 quy\u1ebft \u0111\u1ecbnh con \u0111\u01b0\u1eddng s\u1ef1 nghi\u1ec7p c\u1ee7a m\u00ecnh, v\u00e0 b\u1eb1ng c\u00e1ch tham gia c\u00e1c k\u1ef3 thi trung h\u1ecdc c\u01a1 s\u1edf v\u00e0 trung h\u1ecdc ph\u1ed5 th\u00f4ng, t\u00f4i \u0111\u00e3 c\u00f3 th\u1ec3 ti\u1ebfn l\u00ean c\u00e1c k\u1ef3 thi \u0111\u1ea1i h\u1ecdc. B\u00e2y gi\u1edd, \u1edf tu\u1ed5i 17, t\u00f4i \u0111ang theo h\u1ecdc chuy\u00ean ng\u00e0nh nha khoa. B\u1eaft \u0111\u1ea7u h\u1ecdc t\u1ea1i BELA Academy \u0111\u00e3 thay \u0111\u1ed5i ho\u00e0n to\u00e0n cu\u1ed9c \u0111\u1eddi t\u00f4i. Thay v\u00ec b\u1ecb r\u00e0ng bu\u1ed9c b\u1edfi h\u1ec7 th\u1ed1ng thi \u0111\u1ea1i h\u1ecdc (CSAT) nh\u01b0 \u1edf H\u00e0n Qu\u1ed1c, n\u01a1i h\u1ecdc sinh b\u1ecb \u00e1m \u1ea3nh b\u1edfi \u0111i\u1ec3m s\u1ed1, t\u00f4i th\u00edch \u0111i h\u1ecdc trong m\u1ed9t m\u00f4i tr\u01b0\u1eddng t\u1ef1 do, n\u01a1i t\u00f4i c\u00f3 th\u1ec3 b\u00e0y t\u1ecf \u00fd ki\u1ebfn v\u00e0 suy ngh\u0129 c\u1ee7a m\u00ecnh, v\u00e0 tham gia v\u00e0o nh\u1eefng cu\u1ed9c tr\u00f2 chuy\u1ec7n \u00fd ngh\u0129a. \u0110i\u1ec1u n\u00e0y khi\u1ebfn vi\u1ec7c h\u1ecdc tr\u1edf n\u00ean t\u1ef1 nhi\u00ean h\u01a1n l\u00e0 c\u0103ng th\u1eb3ng. C\u00f3 r\u1ea5t nhi\u1ec1u \u0111i\u1ec1u t\u00f4i mu\u1ed1n l\u00e0m trong t\u01b0\u01a1ng lai. T\u00f4i mu\u1ed1n tr\u1edf th\u00e0nh nha s\u0129 v\u00e0 \u0111i\u1ec1u tr\u1ecb cho cha m\u1eb9 m\u00ecnh tr\u01b0\u1edbc ti\u00ean, \u0111\u1ed3ng th\u1eddi t\u00f4i c\u0169ng mu\u1ed1n \u0111i du l\u1ecbch kh\u1eafp th\u1ebf gi\u1edbi v\u00e0 l\u00e0m t\u00ecnh nguy\u1ec7n vi\u00ean cho nh\u1eefng ng\u01b0\u1eddi c\u00f3 ho\u00e0n c\u1ea3nh kh\u00f3 kh\u0103n.<\/span><\/span><\/p><p><span dir=\"auto\" style=\"vertical-align: inherit;\"><span dir=\"auto\" style=\"vertical-align: inherit;\">\u00a0T\u00f4i s\u1ebd ti\u1ebfp t\u1ee5c n\u1ed7 l\u1ef1c \u0111\u1ec3 th\u1ef1c hi\u1ec7n \u01b0\u1edbc m\u01a1 c\u1ee7a m\u00ecnh t\u1ea1i BELA. Cha m\u1eb9 t\u00f4i \u0111\u00e3 \u0111\u01b0a ra quy\u1ebft \u0111\u1ecbnh ban \u0111\u1ea7u, nh\u01b0ng gi\u1edd \u0111\u00e2y t\u00f4i c\u1ea3m th\u1ea5y m\u00ecnh kh\u00f4ng th\u1ec3 r\u1eddi kh\u1ecfi n\u01a1i n\u00e0y, v\u00e0 t\u00f4i ch\u00e2n th\u00e0nh c\u1ea3m \u01a1n h\u1ecd v\u00ec \u0111\u00e3 \u0111\u01b0a t\u00f4i \u0111\u1ebfn \u0111\u00e2y. Cu\u1ed1i c\u00f9ng, t\u00f4i mu\u1ed1n b\u00e0y t\u1ecf l\u00f2ng bi\u1ebft \u01a1n v\u00e0 t\u00ecnh y\u00eau c\u1ee7a m\u00ecnh \u0111\u1ebfn gi\u00e1m \u0111\u1ed1c, ng\u01b0\u1eddi \u0111\u00e3 ch\u0103m s\u00f3c t\u00f4i thay cho cha m\u1eb9, \u0111\u00e3 h\u01b0\u1edbng d\u1eabn t\u00f4i \u0111i tr\u00ean con \u0111\u01b0\u1eddng \u0111\u00fang \u0111\u1eafn.<\/span><\/span><\/p>\t\t\t\t\t\t\t\t<\/div>\n\t\t\t\t\t<\/div>\n\t\t\t\t<\/div>\n\t\t<div class=\"elementor-element elementor-element-bef4ddb e-flex e-con-boxed e-con e-parent\" data-id=\"bef4ddb\" data-element_type=\"container\" data-e-type=\"container\">\n\t\t\t\t\t<div class=\"e-con-inner\">\n\t\t\t\t<div class=\"elementor-element elementor-element-56053ab elementor-widget elementor-widget-spacer\" data-id=\"56053ab\" data-element_type=\"widget\" data-e-type=\"widget\" data-widget_type=\"spacer.default\">\n\t\t\t\t\t\t\t<div class=\"elementor-spacer\">\n\t\t\t<div class=\"elementor-spacer-inner\"><\/div>\n\t\t<\/div>\n\t\t\t\t\t\t<\/div>\n\t\t\t\t\t<\/div>\n\t\t\t\t<\/div>\n\t\t\t\t<\/div>","protected":false},"excerpt":{"rendered":"<p>SAM \u00a0It&#8217;s already been over six years since I started studying at BELA Academy. I first came here in fifth grade, and I&#8217;ve been studying here ever since, now a sophomore in high school, and I plan to continue studying there. When I first arrived, I was so unfamiliar with the new environment that I [&hellip;]<\/p>","protected":false},"author":1,"featured_media":0,"parent":0,"menu_order":0,"comment_status":"closed","ping_status":"closed","template":"","meta":{"_uag_custom_page_level_css":"","footnotes":""},"class_list":["post-654","page","type-page","status-publish","hentry"],"aioseo_notices":[],"yoast_head":"<!-- This site is optimized with the Yoast SEO plugin v27.4 - https:\/\/yoast.com\/product\/yoast-seo-wordpress\/ -->\n<title>Until the day I become a Dentist - \ud074\ub77d\ubca8\ub77c | BELA E4U academy<\/title>\n<meta name=\"robots\" content=\"index, follow, max-snippet:-1, max-image-preview:large, max-video-preview:-1\" \/>\n<link rel=\"canonical\" href=\"https:\/\/belae4uacademy.com\/vi\/\uce58\uacfc\uc758\uc0ac\uac00-\ub418\ub294-\uadf8\ub0a0\uae4c\uc9c0\/\" \/>\n<meta property=\"og:locale\" content=\"vi_VN\" \/>\n<meta property=\"og:type\" content=\"article\" \/>\n<meta property=\"og:title\" content=\"Until the day I become a Dentist - \ud074\ub77d\ubca8\ub77c | BELA E4U academy\" \/>\n<meta property=\"og:description\" content=\"SAM \u00a0It&#8217;s already been over six years since I started studying at BELA Academy. I first came here in fifth grade, and I&#8217;ve been studying here ever since, now a sophomore in high school, and I plan to continue studying there. When I first arrived, I was so unfamiliar with the new environment that I [&hellip;]\" \/>\n<meta property=\"og:url\" content=\"https:\/\/belae4uacademy.com\/vi\/\uce58\uacfc\uc758\uc0ac\uac00-\ub418\ub294-\uadf8\ub0a0\uae4c\uc9c0\/\" \/>\n<meta property=\"og:site_name\" content=\"\ud074\ub77d\ubca8\ub77c | BELA E4U academy\" \/>\n<meta property=\"article:modified_time\" content=\"2025-12-11T07:24:15+00:00\" \/>\n<meta property=\"og:image\" content=\"https:\/\/belae4uacademy.com\/wp-content\/uploads\/2025\/09\/cba8a013a268d.jpg\" \/>\n<meta name=\"twitter:card\" content=\"summary_large_image\" \/>\n<meta name=\"twitter:label1\" content=\"\u01af\u1edbc t\u00ednh th\u1eddi gian \u0111\u1ecdc\" \/>\n\t<meta name=\"twitter:data1\" content=\"4 ph\u00fat\" \/>\n<script type=\"application\/ld+json\" class=\"yoast-schema-graph\">{\"@context\":\"https:\\\/\\\/schema.org\",\"@graph\":[{\"@type\":\"WebPage\",\"@id\":\"https:\\\/\\\/belae4uacademy.com\\\/%ec%b9%98%ea%b3%bc%ec%9d%98%ec%82%ac%ea%b0%80-%eb%90%98%eb%8a%94-%ea%b7%b8%eb%82%a0%ea%b9%8c%ec%a7%80\\\/\",\"url\":\"https:\\\/\\\/belae4uacademy.com\\\/%ec%b9%98%ea%b3%bc%ec%9d%98%ec%82%ac%ea%b0%80-%eb%90%98%eb%8a%94-%ea%b7%b8%eb%82%a0%ea%b9%8c%ec%a7%80\\\/\",\"name\":\"Until the day I become a Dentist - \ud074\ub77d\ubca8\ub77c | BELA E4U academy\",\"isPartOf\":{\"@id\":\"https:\\\/\\\/belae4uacademy.com\\\/#website\"},\"primaryImageOfPage\":{\"@id\":\"https:\\\/\\\/belae4uacademy.com\\\/%ec%b9%98%ea%b3%bc%ec%9d%98%ec%82%ac%ea%b0%80-%eb%90%98%eb%8a%94-%ea%b7%b8%eb%82%a0%ea%b9%8c%ec%a7%80\\\/#primaryimage\"},\"image\":{\"@id\":\"https:\\\/\\\/belae4uacademy.com\\\/%ec%b9%98%ea%b3%bc%ec%9d%98%ec%82%ac%ea%b0%80-%eb%90%98%eb%8a%94-%ea%b7%b8%eb%82%a0%ea%b9%8c%ec%a7%80\\\/#primaryimage\"},\"thumbnailUrl\":\"https:\\\/\\\/belae4uacademy.com\\\/wp-content\\\/uploads\\\/2025\\\/09\\\/cba8a013a268d.jpg\",\"datePublished\":\"2025-09-01T12:47:55+00:00\",\"dateModified\":\"2025-12-11T07:24:15+00:00\",\"breadcrumb\":{\"@id\":\"https:\\\/\\\/belae4uacademy.com\\\/%ec%b9%98%ea%b3%bc%ec%9d%98%ec%82%ac%ea%b0%80-%eb%90%98%eb%8a%94-%ea%b7%b8%eb%82%a0%ea%b9%8c%ec%a7%80\\\/#breadcrumb\"},\"inLanguage\":\"vi\",\"potentialAction\":[{\"@type\":\"ReadAction\",\"target\":[\"https:\\\/\\\/belae4uacademy.com\\\/%ec%b9%98%ea%b3%bc%ec%9d%98%ec%82%ac%ea%b0%80-%eb%90%98%eb%8a%94-%ea%b7%b8%eb%82%a0%ea%b9%8c%ec%a7%80\\\/\"]}]},{\"@type\":\"ImageObject\",\"inLanguage\":\"vi\",\"@id\":\"https:\\\/\\\/belae4uacademy.com\\\/%ec%b9%98%ea%b3%bc%ec%9d%98%ec%82%ac%ea%b0%80-%eb%90%98%eb%8a%94-%ea%b7%b8%eb%82%a0%ea%b9%8c%ec%a7%80\\\/#primaryimage\",\"url\":\"https:\\\/\\\/belae4uacademy.com\\\/wp-content\\\/uploads\\\/2025\\\/09\\\/cba8a013a268d.jpg\",\"contentUrl\":\"https:\\\/\\\/belae4uacademy.com\\\/wp-content\\\/uploads\\\/2025\\\/09\\\/cba8a013a268d.jpg\"},{\"@type\":\"BreadcrumbList\",\"@id\":\"https:\\\/\\\/belae4uacademy.com\\\/%ec%b9%98%ea%b3%bc%ec%9d%98%ec%82%ac%ea%b0%80-%eb%90%98%eb%8a%94-%ea%b7%b8%eb%82%a0%ea%b9%8c%ec%a7%80\\\/#breadcrumb\",\"itemListElement\":[{\"@type\":\"ListItem\",\"position\":1,\"name\":\"Home\",\"item\":\"https:\\\/\\\/belae4uacademy.com\\\/\"},{\"@type\":\"ListItem\",\"position\":2,\"name\":\"Until the day I become a Dentist\"}]},{\"@type\":\"WebSite\",\"@id\":\"https:\\\/\\\/belae4uacademy.com\\\/#website\",\"url\":\"https:\\\/\\\/belae4uacademy.com\\\/\",\"name\":\"\ud074\ub77d\ubca8\ub77c | BELA E4U academy\",\"description\":\"\ud544\ub9ac\ud540 \ud074\ub77d \uc8fc\ub2c8\uc5b4\u00b7\uac00\uc871\uc5f0\uc218 \uc804\ubb38 \ud559\uc6d0\",\"publisher\":{\"@id\":\"https:\\\/\\\/belae4uacademy.com\\\/#organization\"},\"potentialAction\":[{\"@type\":\"SearchAction\",\"target\":{\"@type\":\"EntryPoint\",\"urlTemplate\":\"https:\\\/\\\/belae4uacademy.com\\\/?s={search_term_string}\"},\"query-input\":{\"@type\":\"PropertyValueSpecification\",\"valueRequired\":true,\"valueName\":\"search_term_string\"}}],\"inLanguage\":\"vi\"},{\"@type\":\"Organization\",\"@id\":\"https:\\\/\\\/belae4uacademy.com\\\/#organization\",\"name\":\"\ud074\ub77d\ubca8\ub77c | BELA E4U academy\",\"url\":\"https:\\\/\\\/belae4uacademy.com\\\/\",\"logo\":{\"@type\":\"ImageObject\",\"inLanguage\":\"vi\",\"@id\":\"https:\\\/\\\/belae4uacademy.com\\\/#\\\/schema\\\/logo\\\/image\\\/\",\"url\":\"https:\\\/\\\/belae4uacademy.com\\\/wp-content\\\/uploads\\\/2025\\\/09\\\/cropped-image.png\",\"contentUrl\":\"https:\\\/\\\/belae4uacademy.com\\\/wp-content\\\/uploads\\\/2025\\\/09\\\/cropped-image.png\",\"width\":200,\"height\":200,\"caption\":\"\ud074\ub77d\ubca8\ub77c | BELA E4U academy\"},\"image\":{\"@id\":\"https:\\\/\\\/belae4uacademy.com\\\/#\\\/schema\\\/logo\\\/image\\\/\"}}]}<\/script>\n<!-- \/ Yoast SEO plugin. -->","yoast_head_json":{"title":"Until the day I become a Dentist - \ud074\ub77d\ubca8\ub77c | BELA E4U academy","robots":{"index":"index","follow":"follow","max-snippet":"max-snippet:-1","max-image-preview":"max-image-preview:large","max-video-preview":"max-video-preview:-1"},"canonical":"https:\/\/belae4uacademy.com\/vi\/\uce58\uacfc\uc758\uc0ac\uac00-\ub418\ub294-\uadf8\ub0a0\uae4c\uc9c0\/","og_locale":"vi_VN","og_type":"article","og_title":"Until the day I become a Dentist - \ud074\ub77d\ubca8\ub77c | BELA E4U academy","og_description":"SAM \u00a0It&#8217;s already been over six years since I started studying at BELA Academy. I first came here in fifth grade, and I&#8217;ve been studying here ever since, now a sophomore in high school, and I plan to continue studying there. When I first arrived, I was so unfamiliar with the new environment that I [&hellip;]","og_url":"https:\/\/belae4uacademy.com\/vi\/\uce58\uacfc\uc758\uc0ac\uac00-\ub418\ub294-\uadf8\ub0a0\uae4c\uc9c0\/","og_site_name":"\ud074\ub77d\ubca8\ub77c | BELA E4U academy","article_modified_time":"2025-12-11T07:24:15+00:00","og_image":[{"url":"https:\/\/belae4uacademy.com\/wp-content\/uploads\/2025\/09\/cba8a013a268d.jpg","type":"","width":"","height":""}],"twitter_card":"summary_large_image","twitter_misc":{"\u01af\u1edbc t\u00ednh th\u1eddi gian \u0111\u1ecdc":"4 ph\u00fat"},"schema":{"@context":"https:\/\/schema.org","@graph":[{"@type":"WebPage","@id":"https:\/\/belae4uacademy.com\/%ec%b9%98%ea%b3%bc%ec%9d%98%ec%82%ac%ea%b0%80-%eb%90%98%eb%8a%94-%ea%b7%b8%eb%82%a0%ea%b9%8c%ec%a7%80\/","url":"https:\/\/belae4uacademy.com\/%ec%b9%98%ea%b3%bc%ec%9d%98%ec%82%ac%ea%b0%80-%eb%90%98%eb%8a%94-%ea%b7%b8%eb%82%a0%ea%b9%8c%ec%a7%80\/","name":"Until the day I become a Dentist - \ud074\ub77d\ubca8\ub77c | BELA E4U academy","isPartOf":{"@id":"https:\/\/belae4uacademy.com\/#website"},"primaryImageOfPage":{"@id":"https:\/\/belae4uacademy.com\/%ec%b9%98%ea%b3%bc%ec%9d%98%ec%82%ac%ea%b0%80-%eb%90%98%eb%8a%94-%ea%b7%b8%eb%82%a0%ea%b9%8c%ec%a7%80\/#primaryimage"},"image":{"@id":"https:\/\/belae4uacademy.com\/%ec%b9%98%ea%b3%bc%ec%9d%98%ec%82%ac%ea%b0%80-%eb%90%98%eb%8a%94-%ea%b7%b8%eb%82%a0%ea%b9%8c%ec%a7%80\/#primaryimage"},"thumbnailUrl":"https:\/\/belae4uacademy.com\/wp-content\/uploads\/2025\/09\/cba8a013a268d.jpg","datePublished":"2025-09-01T12:47:55+00:00","dateModified":"2025-12-11T07:24:15+00:00","breadcrumb":{"@id":"https:\/\/belae4uacademy.com\/%ec%b9%98%ea%b3%bc%ec%9d%98%ec%82%ac%ea%b0%80-%eb%90%98%eb%8a%94-%ea%b7%b8%eb%82%a0%ea%b9%8c%ec%a7%80\/#breadcrumb"},"inLanguage":"vi","potentialAction":[{"@type":"ReadAction","target":["https:\/\/belae4uacademy.com\/%ec%b9%98%ea%b3%bc%ec%9d%98%ec%82%ac%ea%b0%80-%eb%90%98%eb%8a%94-%ea%b7%b8%eb%82%a0%ea%b9%8c%ec%a7%80\/"]}]},{"@type":"ImageObject","inLanguage":"vi","@id":"https:\/\/belae4uacademy.com\/%ec%b9%98%ea%b3%bc%ec%9d%98%ec%82%ac%ea%b0%80-%eb%90%98%eb%8a%94-%ea%b7%b8%eb%82%a0%ea%b9%8c%ec%a7%80\/#primaryimage","url":"https:\/\/belae4uacademy.com\/wp-content\/uploads\/2025\/09\/cba8a013a268d.jpg","contentUrl":"https:\/\/belae4uacademy.com\/wp-content\/uploads\/2025\/09\/cba8a013a268d.jpg"},{"@type":"BreadcrumbList","@id":"https:\/\/belae4uacademy.com\/%ec%b9%98%ea%b3%bc%ec%9d%98%ec%82%ac%ea%b0%80-%eb%90%98%eb%8a%94-%ea%b7%b8%eb%82%a0%ea%b9%8c%ec%a7%80\/#breadcrumb","itemListElement":[{"@type":"ListItem","position":1,"name":"Home","item":"https:\/\/belae4uacademy.com\/"},{"@type":"ListItem","position":2,"name":"Until the day I become a Dentist"}]},{"@type":"WebSite","@id":"https:\/\/belae4uacademy.com\/#website","url":"https:\/\/belae4uacademy.com\/","name":"Clark Bella | H\u1ecdc vi\u1ec7n BELA E4U","description":"\ud544\ub9ac\ud540 \ud074\ub77d \uc8fc\ub2c8\uc5b4\u00b7\uac00\uc871\uc5f0\uc218 \uc804\ubb38 \ud559\uc6d0","publisher":{"@id":"https:\/\/belae4uacademy.com\/#organization"},"potentialAction":[{"@type":"SearchAction","target":{"@type":"EntryPoint","urlTemplate":"https:\/\/belae4uacademy.com\/?s={search_term_string}"},"query-input":{"@type":"PropertyValueSpecification","valueRequired":true,"valueName":"search_term_string"}}],"inLanguage":"vi"},{"@type":"Organization","@id":"https:\/\/belae4uacademy.com\/#organization","name":"Clark Bella | H\u1ecdc vi\u1ec7n BELA E4U","url":"https:\/\/belae4uacademy.com\/","logo":{"@type":"ImageObject","inLanguage":"vi","@id":"https:\/\/belae4uacademy.com\/#\/schema\/logo\/image\/","url":"https:\/\/belae4uacademy.com\/wp-content\/uploads\/2025\/09\/cropped-image.png","contentUrl":"https:\/\/belae4uacademy.com\/wp-content\/uploads\/2025\/09\/cropped-image.png","width":200,"height":200,"caption":"\ud074\ub77d\ubca8\ub77c | BELA E4U academy"},"image":{"@id":"https:\/\/belae4uacademy.com\/#\/schema\/logo\/image\/"}}]}},"uagb_featured_image_src":{"full":false,"thumbnail":false,"medium":false,"medium_large":false,"large":false,"1536x1536":false,"2048x2048":false,"trp-custom-language-flag":false,"tutor-academy-featured-header-image":false,"online-tutor-featured-header-image":false},"uagb_author_info":{"display_name":"belacademy2006@gmail.com","author_link":"https:\/\/belae4uacademy.com\/vi\/author\/belacademy2006gmail-com\/"},"uagb_comment_info":0,"uagb_excerpt":"SAM \u00a0It&#8217;s already been over six years since I started studying at BELA Academy. I first came here in fifth grade, and I&#8217;ve been studying here ever since, now a sophomore in high school, and I plan to continue studying there. When I first arrived, I was so unfamiliar with the new environment that I&hellip;","_links":{"self":[{"href":"https:\/\/belae4uacademy.com\/vi\/wp-json\/wp\/v2\/pages\/654","targetHints":{"allow":["GET"]}}],"collection":[{"href":"https:\/\/belae4uacademy.com\/vi\/wp-json\/wp\/v2\/pages"}],"about":[{"href":"https:\/\/belae4uacademy.com\/vi\/wp-json\/wp\/v2\/types\/page"}],"author":[{"embeddable":true,"href":"https:\/\/belae4uacademy.com\/vi\/wp-json\/wp\/v2\/users\/1"}],"replies":[{"embeddable":true,"href":"https:\/\/belae4uacademy.com\/vi\/wp-json\/wp\/v2\/comments?post=654"}],"version-history":[{"count":29,"href":"https:\/\/belae4uacademy.com\/vi\/wp-json\/wp\/v2\/pages\/654\/revisions"}],"predecessor-version":[{"id":1880,"href":"https:\/\/belae4uacademy.com\/vi\/wp-json\/wp\/v2\/pages\/654\/revisions\/1880"}],"wp:attachment":[{"href":"https:\/\/belae4uacademy.com\/vi\/wp-json\/wp\/v2\/media?parent=654"}],"curies":[{"name":"wp","href":"https:\/\/api.w.org\/{rel}","templated":true}]}}